{"id":1039,"date":"2020-12-21T08:32:51","date_gmt":"2020-12-21T08:32:51","guid":{"rendered":"https:\/\/www.hlf.ma\/qui-sommes-nous\/"},"modified":"2022-04-12T09:41:35","modified_gmt":"2022-04-12T09:41:35","slug":"qui-sommes-nous","status":"publish","type":"page","link":"https:\/\/www.hlf.ma\/fr\/qui-sommes-nous\/","title":{"rendered":"Qui sommes-nous"},"content":{"rendered":"<p>[vc_row css_animation=&#8221;&#8221; row_type=&#8221;row&#8221; use_row_as_full_screen_section=&#8221;no&#8221; type=&#8221;grid&#8221; angled_section=&#8221;no&#8221; text_align=&#8221;left&#8221; background_image_as_pattern=&#8221;without_pattern&#8221; css=&#8221;.vc_custom_1608126327649{padding-top: 100px !important;padding-bottom: 45px !important;background-color: #ffffff !important;}&#8221; z_index=&#8221;&#8221;][vc_column][qode_elements_holder number_of_columns=&#8221;two_columns&#8221; switch_to_one_column=&#8221;1000&#8243;][qode_elements_holder_item advanced_animations=&#8221;no&#8221; item_padding=&#8221;0 25px 0 0&#8243;][vc_single_image image=&#8221;1217&#8243; img_size=&#8221;full&#8221; qode_css_animation=&#8221;&#8221;][\/qode_elements_holder_item][qode_elements_holder_item advanced_animations=&#8221;no&#8221; item_padding=&#8221;0 0 125px 25px&#8221; item_padding_1280_1440=&#8221;0 0 65px 25px&#8221; item_padding_1024_1280=&#8221;0 0 14px 25px&#8221; item_padding_600_768=&#8221;40px 0px 0px 0px&#8221; item_padding_480=&#8221;40px 0px 0px 0px&#8221;][vc_column_text]<\/p>\n<h2 style=\"font-size: 36px;\">Un cabinet a dimension humaine<\/h2>\n<p>[\/vc_column_text][vc_empty_space height=&#8221;14px&#8221;][vc_column_text]<span style=\"color: #666666;\"><strong>Cr\u00e9\u00e9 en 1999<\/strong><br \/>\n<\/span>[\/vc_column_text][vc_empty_space height=&#8221;27px&#8221;][vc_column_text]Depuis plus de vingt ans, nos \u00e9quipes d&#8217;avocats et de juristes ont acquis une exp\u00e9rience confirm\u00e9e en mati\u00e8re d&#8217;accompagnement d&#8217;investisseurs, tant nationaux qu&#8217;internationaux et fournissent habituellement leur assistance juridique ainsi que leurs r\u00e9seaux institutionnels, dans le cadre d&#8217;op\u00e9rations de croissance externe et de d\u00e9veloppement \u00e0 l&#8217;international.[\/vc_column_text][vc_empty_space height=&#8221;35px&#8221;]\n\n\t<a href=\"\/fr\/qui-sommes-nous\/presentation\" target=\"_self\" style=\"color: #ffffff;background-color: #943b3b;font-size: 13px;font-weight: 600;margin: 0 0 0 0\" class=\"qode-btn qode-btn-medium qode-btn-solid qode-btn-custom-hover-color qode-btn-icon qode-btn-icon-square qode-btn-icon-rotate\" data-hover-color=\"#ffffff\" >\n\t    <span class=\"qode-btn-text\">En savoir plus<\/span><span class=\"qode-button-v2-icon-holder\" style=\"font-size: 19px;border-color: #943b3b;background-color: #bc6565\" ><span aria-hidden=\"true\" class=\"qode_icon_font_elegant icon_plus qode-button-v2-icon-holder-inner\" ><\/span><\/span>\t<\/a>\n\n[vc_empty_space height=&#8221;64px&#8221;][\/qode_elements_holder_item][\/qode_elements_holder][\/vc_column][\/vc_row][vc_row css_animation=&#8221;&#8221; row_type=&#8221;row&#8221; use_row_as_full_screen_section=&#8221;no&#8221; type=&#8221;full_width&#8221; angled_section=&#8221;no&#8221; text_align=&#8221;center&#8221; background_image_as_pattern=&#8221;without_pattern&#8221; css=&#8221;.vc_custom_1620560576614{padding-top: 120px !important;padding-bottom: 120px !important;background-image: url(https:\/\/www.hlf.ma\/wp-content\/uploads\/2021\/05\/valeurs1.jpg?id=1657) !important;}&#8221; z_index=&#8221;&#8221;][vc_column][vc_column_text]<\/p>\n<h2 style=\"color: #ffffff;\">Nos valeurs<\/h2>\n<p>[\/vc_column_text][vc_empty_space height=&#8221;20px&#8221;][vc_column_text]<\/p>\n<p style=\"text-align: center;\"><strong><span style=\"color: #ffffff;\">En toutes circonstances, les avocats et les collaborateurs de DS-HLF veillent \u00e0 ce que leurs actions soient conformes \u00e0 nos valeurs fondamentales.<\/span><\/strong><\/p>\n<p>[\/vc_column_text][vc_empty_space height=&#8221;40px&#8221;]\n\n\t<a href=\"\/fr\/qui-sommes-nous\/nos-valeurs\" target=\"_self\" style=\"color: #ffffff;background-color: #943b3b;font-size: 13px;font-weight: 700\" class=\"qode-btn qode-btn-medium qode-btn-solid qode-btn-custom-hover-bg qode-btn-custom-hover-color qode-btn-custom-icon-bg-hover-color qode-btn-icon qode-btn-icon-square qode-btn-default-hover\" data-hover-bg-color=\"#943b3b\" data-hover-color=\"#ffffff\" >\n\t    <span class=\"qode-btn-text\">En savoir plus<\/span><span class=\"qode-button-v2-icon-holder\" style=\"font-size: 19px;border-color: #bc6565;background-color: #bc6565\" data-hover-icon-border-color=\"#bc6565\" data-hover-icon-bg-color=\"#bc6565\"><span aria-hidden=\"true\" class=\"qode_icon_font_elegant icon_plus qode-button-v2-icon-holder-inner\" ><\/span><\/span>\t<\/a>\n\n[\/vc_column][\/vc_row][vc_row css_animation=&#8221;&#8221; row_type=&#8221;row&#8221; use_row_as_full_screen_section=&#8221;no&#8221; type=&#8221;grid&#8221; angled_section=&#8221;no&#8221; text_align=&#8221;left&#8221; background_image_as_pattern=&#8221;without_pattern&#8221; css=&#8221;.vc_custom_1608126517037{padding-top: 90px !important;padding-bottom: 90px !important;background-color: #ffffff !important;}&#8221; z_index=&#8221;&#8221;][vc_column][qode_elements_holder number_of_columns=&#8221;two_columns&#8221; switch_to_one_column=&#8221;1000&#8243;][qode_elements_holder_item advanced_animations=&#8221;no&#8221; item_padding=&#8221;0 0 125px 25px&#8221; item_padding_1280_1440=&#8221;0 0 65px 25px&#8221; item_padding_1024_1280=&#8221;0 0 14px 25px&#8221; item_padding_600_768=&#8221;40px 0px 0px 0px&#8221; item_padding_480=&#8221;40px 0px 0px 0px&#8221;][vc_column_text]<\/p>\n<h2 style=\"font-size: 36px;\">Associations professionnelles<\/h2>\n<p>[\/vc_column_text][vc_empty_space height=&#8221;14px&#8221;][vc_column_text]<strong>Membre du Barreau de Casablanca<\/strong>[\/vc_column_text][vc_empty_space height=&#8221;27px&#8221;][vc_column_text css=&#8221;.vc_custom_1620640033781{padding-right: 50px !important;}&#8221;]Intervenant au c\u0153ur des projets d\u2019investissements \u00e9trangers, au Maroc et dans la R\u00e9gion MENA, HLF est, tout naturellement, membre de &#8230;[\/vc_column_text][vc_empty_space height=&#8221;27px&#8221;]\n\n\t<a href=\"\/fr\/qui-sommes-nous\/associations-professionnelles\" target=\"_self\" style=\"color: #ffffff;background-color: #943b3b;font-size: 13px;font-weight: 600;margin: 0 0 0 0\" class=\"qode-btn qode-btn-medium qode-btn-solid qode-btn-custom-hover-color qode-btn-icon qode-btn-icon-square qode-btn-icon-rotate\" data-hover-color=\"#ffffff\" >\n\t    <span class=\"qode-btn-text\">En savoir plus<\/span><span class=\"qode-button-v2-icon-holder\" style=\"font-size: 19px;border-color: #bc6565;background-color: #bc6565\" ><span aria-hidden=\"true\" class=\"qode_icon_font_elegant icon_plus qode-button-v2-icon-holder-inner\" ><\/span><\/span>\t<\/a>\n\n[vc_empty_space height=&#8221;64px&#8221;][\/qode_elements_holder_item][qode_elements_holder_item advanced_animations=&#8221;no&#8221; item_padding=&#8221;0 25px 0 0&#8243;][vc_single_image image=&#8221;1215&#8243; img_size=&#8221;full&#8221; qode_css_animation=&#8221;&#8221;][\/qode_elements_holder_item][\/qode_elements_holder][\/vc_column][\/vc_row]<\/p>\n","protected":false},"excerpt":{"rendered":"<p>[vc_row css_animation=&#8221;&#8221; row_type=&#8221;row&#8221; use_row_as_full_screen_section=&#8221;no&#8221; type=&#8221;grid&#8221; angled_section=&#8221;no&#8221; text_align=&#8221;left&#8221; background_image_as_pattern=&#8221;without_pattern&#8221; css=&#8221;.vc_custom_1608126327649{padding-top: 100px !important;padding-bottom: 45px !important;background-color: #ffffff !important;}&#8221; z_index=&#8221;&#8221;][vc_column][qode_elements_holder number_of_columns=&#8221;two_columns&#8221; switch_to_one_column=&#8221;1000&#8243;][qode_elements_holder_item advanced_animations=&#8221;no&#8221; item_padding=&#8221;0 25px 0 0&#8243;][vc_single_image image=&#8221;1217&#8243; img_size=&#8221;full&#8221; qode_css_animation=&#8221;&#8221;][\/qode_elements_holder_item][qode_elements_holder_item advanced_animations=&#8221;no&#8221; item_padding=&#8221;0 0 125px 25px&#8221; item_padding_1280_1440=&#8221;0 0 65px 25px&#8221; item_padding_1024_1280=&#8221;0 0 14px 25px&#8221; item_padding_600_768=&#8221;40px 0px 0px 0px&#8221; item_padding_480=&#8221;40px 0px&#8230;<\/p>\n","protected":false},"author":2,"featured_media":0,"parent":0,"menu_order":0,"comment_status":"closed","ping_status":"closed","template":"full_width.php","meta":{"inline_featured_image":false},"yoast_head":"<!-- This site is optimized with the Yoast SEO plugin v20.5 - https:\/\/yoast.com\/wordpress\/plugins\/seo\/ -->\n<title>Qui sommes-nous - DS | HAMZI LAW FIRM<\/title>\n<meta name=\"robots\" content=\"index, follow, max-snippet:-1, max-image-preview:large, max-video-preview:-1\" \/>\n<link rel=\"canonical\" href=\"https:\/\/www.hlf.ma\/fr\/qui-sommes-nous\/\" \/>\n<meta property=\"og:locale\" content=\"fr_FR\" \/>\n<meta property=\"og:type\" content=\"article\" \/>\n<meta property=\"og:title\" content=\"Qui sommes-nous - DS | HAMZI LAW FIRM\" \/>\n<meta property=\"og:description\" content=\"[vc_row css_animation=&#8221;&#8221; row_type=&#8221;row&#8221; use_row_as_full_screen_section=&#8221;no&#8221; type=&#8221;grid&#8221; angled_section=&#8221;no&#8221; text_align=&#8221;left&#8221; background_image_as_pattern=&#8221;without_pattern&#8221; css=&#8221;.vc_custom_1608126327649{padding-top: 100px !important;padding-bottom: 45px !important;background-color: #ffffff !important;}&#8221; z_index=&#8221;&#8221;][vc_column][qode_elements_holder number_of_columns=&#8221;two_columns&#8221; switch_to_one_column=&#8221;1000&#8243;][qode_elements_holder_item advanced_animations=&#8221;no&#8221; item_padding=&#8221;0 25px 0 0&#8243;][vc_single_image image=&#8221;1217&#8243; img_size=&#8221;full&#8221; qode_css_animation=&#8221;&#8221;][\/qode_elements_holder_item][qode_elements_holder_item advanced_animations=&#8221;no&#8221; item_padding=&#8221;0 0 125px 25px&#8221; item_padding_1280_1440=&#8221;0 0 65px 25px&#8221; item_padding_1024_1280=&#8221;0 0 14px 25px&#8221; item_padding_600_768=&#8221;40px 0px 0px 0px&#8221; item_padding_480=&#8221;40px 0px...\" \/>\n<meta property=\"og:url\" content=\"https:\/\/www.hlf.ma\/fr\/qui-sommes-nous\/\" \/>\n<meta property=\"og:site_name\" content=\"DS | HAMZI LAW FIRM\" \/>\n<meta property=\"article:modified_time\" content=\"2022-04-12T09:41:35+00:00\" \/>\n<meta name=\"twitter:card\" content=\"summary_large_image\" \/>\n<meta name=\"twitter:label1\" content=\"Est. reading time\" \/>\n\t<meta name=\"twitter:data1\" content=\"2 minutes\" \/>\n<script type=\"application\/ld+json\" class=\"yoast-schema-graph\">{\"@context\":\"https:\/\/schema.org\",\"@graph\":[{\"@type\":\"WebPage\",\"@id\":\"https:\/\/www.hlf.ma\/fr\/qui-sommes-nous\/\",\"url\":\"https:\/\/www.hlf.ma\/fr\/qui-sommes-nous\/\",\"name\":\"Qui sommes-nous - DS | HAMZI LAW FIRM\",\"isPartOf\":{\"@id\":\"https:\/\/www.hlf.ma\/fr\/#website\"},\"datePublished\":\"2020-12-21T08:32:51+00:00\",\"dateModified\":\"2022-04-12T09:41:35+00:00\",\"breadcrumb\":{\"@id\":\"https:\/\/www.hlf.ma\/fr\/qui-sommes-nous\/#breadcrumb\"},\"inLanguage\":\"fr-FR\",\"potentialAction\":[{\"@type\":\"ReadAction\",\"target\":[\"https:\/\/www.hlf.ma\/fr\/qui-sommes-nous\/\"]}]},{\"@type\":\"BreadcrumbList\",\"@id\":\"https:\/\/www.hlf.ma\/fr\/qui-sommes-nous\/#breadcrumb\",\"itemListElement\":[{\"@type\":\"ListItem\",\"position\":1,\"name\":\"Home\",\"item\":\"https:\/\/www.hlf.ma\/fr\/\"},{\"@type\":\"ListItem\",\"position\":2,\"name\":\"Qui sommes-nous\"}]},{\"@type\":\"WebSite\",\"@id\":\"https:\/\/www.hlf.ma\/fr\/#website\",\"url\":\"https:\/\/www.hlf.ma\/fr\/\",\"name\":\"DS | HAMZI LAW FIRM\",\"description\":\"Unis pour construire\",\"potentialAction\":[{\"@type\":\"SearchAction\",\"target\":{\"@type\":\"EntryPoint\",\"urlTemplate\":\"https:\/\/www.hlf.ma\/fr\/?s={search_term_string}\"},\"query-input\":\"required name=search_term_string\"}],\"inLanguage\":\"fr-FR\"}]}<\/script>\n<!-- \/ Yoast SEO plugin. -->","yoast_head_json":{"title":"Qui sommes-nous - DS | HAMZI LAW FIRM","robots":{"index":"index","follow":"follow","max-snippet":"max-snippet:-1","max-image-preview":"max-image-preview:large","max-video-preview":"max-video-preview:-1"},"canonical":"https:\/\/www.hlf.ma\/fr\/qui-sommes-nous\/","og_locale":"fr_FR","og_type":"article","og_title":"Qui sommes-nous - DS | HAMZI LAW FIRM","og_description":"[vc_row css_animation=&#8221;&#8221; row_type=&#8221;row&#8221; use_row_as_full_screen_section=&#8221;no&#8221; type=&#8221;grid&#8221; angled_section=&#8221;no&#8221; text_align=&#8221;left&#8221; background_image_as_pattern=&#8221;without_pattern&#8221; css=&#8221;.vc_custom_1608126327649{padding-top: 100px !important;padding-bottom: 45px !important;background-color: #ffffff !important;}&#8221; z_index=&#8221;&#8221;][vc_column][qode_elements_holder number_of_columns=&#8221;two_columns&#8221; switch_to_one_column=&#8221;1000&#8243;][qode_elements_holder_item advanced_animations=&#8221;no&#8221; item_padding=&#8221;0 25px 0 0&#8243;][vc_single_image image=&#8221;1217&#8243; img_size=&#8221;full&#8221; qode_css_animation=&#8221;&#8221;][\/qode_elements_holder_item][qode_elements_holder_item advanced_animations=&#8221;no&#8221; item_padding=&#8221;0 0 125px 25px&#8221; item_padding_1280_1440=&#8221;0 0 65px 25px&#8221; item_padding_1024_1280=&#8221;0 0 14px 25px&#8221; item_padding_600_768=&#8221;40px 0px 0px 0px&#8221; item_padding_480=&#8221;40px 0px...","og_url":"https:\/\/www.hlf.ma\/fr\/qui-sommes-nous\/","og_site_name":"DS | HAMZI LAW FIRM","article_modified_time":"2022-04-12T09:41:35+00:00","twitter_card":"summary_large_image","twitter_misc":{"Est. reading time":"2 minutes"},"schema":{"@context":"https:\/\/schema.org","@graph":[{"@type":"WebPage","@id":"https:\/\/www.hlf.ma\/fr\/qui-sommes-nous\/","url":"https:\/\/www.hlf.ma\/fr\/qui-sommes-nous\/","name":"Qui sommes-nous - DS | HAMZI LAW FIRM","isPartOf":{"@id":"https:\/\/www.hlf.ma\/fr\/#website"},"datePublished":"2020-12-21T08:32:51+00:00","dateModified":"2022-04-12T09:41:35+00:00","breadcrumb":{"@id":"https:\/\/www.hlf.ma\/fr\/qui-sommes-nous\/#breadcrumb"},"inLanguage":"fr-FR","potentialAction":[{"@type":"ReadAction","target":["https:\/\/www.hlf.ma\/fr\/qui-sommes-nous\/"]}]},{"@type":"BreadcrumbList","@id":"https:\/\/www.hlf.ma\/fr\/qui-sommes-nous\/#breadcrumb","itemListElement":[{"@type":"ListItem","position":1,"name":"Home","item":"https:\/\/www.hlf.ma\/fr\/"},{"@type":"ListItem","position":2,"name":"Qui sommes-nous"}]},{"@type":"WebSite","@id":"https:\/\/www.hlf.ma\/fr\/#website","url":"https:\/\/www.hlf.ma\/fr\/","name":"DS | HAMZI LAW FIRM","description":"Unis pour construire","potentialAction":[{"@type":"SearchAction","target":{"@type":"EntryPoint","urlTemplate":"https:\/\/www.hlf.ma\/fr\/?s={search_term_string}"},"query-input":"required name=search_term_string"}],"inLanguage":"fr-FR"}]}},"_links":{"self":[{"href":"https:\/\/www.hlf.ma\/fr\/wp-json\/wp\/v2\/pages\/1039"}],"collection":[{"href":"https:\/\/www.hlf.ma\/fr\/wp-json\/wp\/v2\/pages"}],"about":[{"href":"https:\/\/www.hlf.ma\/fr\/wp-json\/wp\/v2\/types\/page"}],"author":[{"embeddable":true,"href":"https:\/\/www.hlf.ma\/fr\/wp-json\/wp\/v2\/users\/2"}],"replies":[{"embeddable":true,"href":"https:\/\/www.hlf.ma\/fr\/wp-json\/wp\/v2\/comments?post=1039"}],"version-history":[{"count":5,"href":"https:\/\/www.hlf.ma\/fr\/wp-json\/wp\/v2\/pages\/1039\/revisions"}],"predecessor-version":[{"id":1846,"href":"https:\/\/www.hlf.ma\/fr\/wp-json\/wp\/v2\/pages\/1039\/revisions\/1846"}],"wp:attachment":[{"href":"https:\/\/www.hlf.ma\/fr\/wp-json\/wp\/v2\/media?parent=1039"}],"curies":[{"name":"wp","href":"https:\/\/api.w.org\/{rel}","templated":true}]}}