{"id":1046,"date":"2020-12-21T08:40:15","date_gmt":"2020-12-21T08:40:15","guid":{"rendered":"https:\/\/www.hlf.ma\/qui-sommes-nous\/nos-valeurs\/"},"modified":"2021-05-10T09:49:33","modified_gmt":"2021-05-10T09:49:33","slug":"nos-valeurs","status":"publish","type":"page","link":"https:\/\/www.hlf.ma\/fr\/qui-sommes-nous\/nos-valeurs\/","title":{"rendered":"Nos valeurs"},"content":{"rendered":"<p>[vc_row css_animation=&#8221;&#8221; row_type=&#8221;row&#8221; use_row_as_full_screen_section=&#8221;no&#8221; type=&#8221;full_width&#8221; angled_section=&#8221;no&#8221; text_align=&#8221;left&#8221; background_image_as_pattern=&#8221;without_pattern&#8221; el_class=&#8221;container_inner margin_auto&#8221; z_index=&#8221;&#8221;][vc_column][vc_empty_space height=&#8221;45px&#8221;][vc_column_text]En toutes circonstances, les avocats et les collaborateurs de HLF veillent \u00e0 ce que leurs actions soient conformes \u00e0 nos valeurs fondamentales :<\/p>\n<p>&nbsp;<\/p>\n<h2 style=\"font-size: 28px; color: #ba6262;\">R\u00e9activit\u00e9<\/h2>\n<p>Parce que nous comprenons que des orientations strat\u00e9giques pour la vie de votre entreprise doivent souvent \u00eatre d\u00e9cid\u00e9es rapidement, nous nous engageons \u00e0 vous r\u00e9pondre dans l&#8217;heure qui suit la r\u00e9ception de votre email et \u00e0 vous fournir l&#8217;accompagnement requis dans un d\u00e9lai maximum de 05 jours ouvr\u00e9s sauf urgence sp\u00e9cifique.<\/p>\n<p>&nbsp;<\/p>\n<h2 style=\"font-size: 28px; color: #ba6262;\">Ethique<\/h2>\n<p>Reconnues par nos pairs, nos interlocuteurs du monde judiciaire, et nos clients, l\u2019int\u00e9grit\u00e9 et la rigueur morale de nos avocats et collaborateurs garantissent le traitement des dossiers dans le respect strict de la confidentialit\u00e9, avec clart\u00e9 et transparence.<\/p>\n<p>&nbsp;<\/p>\n<h2 style=\"font-size: 28px; color: #ba6262;\">Excellence &amp; innovation<\/h2>\n<p>Dans une approche personnalis\u00e9e, notre principal objectif est de comprendre au mieux les besoins de nos clients, voire de les anticiper, afin d\u2019identifier les moyens les plus efficaces et les plus s\u00e9curis\u00e9s, pour y r\u00e9pondre.[\/vc_column_text][vc_empty_space height=&#8221;45px&#8221;][\/vc_column][\/vc_row]<\/p>\n","protected":false},"excerpt":{"rendered":"<p>[vc_row css_animation=&#8221;&#8221; row_type=&#8221;row&#8221; use_row_as_full_screen_section=&#8221;no&#8221; type=&#8221;full_width&#8221; angled_section=&#8221;no&#8221; text_align=&#8221;left&#8221; background_image_as_pattern=&#8221;without_pattern&#8221; el_class=&#8221;container_inner margin_auto&#8221; z_index=&#8221;&#8221;][vc_column][vc_empty_space height=&#8221;45px&#8221;][vc_column_text]En toutes circonstances, les avocats et les collaborateurs de HLF veillent \u00e0 ce que leurs actions soient conformes \u00e0 nos valeurs fondamentales : &nbsp; R\u00e9activit\u00e9 Parce que nous comprenons que des orientations strat\u00e9giques pour&#8230;<\/p>\n","protected":false},"author":2,"featured_media":0,"parent":1039,"menu_order":0,"comment_status":"closed","ping_status":"closed","template":"full_width.php","meta":{"inline_featured_image":false},"yoast_head":"<!-- This site is optimized with the Yoast SEO plugin v20.5 - https:\/\/yoast.com\/wordpress\/plugins\/seo\/ -->\n<title>Nos valeurs - DS | HAMZI LAW FIRM<\/title>\n<meta name=\"robots\" content=\"index, follow, max-snippet:-1, max-image-preview:large, max-video-preview:-1\" \/>\n<link rel=\"canonical\" href=\"https:\/\/www.hlf.ma\/fr\/qui-sommes-nous\/nos-valeurs\/\" \/>\n<meta property=\"og:locale\" content=\"fr_FR\" \/>\n<meta property=\"og:type\" content=\"article\" \/>\n<meta property=\"og:title\" content=\"Nos valeurs - DS | HAMZI LAW FIRM\" \/>\n<meta property=\"og:description\" content=\"[vc_row css_animation=&#8221;&#8221; row_type=&#8221;row&#8221; use_row_as_full_screen_section=&#8221;no&#8221; type=&#8221;full_width&#8221; angled_section=&#8221;no&#8221; text_align=&#8221;left&#8221; background_image_as_pattern=&#8221;without_pattern&#8221; el_class=&#8221;container_inner margin_auto&#8221; z_index=&#8221;&#8221;][vc_column][vc_empty_space height=&#8221;45px&#8221;][vc_column_text]En toutes circonstances, les avocats et les collaborateurs de HLF veillent \u00e0 ce que leurs actions soient conformes \u00e0 nos valeurs fondamentales : &nbsp; R\u00e9activit\u00e9 Parce que nous comprenons que des orientations strat\u00e9giques pour...\" \/>\n<meta property=\"og:url\" content=\"https:\/\/www.hlf.ma\/fr\/qui-sommes-nous\/nos-valeurs\/\" \/>\n<meta property=\"og:site_name\" content=\"DS | HAMZI LAW FIRM\" \/>\n<meta property=\"article:modified_time\" content=\"2021-05-10T09:49:33+00:00\" \/>\n<meta name=\"twitter:card\" content=\"summary_large_image\" \/>\n<meta name=\"twitter:label1\" content=\"Est. reading time\" \/>\n\t<meta name=\"twitter:data1\" content=\"1 minute\" \/>\n<script type=\"application\/ld+json\" class=\"yoast-schema-graph\">{\"@context\":\"https:\/\/schema.org\",\"@graph\":[{\"@type\":\"WebPage\",\"@id\":\"https:\/\/www.hlf.ma\/fr\/qui-sommes-nous\/nos-valeurs\/\",\"url\":\"https:\/\/www.hlf.ma\/fr\/qui-sommes-nous\/nos-valeurs\/\",\"name\":\"Nos valeurs - DS | HAMZI LAW FIRM\",\"isPartOf\":{\"@id\":\"https:\/\/www.hlf.ma\/fr\/#website\"},\"datePublished\":\"2020-12-21T08:40:15+00:00\",\"dateModified\":\"2021-05-10T09:49:33+00:00\",\"breadcrumb\":{\"@id\":\"https:\/\/www.hlf.ma\/fr\/qui-sommes-nous\/nos-valeurs\/#breadcrumb\"},\"inLanguage\":\"fr-FR\",\"potentialAction\":[{\"@type\":\"ReadAction\",\"target\":[\"https:\/\/www.hlf.ma\/fr\/qui-sommes-nous\/nos-valeurs\/\"]}]},{\"@type\":\"BreadcrumbList\",\"@id\":\"https:\/\/www.hlf.ma\/fr\/qui-sommes-nous\/nos-valeurs\/#breadcrumb\",\"itemListElement\":[{\"@type\":\"ListItem\",\"position\":1,\"name\":\"Home\",\"item\":\"https:\/\/www.hlf.ma\/fr\/\"},{\"@type\":\"ListItem\",\"position\":2,\"name\":\"Qui sommes-nous\",\"item\":\"https:\/\/www.hlf.ma\/fr\/qui-sommes-nous\/\"},{\"@type\":\"ListItem\",\"position\":3,\"name\":\"Nos valeurs\"}]},{\"@type\":\"WebSite\",\"@id\":\"https:\/\/www.hlf.ma\/fr\/#website\",\"url\":\"https:\/\/www.hlf.ma\/fr\/\",\"name\":\"DS | HAMZI LAW FIRM\",\"description\":\"Unis pour construire\",\"potentialAction\":[{\"@type\":\"SearchAction\",\"target\":{\"@type\":\"EntryPoint\",\"urlTemplate\":\"https:\/\/www.hlf.ma\/fr\/?s={search_term_string}\"},\"query-input\":\"required name=search_term_string\"}],\"inLanguage\":\"fr-FR\"}]}<\/script>\n<!-- \/ Yoast SEO plugin. -->","yoast_head_json":{"title":"Nos valeurs - DS | HAMZI LAW FIRM","robots":{"index":"index","follow":"follow","max-snippet":"max-snippet:-1","max-image-preview":"max-image-preview:large","max-video-preview":"max-video-preview:-1"},"canonical":"https:\/\/www.hlf.ma\/fr\/qui-sommes-nous\/nos-valeurs\/","og_locale":"fr_FR","og_type":"article","og_title":"Nos valeurs - DS | HAMZI LAW FIRM","og_description":"[vc_row css_animation=&#8221;&#8221; row_type=&#8221;row&#8221; use_row_as_full_screen_section=&#8221;no&#8221; type=&#8221;full_width&#8221; angled_section=&#8221;no&#8221; text_align=&#8221;left&#8221; background_image_as_pattern=&#8221;without_pattern&#8221; el_class=&#8221;container_inner margin_auto&#8221; z_index=&#8221;&#8221;][vc_column][vc_empty_space height=&#8221;45px&#8221;][vc_column_text]En toutes circonstances, les avocats et les collaborateurs de HLF veillent \u00e0 ce que leurs actions soient conformes \u00e0 nos valeurs fondamentales : &nbsp; R\u00e9activit\u00e9 Parce que nous comprenons que des orientations strat\u00e9giques pour...","og_url":"https:\/\/www.hlf.ma\/fr\/qui-sommes-nous\/nos-valeurs\/","og_site_name":"DS | HAMZI LAW FIRM","article_modified_time":"2021-05-10T09:49:33+00:00","twitter_card":"summary_large_image","twitter_misc":{"Est. reading time":"1 minute"},"schema":{"@context":"https:\/\/schema.org","@graph":[{"@type":"WebPage","@id":"https:\/\/www.hlf.ma\/fr\/qui-sommes-nous\/nos-valeurs\/","url":"https:\/\/www.hlf.ma\/fr\/qui-sommes-nous\/nos-valeurs\/","name":"Nos valeurs - DS | HAMZI LAW FIRM","isPartOf":{"@id":"https:\/\/www.hlf.ma\/fr\/#website"},"datePublished":"2020-12-21T08:40:15+00:00","dateModified":"2021-05-10T09:49:33+00:00","breadcrumb":{"@id":"https:\/\/www.hlf.ma\/fr\/qui-sommes-nous\/nos-valeurs\/#breadcrumb"},"inLanguage":"fr-FR","potentialAction":[{"@type":"ReadAction","target":["https:\/\/www.hlf.ma\/fr\/qui-sommes-nous\/nos-valeurs\/"]}]},{"@type":"BreadcrumbList","@id":"https:\/\/www.hlf.ma\/fr\/qui-sommes-nous\/nos-valeurs\/#breadcrumb","itemListElement":[{"@type":"ListItem","position":1,"name":"Home","item":"https:\/\/www.hlf.ma\/fr\/"},{"@type":"ListItem","position":2,"name":"Qui sommes-nous","item":"https:\/\/www.hlf.ma\/fr\/qui-sommes-nous\/"},{"@type":"ListItem","position":3,"name":"Nos valeurs"}]},{"@type":"WebSite","@id":"https:\/\/www.hlf.ma\/fr\/#website","url":"https:\/\/www.hlf.ma\/fr\/","name":"DS | HAMZI LAW FIRM","description":"Unis pour construire","potentialAction":[{"@type":"SearchAction","target":{"@type":"EntryPoint","urlTemplate":"https:\/\/www.hlf.ma\/fr\/?s={search_term_string}"},"query-input":"required name=search_term_string"}],"inLanguage":"fr-FR"}]}},"_links":{"self":[{"href":"https:\/\/www.hlf.ma\/fr\/wp-json\/wp\/v2\/pages\/1046"}],"collection":[{"href":"https:\/\/www.hlf.ma\/fr\/wp-json\/wp\/v2\/pages"}],"about":[{"href":"https:\/\/www.hlf.ma\/fr\/wp-json\/wp\/v2\/types\/page"}],"author":[{"embeddable":true,"href":"https:\/\/www.hlf.ma\/fr\/wp-json\/wp\/v2\/users\/2"}],"replies":[{"embeddable":true,"href":"https:\/\/www.hlf.ma\/fr\/wp-json\/wp\/v2\/comments?post=1046"}],"version-history":[{"count":5,"href":"https:\/\/www.hlf.ma\/fr\/wp-json\/wp\/v2\/pages\/1046\/revisions"}],"predecessor-version":[{"id":1708,"href":"https:\/\/www.hlf.ma\/fr\/wp-json\/wp\/v2\/pages\/1046\/revisions\/1708"}],"up":[{"embeddable":true,"href":"https:\/\/www.hlf.ma\/fr\/wp-json\/wp\/v2\/pages\/1039"}],"wp:attachment":[{"href":"https:\/\/www.hlf.ma\/fr\/wp-json\/wp\/v2\/media?parent=1046"}],"curies":[{"name":"wp","href":"https:\/\/api.w.org\/{rel}","templated":true}]}}