{"id":1059,"date":"2020-12-21T08:57:29","date_gmt":"2020-12-21T08:57:29","guid":{"rendered":"https:\/\/www.hlf.ma\/nos-equipes\/"},"modified":"2021-05-10T09:53:18","modified_gmt":"2021-05-10T09:53:18","slug":"nos-equipes","status":"publish","type":"page","link":"https:\/\/www.hlf.ma\/fr\/nos-equipes\/","title":{"rendered":"Nos \u00e9quipes"},"content":{"rendered":"<p>[vc_row css_animation=&#8221;&#8221; row_type=&#8221;row&#8221; use_row_as_full_screen_section=&#8221;no&#8221; type=&#8221;full_width&#8221; angled_section=&#8221;no&#8221; text_align=&#8221;left&#8221; background_image_as_pattern=&#8221;without_pattern&#8221;][vc_column][vc_column_text]Le Cabinet dispose d\u2019\u00e9quipes multidisciplinaires, form\u00e9es de juristes et d\u2019avocats, hautement qualifi\u00e9s et poss\u00e9dant un large \u00e9ventail de comp\u00e9tences.<\/p>\n<p>&nbsp;<\/p>\n<h2 style=\"font-size: 28px; color: #ba6262;\">Contacts cl\u00e9s<\/h2>\n<p>[\/vc_column_text][vc_empty_space height=&#8221;0px&#8221;][vc_row_inner row_type=&#8221;row&#8221; type=&#8221;full_width&#8221; text_align=&#8221;left&#8221; css_animation=&#8221;&#8221; css=&#8221;.vc_custom_1608121312030{margin-top: 45px !important;margin-bottom: 45px !important;}&#8221;][vc_column_inner el_class=&#8221;team-mate&#8221; width=&#8221;1\/4&#8243;]<div class=\"image_with_text\"><img itemprop=\"image\" src=\"https:\/\/www.hlf.ma\/wp-content\/uploads\/2021\/01\/zineb-hamzi-1.jpg\" alt=\"\" \/><h3 style=\"color:#000000;\"><\/h3><span style=\"margin: 6px 0px;\" class=\"separator transparent\"><\/span><a style=\"text-decoration: none;\" href=\"https:\/\/www.hlf.ma\/fr\/nos-equipes\/zineb-hamzi\/\"><strong>Zineb Hamzi<\/strong><\/a><\/p>\n<p>Avocate au Barreau de Casablanca<\/p>\n<p>Agr\u00e9\u00e9e pr\u00e8s la Cour de Cassation Marocaine<\/p>\n<p>Arbitre et m\u00e9diateur<\/div>[\/vc_column_inner][vc_column_inner el_class=&#8221;team-mate&#8221; width=&#8221;1\/4&#8243;]<div class=\"image_with_text\"><img itemprop=\"image\" src=\"https:\/\/www.hlf.ma\/wp-content\/uploads\/2021\/01\/patrice-mouchon.jpg\" alt=\"\" \/><h3 style=\"color:#000000;\"><\/h3><span style=\"margin: 6px 0px;\" class=\"separator transparent\"><\/span><a style=\"text-decoration: none;\" href=\"https:\/\/www.hlf.ma\/fr\/nos-equipes\/patrice-mouchon\/\"><strong>Patrice Mouchon<\/strong><\/a><\/p>\n<p>Avocat \u00e0 la Cour d\u2019Appel de Paris<\/p>\n<p>Arbitre et m\u00e9diateur<\/div>[\/vc_column_inner][vc_column_inner el_class=&#8221;team-mate&#8221; width=&#8221;1\/4&#8243;]<div class=\"image_with_text\"><img itemprop=\"image\" src=\"https:\/\/www.hlf.ma\/wp-content\/uploads\/2020\/12\/imageedit_1_4527011964.png\" alt=\"\" \/><h3 ><\/h3><span style=\"margin: 6px 0px;\" class=\"separator transparent\"><\/span><a style=\"text-decoration: none;\" href=\"https:\/\/www.hlf.ma\/fr\/nos-equipes\/contacts-cles\/\"><strong>Nos \u00e9quipes au service de nos clients<\/strong><\/a><\/div>[\/vc_column_inner][vc_column_inner width=&#8221;1\/4&#8243;][\/vc_column_inner][\/vc_row_inner][\/vc_column][\/vc_row][vc_row css_animation=&#8221;&#8221; row_type=&#8221;row&#8221; use_row_as_full_screen_section=&#8221;no&#8221; type=&#8221;full_width&#8221; angled_section=&#8221;no&#8221; text_align=&#8221;left&#8221; background_image_as_pattern=&#8221;without_pattern&#8221;][vc_column][vc_raw_js]JTNDc2NyaXB0JTNFJTBBJTA5dmFyJTIwdGVhbU1hdGUlMjAlM0QlMjBkb2N1bWVudC5xdWVyeVNlbGVjdG9yQWxsJTI4JTI3LmltYWdlX3dpdGhfdGV4dCUyNyUyOSUzQiUwQSUwOSU1QiU1RC5mb3JFYWNoLmNhbGwlMjh0ZWFtTWF0ZSUyQyUyMGZ1bmN0aW9uJTIwJTI4bm9kZSUyOSUyMCU3QiUwQSUwOSUwOW5vZGUub25jbGljayUyMCUzRCUyMGZ1bmN0aW9uJTIwJTI4JTI5JTIwJTdCJTBBJTA5JTA5JTA5dGhpcy5xdWVyeVNlbGVjdG9yJTI4JTI3YSUyNyUyOS5jbGljayUyOCUyOSUzQiUwQSUwOSUwOSU3RCUzQiUwQSUwOSU3RCUyOSUzQiUwQSUzQyUyRnNjcmlwdCUzRQ==[\/vc_raw_js][\/vc_column][\/vc_row]<\/p>\n","protected":false},"excerpt":{"rendered":"<p>[vc_row css_animation=&#8221;&#8221; row_type=&#8221;row&#8221; use_row_as_full_screen_section=&#8221;no&#8221; type=&#8221;full_width&#8221; angled_section=&#8221;no&#8221; text_align=&#8221;left&#8221; background_image_as_pattern=&#8221;without_pattern&#8221;][vc_column][vc_column_text]Le Cabinet dispose d\u2019\u00e9quipes multidisciplinaires, form\u00e9es de juristes et d\u2019avocats, hautement qualifi\u00e9s et poss\u00e9dant un large \u00e9ventail de comp\u00e9tences. &nbsp; Contacts cl\u00e9s [\/vc_column_text][vc_empty_space height=&#8221;0px&#8221;][vc_row_inner row_type=&#8221;row&#8221; type=&#8221;full_width&#8221; text_align=&#8221;left&#8221; css_animation=&#8221;&#8221; css=&#8221;.vc_custom_1608121312030{margin-top: 45px !important;margin-bottom: 45px !important;}&#8221;][vc_column_inner el_class=&#8221;team-mate&#8221; width=&#8221;1\/4&#8243;][\/vc_column_inner][vc_column_inner el_class=&#8221;team-mate&#8221; width=&#8221;1\/4&#8243;][\/vc_column_inner][vc_column_inner el_class=&#8221;team-mate&#8221;&#8230;<\/p>\n","protected":false},"author":2,"featured_media":0,"parent":0,"menu_order":0,"comment_status":"closed","ping_status":"closed","template":"","meta":{"inline_featured_image":false},"yoast_head":"<!-- This site is optimized with the Yoast SEO plugin v20.5 - https:\/\/yoast.com\/wordpress\/plugins\/seo\/ -->\n<title>Nos \u00e9quipes - DS | HAMZI LAW FIRM<\/title>\n<meta name=\"robots\" content=\"index, follow, max-snippet:-1, max-image-preview:large, max-video-preview:-1\" \/>\n<link rel=\"canonical\" href=\"https:\/\/www.hlf.ma\/fr\/nos-equipes\/\" \/>\n<meta property=\"og:locale\" content=\"fr_FR\" \/>\n<meta property=\"og:type\" content=\"article\" \/>\n<meta property=\"og:title\" content=\"Nos \u00e9quipes - DS | HAMZI LAW FIRM\" \/>\n<meta property=\"og:description\" content=\"[vc_row css_animation=&#8221;&#8221; row_type=&#8221;row&#8221; use_row_as_full_screen_section=&#8221;no&#8221; type=&#8221;full_width&#8221; angled_section=&#8221;no&#8221; text_align=&#8221;left&#8221; background_image_as_pattern=&#8221;without_pattern&#8221;][vc_column][vc_column_text]Le Cabinet dispose d\u2019\u00e9quipes multidisciplinaires, form\u00e9es de juristes et d\u2019avocats, hautement qualifi\u00e9s et poss\u00e9dant un large \u00e9ventail de comp\u00e9tences. &nbsp; Contacts cl\u00e9s [\/vc_column_text][vc_empty_space height=&#8221;0px&#8221;][vc_row_inner row_type=&#8221;row&#8221; type=&#8221;full_width&#8221; text_align=&#8221;left&#8221; css_animation=&#8221;&#8221; css=&#8221;.vc_custom_1608121312030{margin-top: 45px !important;margin-bottom: 45px !important;}&#8221;][vc_column_inner el_class=&#8221;team-mate&#8221; width=&#8221;1\/4&#8243;][\/vc_column_inner][vc_column_inner el_class=&#8221;team-mate&#8221; width=&#8221;1\/4&#8243;][\/vc_column_inner][vc_column_inner el_class=&#8221;team-mate&#8221;...\" \/>\n<meta property=\"og:url\" content=\"https:\/\/www.hlf.ma\/fr\/nos-equipes\/\" \/>\n<meta property=\"og:site_name\" content=\"DS | HAMZI LAW FIRM\" \/>\n<meta property=\"article:modified_time\" content=\"2021-05-10T09:53:18+00:00\" \/>\n<meta name=\"twitter:card\" content=\"summary_large_image\" \/>\n<meta name=\"twitter:label1\" content=\"Est. reading time\" \/>\n\t<meta name=\"twitter:data1\" content=\"1 minute\" \/>\n<script type=\"application\/ld+json\" class=\"yoast-schema-graph\">{\"@context\":\"https:\/\/schema.org\",\"@graph\":[{\"@type\":\"WebPage\",\"@id\":\"https:\/\/www.hlf.ma\/fr\/nos-equipes\/\",\"url\":\"https:\/\/www.hlf.ma\/fr\/nos-equipes\/\",\"name\":\"Nos \u00e9quipes - DS | HAMZI LAW FIRM\",\"isPartOf\":{\"@id\":\"https:\/\/www.hlf.ma\/fr\/#website\"},\"datePublished\":\"2020-12-21T08:57:29+00:00\",\"dateModified\":\"2021-05-10T09:53:18+00:00\",\"breadcrumb\":{\"@id\":\"https:\/\/www.hlf.ma\/fr\/nos-equipes\/#breadcrumb\"},\"inLanguage\":\"fr-FR\",\"potentialAction\":[{\"@type\":\"ReadAction\",\"target\":[\"https:\/\/www.hlf.ma\/fr\/nos-equipes\/\"]}]},{\"@type\":\"BreadcrumbList\",\"@id\":\"https:\/\/www.hlf.ma\/fr\/nos-equipes\/#breadcrumb\",\"itemListElement\":[{\"@type\":\"ListItem\",\"position\":1,\"name\":\"Home\",\"item\":\"https:\/\/www.hlf.ma\/fr\/\"},{\"@type\":\"ListItem\",\"position\":2,\"name\":\"Nos \u00e9quipes\"}]},{\"@type\":\"WebSite\",\"@id\":\"https:\/\/www.hlf.ma\/fr\/#website\",\"url\":\"https:\/\/www.hlf.ma\/fr\/\",\"name\":\"DS | HAMZI LAW FIRM\",\"description\":\"Unis pour construire\",\"potentialAction\":[{\"@type\":\"SearchAction\",\"target\":{\"@type\":\"EntryPoint\",\"urlTemplate\":\"https:\/\/www.hlf.ma\/fr\/?s={search_term_string}\"},\"query-input\":\"required name=search_term_string\"}],\"inLanguage\":\"fr-FR\"}]}<\/script>\n<!-- \/ Yoast SEO plugin. -->","yoast_head_json":{"title":"Nos \u00e9quipes - DS | HAMZI LAW FIRM","robots":{"index":"index","follow":"follow","max-snippet":"max-snippet:-1","max-image-preview":"max-image-preview:large","max-video-preview":"max-video-preview:-1"},"canonical":"https:\/\/www.hlf.ma\/fr\/nos-equipes\/","og_locale":"fr_FR","og_type":"article","og_title":"Nos \u00e9quipes - DS | HAMZI LAW FIRM","og_description":"[vc_row css_animation=&#8221;&#8221; row_type=&#8221;row&#8221; use_row_as_full_screen_section=&#8221;no&#8221; type=&#8221;full_width&#8221; angled_section=&#8221;no&#8221; text_align=&#8221;left&#8221; background_image_as_pattern=&#8221;without_pattern&#8221;][vc_column][vc_column_text]Le Cabinet dispose d\u2019\u00e9quipes multidisciplinaires, form\u00e9es de juristes et d\u2019avocats, hautement qualifi\u00e9s et poss\u00e9dant un large \u00e9ventail de comp\u00e9tences. &nbsp; Contacts cl\u00e9s [\/vc_column_text][vc_empty_space height=&#8221;0px&#8221;][vc_row_inner row_type=&#8221;row&#8221; type=&#8221;full_width&#8221; text_align=&#8221;left&#8221; css_animation=&#8221;&#8221; css=&#8221;.vc_custom_1608121312030{margin-top: 45px !important;margin-bottom: 45px !important;}&#8221;][vc_column_inner el_class=&#8221;team-mate&#8221; width=&#8221;1\/4&#8243;][\/vc_column_inner][vc_column_inner el_class=&#8221;team-mate&#8221; width=&#8221;1\/4&#8243;][\/vc_column_inner][vc_column_inner el_class=&#8221;team-mate&#8221;...","og_url":"https:\/\/www.hlf.ma\/fr\/nos-equipes\/","og_site_name":"DS | HAMZI LAW FIRM","article_modified_time":"2021-05-10T09:53:18+00:00","twitter_card":"summary_large_image","twitter_misc":{"Est. reading time":"1 minute"},"schema":{"@context":"https:\/\/schema.org","@graph":[{"@type":"WebPage","@id":"https:\/\/www.hlf.ma\/fr\/nos-equipes\/","url":"https:\/\/www.hlf.ma\/fr\/nos-equipes\/","name":"Nos \u00e9quipes - DS | HAMZI LAW FIRM","isPartOf":{"@id":"https:\/\/www.hlf.ma\/fr\/#website"},"datePublished":"2020-12-21T08:57:29+00:00","dateModified":"2021-05-10T09:53:18+00:00","breadcrumb":{"@id":"https:\/\/www.hlf.ma\/fr\/nos-equipes\/#breadcrumb"},"inLanguage":"fr-FR","potentialAction":[{"@type":"ReadAction","target":["https:\/\/www.hlf.ma\/fr\/nos-equipes\/"]}]},{"@type":"BreadcrumbList","@id":"https:\/\/www.hlf.ma\/fr\/nos-equipes\/#breadcrumb","itemListElement":[{"@type":"ListItem","position":1,"name":"Home","item":"https:\/\/www.hlf.ma\/fr\/"},{"@type":"ListItem","position":2,"name":"Nos \u00e9quipes"}]},{"@type":"WebSite","@id":"https:\/\/www.hlf.ma\/fr\/#website","url":"https:\/\/www.hlf.ma\/fr\/","name":"DS | HAMZI LAW FIRM","description":"Unis pour construire","potentialAction":[{"@type":"SearchAction","target":{"@type":"EntryPoint","urlTemplate":"https:\/\/www.hlf.ma\/fr\/?s={search_term_string}"},"query-input":"required name=search_term_string"}],"inLanguage":"fr-FR"}]}},"_links":{"self":[{"href":"https:\/\/www.hlf.ma\/fr\/wp-json\/wp\/v2\/pages\/1059"}],"collection":[{"href":"https:\/\/www.hlf.ma\/fr\/wp-json\/wp\/v2\/pages"}],"about":[{"href":"https:\/\/www.hlf.ma\/fr\/wp-json\/wp\/v2\/types\/page"}],"author":[{"embeddable":true,"href":"https:\/\/www.hlf.ma\/fr\/wp-json\/wp\/v2\/users\/2"}],"replies":[{"embeddable":true,"href":"https:\/\/www.hlf.ma\/fr\/wp-json\/wp\/v2\/comments?post=1059"}],"version-history":[{"count":5,"href":"https:\/\/www.hlf.ma\/fr\/wp-json\/wp\/v2\/pages\/1059\/revisions"}],"predecessor-version":[{"id":1709,"href":"https:\/\/www.hlf.ma\/fr\/wp-json\/wp\/v2\/pages\/1059\/revisions\/1709"}],"wp:attachment":[{"href":"https:\/\/www.hlf.ma\/fr\/wp-json\/wp\/v2\/media?parent=1059"}],"curies":[{"name":"wp","href":"https:\/\/api.w.org\/{rel}","templated":true}]}}