{"id":1062,"date":"2020-12-21T08:58:13","date_gmt":"2020-12-21T08:58:13","guid":{"rendered":"https:\/\/www.hlf.ma\/nos-equipes\/contacts-cles\/"},"modified":"2020-12-21T08:58:14","modified_gmt":"2020-12-21T08:58:14","slug":"contacts-cles","status":"publish","type":"page","link":"https:\/\/www.hlf.ma\/fr\/nos-equipes\/contacts-cles\/","title":{"rendered":"Contacts cl\u00e9s"},"content":{"rendered":"<p>[vc_row css_animation=&#8221;&#8221; row_type=&#8221;row&#8221; use_row_as_full_screen_section=&#8221;no&#8221; type=&#8221;full_width&#8221; angled_section=&#8221;no&#8221; text_align=&#8221;left&#8221; background_image_as_pattern=&#8221;without_pattern&#8221;][vc_column][vc_column_text]Conjuguant leurs expertises, les associ\u00e9s et collaborateurs de HLF travaillent en parfaite synergie, l\u2019apport pertinent de chacun permettant d\u2019offrir \u00e0 nos clients une perspective \u00e9largie, et globale, tenant compte de leurs m\u00e9tiers, et de leurs sp\u00e9cificit\u00e9s, afin de leur proposer des solutions juridiques parfaitement adapt\u00e9es \u00e0 leurs attentes.<\/p>\n<p>&nbsp;<\/p>\n<p>Reconnus pour leur disponibilit\u00e9, leur pro activit\u00e9, et leur cr\u00e9ativit\u00e9, nos juristes et avocats combinent une ma\u00eetrise approfondie du droit des affaires et la pratique permanente des proc\u00e9dures civiles, commerciales, r\u00e9glementaires et administratives, indispensables pour la r\u00e9alisation d\u2019op\u00e9rations complexes et sophistiqu\u00e9es, et l\u2019\u00e9valuation des risques \u00e9ventuels, assurant \u00e0 nos clients la s\u00e9curit\u00e9 juridique requise.<\/p>\n<p>&nbsp;<\/p>\n<p>Gr\u00e2ce \u00e0 leur contribution, \u00e0 leur souci constant de qualit\u00e9, et \u00a0\u00e0 leurs efforts continus pour offrir \u00e0 nos clients des solutions pragmatiques et s\u00e9curis\u00e9es, sur des marches comp\u00e9titifs et exigeant une grande technicit\u00e9 juridique, \u00a0le Cabinet a d\u00e9velopp\u00e9 une notori\u00e9t\u00e9 certaine, notamment, en mati\u00e8re de restructuration d\u2019entreprises, de fusions-acquisitions, de structuration et de financement de projets, de droit de la distribution, d\u2019IP &amp; IT.<\/p>\n<p>&nbsp;<\/p>\n<p>Le Cabinet se positionne comme un \u00ab\u00a0d\u00e9partement juridique externalis\u00e9\u00a0\u00bb, partenaire\u00a0 de nos clients, en les accompagnant dans la gestion des d\u00e9fis, stimulants,\u00a0 g\u00e9n\u00e9r\u00e9s par leurs activit\u00e9s, afin que ceux-ci puissent consacrer leur temps et leur \u00e9nergie, essentiellement, au d\u00e9veloppement de leurs affaires.[\/vc_column_text][vc_empty_space height=&#8221;64px&#8221;][\/vc_column][\/vc_row]<\/p>\n","protected":false},"excerpt":{"rendered":"<p>[vc_row css_animation=&#8221;&#8221; row_type=&#8221;row&#8221; use_row_as_full_screen_section=&#8221;no&#8221; type=&#8221;full_width&#8221; angled_section=&#8221;no&#8221; text_align=&#8221;left&#8221; background_image_as_pattern=&#8221;without_pattern&#8221;][vc_column][vc_column_text]Conjuguant leurs expertises, les associ\u00e9s et collaborateurs de HLF travaillent en parfaite synergie, l\u2019apport pertinent de chacun permettant d\u2019offrir \u00e0 nos clients une perspective \u00e9largie, et globale, tenant compte de leurs m\u00e9tiers, et de leurs sp\u00e9cificit\u00e9s, afin de&#8230;<\/p>\n","protected":false},"author":2,"featured_media":0,"parent":1059,"menu_order":0,"comment_status":"closed","ping_status":"closed","template":"","meta":{"inline_featured_image":false},"yoast_head":"<!-- This site is optimized with the Yoast SEO plugin v20.5 - https:\/\/yoast.com\/wordpress\/plugins\/seo\/ -->\n<title>Contacts cl\u00e9s - DS | HAMZI LAW FIRM<\/title>\n<meta name=\"robots\" content=\"index, follow, max-snippet:-1, max-image-preview:large, max-video-preview:-1\" \/>\n<link rel=\"canonical\" href=\"https:\/\/www.hlf.ma\/fr\/nos-equipes\/contacts-cles\/\" \/>\n<meta property=\"og:locale\" content=\"fr_FR\" \/>\n<meta property=\"og:type\" content=\"article\" \/>\n<meta property=\"og:title\" content=\"Contacts cl\u00e9s - DS | HAMZI LAW FIRM\" \/>\n<meta property=\"og:description\" content=\"[vc_row css_animation=&#8221;&#8221; row_type=&#8221;row&#8221; use_row_as_full_screen_section=&#8221;no&#8221; type=&#8221;full_width&#8221; angled_section=&#8221;no&#8221; text_align=&#8221;left&#8221; background_image_as_pattern=&#8221;without_pattern&#8221;][vc_column][vc_column_text]Conjuguant leurs expertises, les associ\u00e9s et collaborateurs de HLF travaillent en parfaite synergie, l\u2019apport pertinent de chacun permettant d\u2019offrir \u00e0 nos clients une perspective \u00e9largie, et globale, tenant compte de leurs m\u00e9tiers, et de leurs sp\u00e9cificit\u00e9s, afin de...\" \/>\n<meta property=\"og:url\" content=\"https:\/\/www.hlf.ma\/fr\/nos-equipes\/contacts-cles\/\" \/>\n<meta property=\"og:site_name\" content=\"DS | HAMZI LAW FIRM\" \/>\n<meta property=\"article:modified_time\" content=\"2020-12-21T08:58:14+00:00\" \/>\n<meta name=\"twitter:card\" content=\"summary_large_image\" \/>\n<meta name=\"twitter:label1\" content=\"Est. reading time\" \/>\n\t<meta name=\"twitter:data1\" content=\"1 minute\" \/>\n<script type=\"application\/ld+json\" class=\"yoast-schema-graph\">{\"@context\":\"https:\/\/schema.org\",\"@graph\":[{\"@type\":\"WebPage\",\"@id\":\"https:\/\/www.hlf.ma\/fr\/nos-equipes\/contacts-cles\/\",\"url\":\"https:\/\/www.hlf.ma\/fr\/nos-equipes\/contacts-cles\/\",\"name\":\"Contacts cl\u00e9s - DS | HAMZI LAW FIRM\",\"isPartOf\":{\"@id\":\"https:\/\/www.hlf.ma\/fr\/#website\"},\"datePublished\":\"2020-12-21T08:58:13+00:00\",\"dateModified\":\"2020-12-21T08:58:14+00:00\",\"breadcrumb\":{\"@id\":\"https:\/\/www.hlf.ma\/fr\/nos-equipes\/contacts-cles\/#breadcrumb\"},\"inLanguage\":\"fr-FR\",\"potentialAction\":[{\"@type\":\"ReadAction\",\"target\":[\"https:\/\/www.hlf.ma\/fr\/nos-equipes\/contacts-cles\/\"]}]},{\"@type\":\"BreadcrumbList\",\"@id\":\"https:\/\/www.hlf.ma\/fr\/nos-equipes\/contacts-cles\/#breadcrumb\",\"itemListElement\":[{\"@type\":\"ListItem\",\"position\":1,\"name\":\"Home\",\"item\":\"https:\/\/www.hlf.ma\/fr\/\"},{\"@type\":\"ListItem\",\"position\":2,\"name\":\"Nos \u00e9quipes\",\"item\":\"https:\/\/www.hlf.ma\/fr\/nos-equipes\/\"},{\"@type\":\"ListItem\",\"position\":3,\"name\":\"Contacts cl\u00e9s\"}]},{\"@type\":\"WebSite\",\"@id\":\"https:\/\/www.hlf.ma\/fr\/#website\",\"url\":\"https:\/\/www.hlf.ma\/fr\/\",\"name\":\"DS | HAMZI LAW FIRM\",\"description\":\"Unis pour construire\",\"potentialAction\":[{\"@type\":\"SearchAction\",\"target\":{\"@type\":\"EntryPoint\",\"urlTemplate\":\"https:\/\/www.hlf.ma\/fr\/?s={search_term_string}\"},\"query-input\":\"required name=search_term_string\"}],\"inLanguage\":\"fr-FR\"}]}<\/script>\n<!-- \/ Yoast SEO plugin. -->","yoast_head_json":{"title":"Contacts cl\u00e9s - DS | HAMZI LAW FIRM","robots":{"index":"index","follow":"follow","max-snippet":"max-snippet:-1","max-image-preview":"max-image-preview:large","max-video-preview":"max-video-preview:-1"},"canonical":"https:\/\/www.hlf.ma\/fr\/nos-equipes\/contacts-cles\/","og_locale":"fr_FR","og_type":"article","og_title":"Contacts cl\u00e9s - DS | HAMZI LAW FIRM","og_description":"[vc_row css_animation=&#8221;&#8221; row_type=&#8221;row&#8221; use_row_as_full_screen_section=&#8221;no&#8221; type=&#8221;full_width&#8221; angled_section=&#8221;no&#8221; text_align=&#8221;left&#8221; background_image_as_pattern=&#8221;without_pattern&#8221;][vc_column][vc_column_text]Conjuguant leurs expertises, les associ\u00e9s et collaborateurs de HLF travaillent en parfaite synergie, l\u2019apport pertinent de chacun permettant d\u2019offrir \u00e0 nos clients une perspective \u00e9largie, et globale, tenant compte de leurs m\u00e9tiers, et de leurs sp\u00e9cificit\u00e9s, afin de...","og_url":"https:\/\/www.hlf.ma\/fr\/nos-equipes\/contacts-cles\/","og_site_name":"DS | HAMZI LAW FIRM","article_modified_time":"2020-12-21T08:58:14+00:00","twitter_card":"summary_large_image","twitter_misc":{"Est. reading time":"1 minute"},"schema":{"@context":"https:\/\/schema.org","@graph":[{"@type":"WebPage","@id":"https:\/\/www.hlf.ma\/fr\/nos-equipes\/contacts-cles\/","url":"https:\/\/www.hlf.ma\/fr\/nos-equipes\/contacts-cles\/","name":"Contacts cl\u00e9s - DS | HAMZI LAW FIRM","isPartOf":{"@id":"https:\/\/www.hlf.ma\/fr\/#website"},"datePublished":"2020-12-21T08:58:13+00:00","dateModified":"2020-12-21T08:58:14+00:00","breadcrumb":{"@id":"https:\/\/www.hlf.ma\/fr\/nos-equipes\/contacts-cles\/#breadcrumb"},"inLanguage":"fr-FR","potentialAction":[{"@type":"ReadAction","target":["https:\/\/www.hlf.ma\/fr\/nos-equipes\/contacts-cles\/"]}]},{"@type":"BreadcrumbList","@id":"https:\/\/www.hlf.ma\/fr\/nos-equipes\/contacts-cles\/#breadcrumb","itemListElement":[{"@type":"ListItem","position":1,"name":"Home","item":"https:\/\/www.hlf.ma\/fr\/"},{"@type":"ListItem","position":2,"name":"Nos \u00e9quipes","item":"https:\/\/www.hlf.ma\/fr\/nos-equipes\/"},{"@type":"ListItem","position":3,"name":"Contacts cl\u00e9s"}]},{"@type":"WebSite","@id":"https:\/\/www.hlf.ma\/fr\/#website","url":"https:\/\/www.hlf.ma\/fr\/","name":"DS | HAMZI LAW FIRM","description":"Unis pour construire","potentialAction":[{"@type":"SearchAction","target":{"@type":"EntryPoint","urlTemplate":"https:\/\/www.hlf.ma\/fr\/?s={search_term_string}"},"query-input":"required name=search_term_string"}],"inLanguage":"fr-FR"}]}},"_links":{"self":[{"href":"https:\/\/www.hlf.ma\/fr\/wp-json\/wp\/v2\/pages\/1062"}],"collection":[{"href":"https:\/\/www.hlf.ma\/fr\/wp-json\/wp\/v2\/pages"}],"about":[{"href":"https:\/\/www.hlf.ma\/fr\/wp-json\/wp\/v2\/types\/page"}],"author":[{"embeddable":true,"href":"https:\/\/www.hlf.ma\/fr\/wp-json\/wp\/v2\/users\/2"}],"replies":[{"embeddable":true,"href":"https:\/\/www.hlf.ma\/fr\/wp-json\/wp\/v2\/comments?post=1062"}],"version-history":[{"count":2,"href":"https:\/\/www.hlf.ma\/fr\/wp-json\/wp\/v2\/pages\/1062\/revisions"}],"predecessor-version":[{"id":1064,"href":"https:\/\/www.hlf.ma\/fr\/wp-json\/wp\/v2\/pages\/1062\/revisions\/1064"}],"up":[{"embeddable":true,"href":"https:\/\/www.hlf.ma\/fr\/wp-json\/wp\/v2\/pages\/1059"}],"wp:attachment":[{"href":"https:\/\/www.hlf.ma\/fr\/wp-json\/wp\/v2\/media?parent=1062"}],"curies":[{"name":"wp","href":"https:\/\/api.w.org\/{rel}","templated":true}]}}