{"id":1065,"date":"2020-12-21T09:14:04","date_gmt":"2020-12-21T09:14:04","guid":{"rendered":"https:\/\/www.hlf.ma\/nos-equipes\/patrice-mouchon\/"},"modified":"2021-03-23T15:31:23","modified_gmt":"2021-03-23T15:31:23","slug":"patrice-mouchon","status":"publish","type":"page","link":"https:\/\/www.hlf.ma\/fr\/nos-equipes\/patrice-mouchon\/","title":{"rendered":"Patrice Mouchon"},"content":{"rendered":"<p>[vc_row css_animation=&#8221;&#8221; row_type=&#8221;row&#8221; use_row_as_full_screen_section=&#8221;no&#8221; type=&#8221;full_width&#8221; angled_section=&#8221;no&#8221; text_align=&#8221;left&#8221; background_image_as_pattern=&#8221;without_pattern&#8221;][vc_column width=&#8221;1\/4&#8243;][vc_single_image image=&#8221;1322&#8243; img_size=&#8221;medium&#8221; qode_css_animation=&#8221;&#8221;][vc_empty_space height=&#8221;45px&#8221;][\/vc_column][vc_column width=&#8221;3\/4&#8243;][vc_column_text]<\/p>\n<h2 style=\"color: #992c2c;\">Patrice Mouchon<br \/>\nAvocat \u00e0 la Cour d&#8217;Appel de Paris<br \/>\nArbitre et M\u00e9diateur<\/h2>\n<p>[\/vc_column_text][\/vc_column][\/vc_row][vc_row css_animation=&#8221;&#8221; row_type=&#8221;row&#8221; use_row_as_full_screen_section=&#8221;no&#8221; type=&#8221;full_width&#8221; angled_section=&#8221;no&#8221; text_align=&#8221;left&#8221; background_image_as_pattern=&#8221;without_pattern&#8221;][vc_column][vc_column_text el_class=&#8221;logo-list&#8221;]<\/p>\n<h2 style=\"font-size: 28px; color: #ba6262;\">Qualifications :<\/h2>\n<p>&nbsp;<\/p>\n<p>Patrice Mouchon poss\u00e8de une solide exp\u00e9rience dans la r\u00e9organisation de nombreux groupes fran\u00e7ais et multinationaux dans des secteurs aussi varies que l\u2019industrie automobile, le transport a\u00e9rien, l\u2019industrie chimique, les mines, la banque, la t\u00e9l\u00e9phonie mobile, et les services, tant en droit des affaires qu\u2019en droit social.<\/p>\n<p>&nbsp;<\/p>\n<p>Son activit\u00e9 l\u2019a amen\u00e9 a conseiller et d\u00e9fendre des op\u00e9rateurs financiers et industriels en Afrique et surtout dans le monde arabe.<\/p>\n<p>&nbsp;<\/p>\n<p>Il a participe a nombreuses proc\u00e9dures d\u2019arbitrage et de m\u00e9diation dans le cadre de litiges opposant des entreprises europ\u00e9ennes, arabes et africaines.<\/p>\n<p>&nbsp;<\/p>\n<p>En mati\u00e8re d\u2019arbitrage, il a notamment obtenu des sentences de la Cour d\u2019Arbitrage de la Chambre de Commerce Internationale, sur la port\u00e9e de la notion de \u00ab Riba \u00bb sur le fondement du droit musulman mal\u00e9kite partie int\u00e9grante du droit de la R\u00e9publique Islamique de Mauritanie.<\/p>\n<p>&nbsp;<\/p>\n<p>Patrice Mouchon \u0153uvre depuis pr\u00e9s de 30 ans dans le cadre d\u2019associations humanitaires notamment pour l\u2019Ordre Souverain de Malte.<\/p>\n<p>&nbsp;<\/p>\n<p>Il est commandeur de l\u2019Ordre du M\u00e9rite de l\u2019Ordre Souverain de Malte.<\/p>\n<p>&nbsp;<\/p>\n<p><strong>Langues pratiqu\u00e9es :<\/strong> fran\u00e7ais \u2013 anglais \u2013 arabe.<\/p>\n<p>&nbsp;<\/p>\n<h2 style=\"font-size: 28px; color: #ba6262;\">Parcours professionnel :<\/h2>\n<p>&nbsp;<\/p>\n<p>Patrice Mouchon a occupe les fonctions d\u2019assistant du repr\u00e9sentant de la France \u00e0 la Commission des Travailleurs Migrants \u00e0 la Commission Europ\u00e9enne.<\/p>\n<p>&nbsp;<\/p>\n<p>Patrice Mouchon a \u00e9t\u00e9 collaborateur puis associe du cabinet Martin, Stabush, Mouchon, Pele-Gouteyron.<\/p>\n<p>&nbsp;<\/p>\n<p>Il a, par la suite, fonde le cabinet Davies et Mouchon a paris, associe du cabinet Weinberger, Singer PC a New York.<\/p>\n<p>&nbsp;<\/p>\n<p>Patrice est membre de nombreux jurys d\u2019examen et a enseign\u00e9 \u00e0 l\u2019Universit\u00e9 Pantheon-Assas Paris II, ainsi qu\u2019\u00e0 l\u2019\u00c9cole de Formation du Barreau. Il a \u00e9t\u00e9 correspondant du Minist\u00e8re des Affaires \u00c9trang\u00e8res pour la formation de juristes du monde arabe et africain, notamment en mati\u00e8re d\u2019arbitrage et de m\u00e9diation.<\/p>\n<p>&nbsp;<\/p>\n<p>Au sein de l\u2019Ordre des Avocats de Paris, Patrice Mouchon a \u00e9t\u00e9 le pr\u00e9sident fondateur du Comite Pr\u00e9sence et Action du Barreau de Paris, l\u2019ancien secr\u00e9taire et co-fondateur de la commission des relations ext\u00e9rieures de l\u2019ordre des avocats de Paris.<\/p>\n<p>&nbsp;<\/p>\n<p>Membre du comite consultatif des Barreaux Europ\u00e9ens en charge des questions de communication.<\/p>\n<p>&nbsp;<\/p>\n<p>Membre du comite des relations ext\u00e9rieures de l\u2019Ordre des Avocats de Paris sous le b\u00e2tonnat de madame Christiane Feral-Schuhl.<\/p>\n<p>&nbsp;<\/p>\n<p>Maitre Mouchon est le pr\u00e9sident du Centre de M\u00e9diation et d\u2019Arbitrage de la Chambre de Commerce Franco-Arabe depuis 2008 jusqu\u2019\u00e0 ce jour, et administrateur au sein de la F\u00e9d\u00e9ration des Centres d\u2019Arbitrage en charge des questions d\u2019\u00e9thique dans l\u2019arbitrage.<\/p>\n<p>&nbsp;<\/p>\n<p>En cette derni\u00e8re qualit\u00e9, il a participe a de nombreux colloques dans les diff\u00e9rents pays arabes.<\/p>\n<p>&nbsp;<\/p>\n<p>Chaque ann\u00e9e, il anime et pr\u00e9side le colloque du Centre de M\u00e9diation et d\u2019Arbitrage de la Chambre de Commerce Franco-Arabe \u00e0 Paris.[\/vc_column_text][vc_empty_space height=&#8221;64px&#8221;][\/vc_column][\/vc_row]<\/p>\n","protected":false},"excerpt":{"rendered":"<p>[vc_row css_animation=&#8221;&#8221; row_type=&#8221;row&#8221; use_row_as_full_screen_section=&#8221;no&#8221; type=&#8221;full_width&#8221; angled_section=&#8221;no&#8221; text_align=&#8221;left&#8221; background_image_as_pattern=&#8221;without_pattern&#8221;][vc_column width=&#8221;1\/4&#8243;][vc_single_image image=&#8221;1322&#8243; img_size=&#8221;medium&#8221; qode_css_animation=&#8221;&#8221;][vc_empty_space height=&#8221;45px&#8221;][\/vc_column][vc_column width=&#8221;3\/4&#8243;][vc_column_text] Patrice Mouchon Avocat \u00e0 la Cour d&#8217;Appel de Paris Arbitre et M\u00e9diateur [\/vc_column_text][\/vc_column][\/vc_row][vc_row css_animation=&#8221;&#8221; row_type=&#8221;row&#8221; use_row_as_full_screen_section=&#8221;no&#8221; type=&#8221;full_width&#8221; angled_section=&#8221;no&#8221; text_align=&#8221;left&#8221; background_image_as_pattern=&#8221;without_pattern&#8221;][vc_column][vc_column_text el_class=&#8221;logo-list&#8221;] Qualifications : &nbsp; Patrice Mouchon poss\u00e8de une solide exp\u00e9rience dans&#8230;<\/p>\n","protected":false},"author":2,"featured_media":0,"parent":1059,"menu_order":0,"comment_status":"closed","ping_status":"closed","template":"","meta":{"inline_featured_image":false},"yoast_head":"<!-- This site is optimized with the Yoast SEO plugin v20.5 - https:\/\/yoast.com\/wordpress\/plugins\/seo\/ -->\n<title>Patrice Mouchon - DS | HAMZI LAW FIRM<\/title>\n<meta name=\"robots\" content=\"index, follow, max-snippet:-1, max-image-preview:large, max-video-preview:-1\" \/>\n<link rel=\"canonical\" href=\"https:\/\/www.hlf.ma\/fr\/nos-equipes\/patrice-mouchon\/\" \/>\n<meta property=\"og:locale\" content=\"fr_FR\" \/>\n<meta property=\"og:type\" content=\"article\" \/>\n<meta property=\"og:title\" content=\"Patrice Mouchon - DS | HAMZI LAW FIRM\" \/>\n<meta property=\"og:description\" content=\"[vc_row css_animation=&#8221;&#8221; row_type=&#8221;row&#8221; use_row_as_full_screen_section=&#8221;no&#8221; type=&#8221;full_width&#8221; angled_section=&#8221;no&#8221; text_align=&#8221;left&#8221; background_image_as_pattern=&#8221;without_pattern&#8221;][vc_column width=&#8221;1\/4&#8243;][vc_single_image image=&#8221;1322&#8243; img_size=&#8221;medium&#8221; qode_css_animation=&#8221;&#8221;][vc_empty_space height=&#8221;45px&#8221;][\/vc_column][vc_column width=&#8221;3\/4&#8243;][vc_column_text] Patrice Mouchon Avocat \u00e0 la Cour d&#8217;Appel de Paris Arbitre et M\u00e9diateur [\/vc_column_text][\/vc_column][\/vc_row][vc_row css_animation=&#8221;&#8221; row_type=&#8221;row&#8221; use_row_as_full_screen_section=&#8221;no&#8221; type=&#8221;full_width&#8221; angled_section=&#8221;no&#8221; text_align=&#8221;left&#8221; background_image_as_pattern=&#8221;without_pattern&#8221;][vc_column][vc_column_text el_class=&#8221;logo-list&#8221;] Qualifications : &nbsp; Patrice Mouchon poss\u00e8de une solide exp\u00e9rience dans...\" \/>\n<meta property=\"og:url\" content=\"https:\/\/www.hlf.ma\/fr\/nos-equipes\/patrice-mouchon\/\" \/>\n<meta property=\"og:site_name\" content=\"DS | HAMZI LAW FIRM\" \/>\n<meta property=\"article:modified_time\" content=\"2021-03-23T15:31:23+00:00\" \/>\n<meta name=\"twitter:card\" content=\"summary_large_image\" \/>\n<meta name=\"twitter:label1\" content=\"Est. reading time\" \/>\n\t<meta name=\"twitter:data1\" content=\"3 minutes\" \/>\n<script type=\"application\/ld+json\" class=\"yoast-schema-graph\">{\"@context\":\"https:\/\/schema.org\",\"@graph\":[{\"@type\":\"WebPage\",\"@id\":\"https:\/\/www.hlf.ma\/fr\/nos-equipes\/patrice-mouchon\/\",\"url\":\"https:\/\/www.hlf.ma\/fr\/nos-equipes\/patrice-mouchon\/\",\"name\":\"Patrice Mouchon - DS | HAMZI LAW FIRM\",\"isPartOf\":{\"@id\":\"https:\/\/www.hlf.ma\/fr\/#website\"},\"datePublished\":\"2020-12-21T09:14:04+00:00\",\"dateModified\":\"2021-03-23T15:31:23+00:00\",\"breadcrumb\":{\"@id\":\"https:\/\/www.hlf.ma\/fr\/nos-equipes\/patrice-mouchon\/#breadcrumb\"},\"inLanguage\":\"fr-FR\",\"potentialAction\":[{\"@type\":\"ReadAction\",\"target\":[\"https:\/\/www.hlf.ma\/fr\/nos-equipes\/patrice-mouchon\/\"]}]},{\"@type\":\"BreadcrumbList\",\"@id\":\"https:\/\/www.hlf.ma\/fr\/nos-equipes\/patrice-mouchon\/#breadcrumb\",\"itemListElement\":[{\"@type\":\"ListItem\",\"position\":1,\"name\":\"Home\",\"item\":\"https:\/\/www.hlf.ma\/fr\/\"},{\"@type\":\"ListItem\",\"position\":2,\"name\":\"Nos \u00e9quipes\",\"item\":\"https:\/\/www.hlf.ma\/fr\/nos-equipes\/\"},{\"@type\":\"ListItem\",\"position\":3,\"name\":\"Patrice Mouchon\"}]},{\"@type\":\"WebSite\",\"@id\":\"https:\/\/www.hlf.ma\/fr\/#website\",\"url\":\"https:\/\/www.hlf.ma\/fr\/\",\"name\":\"DS | HAMZI LAW FIRM\",\"description\":\"Unis pour construire\",\"potentialAction\":[{\"@type\":\"SearchAction\",\"target\":{\"@type\":\"EntryPoint\",\"urlTemplate\":\"https:\/\/www.hlf.ma\/fr\/?s={search_term_string}\"},\"query-input\":\"required name=search_term_string\"}],\"inLanguage\":\"fr-FR\"}]}<\/script>\n<!-- \/ Yoast SEO plugin. -->","yoast_head_json":{"title":"Patrice Mouchon - DS | HAMZI LAW FIRM","robots":{"index":"index","follow":"follow","max-snippet":"max-snippet:-1","max-image-preview":"max-image-preview:large","max-video-preview":"max-video-preview:-1"},"canonical":"https:\/\/www.hlf.ma\/fr\/nos-equipes\/patrice-mouchon\/","og_locale":"fr_FR","og_type":"article","og_title":"Patrice Mouchon - DS | HAMZI LAW FIRM","og_description":"[vc_row css_animation=&#8221;&#8221; row_type=&#8221;row&#8221; use_row_as_full_screen_section=&#8221;no&#8221; type=&#8221;full_width&#8221; angled_section=&#8221;no&#8221; text_align=&#8221;left&#8221; background_image_as_pattern=&#8221;without_pattern&#8221;][vc_column width=&#8221;1\/4&#8243;][vc_single_image image=&#8221;1322&#8243; img_size=&#8221;medium&#8221; qode_css_animation=&#8221;&#8221;][vc_empty_space height=&#8221;45px&#8221;][\/vc_column][vc_column width=&#8221;3\/4&#8243;][vc_column_text] Patrice Mouchon Avocat \u00e0 la Cour d&#8217;Appel de Paris Arbitre et M\u00e9diateur [\/vc_column_text][\/vc_column][\/vc_row][vc_row css_animation=&#8221;&#8221; row_type=&#8221;row&#8221; use_row_as_full_screen_section=&#8221;no&#8221; type=&#8221;full_width&#8221; angled_section=&#8221;no&#8221; text_align=&#8221;left&#8221; background_image_as_pattern=&#8221;without_pattern&#8221;][vc_column][vc_column_text el_class=&#8221;logo-list&#8221;] Qualifications : &nbsp; Patrice Mouchon poss\u00e8de une solide exp\u00e9rience dans...","og_url":"https:\/\/www.hlf.ma\/fr\/nos-equipes\/patrice-mouchon\/","og_site_name":"DS | HAMZI LAW FIRM","article_modified_time":"2021-03-23T15:31:23+00:00","twitter_card":"summary_large_image","twitter_misc":{"Est. reading time":"3 minutes"},"schema":{"@context":"https:\/\/schema.org","@graph":[{"@type":"WebPage","@id":"https:\/\/www.hlf.ma\/fr\/nos-equipes\/patrice-mouchon\/","url":"https:\/\/www.hlf.ma\/fr\/nos-equipes\/patrice-mouchon\/","name":"Patrice Mouchon - DS | HAMZI LAW FIRM","isPartOf":{"@id":"https:\/\/www.hlf.ma\/fr\/#website"},"datePublished":"2020-12-21T09:14:04+00:00","dateModified":"2021-03-23T15:31:23+00:00","breadcrumb":{"@id":"https:\/\/www.hlf.ma\/fr\/nos-equipes\/patrice-mouchon\/#breadcrumb"},"inLanguage":"fr-FR","potentialAction":[{"@type":"ReadAction","target":["https:\/\/www.hlf.ma\/fr\/nos-equipes\/patrice-mouchon\/"]}]},{"@type":"BreadcrumbList","@id":"https:\/\/www.hlf.ma\/fr\/nos-equipes\/patrice-mouchon\/#breadcrumb","itemListElement":[{"@type":"ListItem","position":1,"name":"Home","item":"https:\/\/www.hlf.ma\/fr\/"},{"@type":"ListItem","position":2,"name":"Nos \u00e9quipes","item":"https:\/\/www.hlf.ma\/fr\/nos-equipes\/"},{"@type":"ListItem","position":3,"name":"Patrice Mouchon"}]},{"@type":"WebSite","@id":"https:\/\/www.hlf.ma\/fr\/#website","url":"https:\/\/www.hlf.ma\/fr\/","name":"DS | HAMZI LAW FIRM","description":"Unis pour construire","potentialAction":[{"@type":"SearchAction","target":{"@type":"EntryPoint","urlTemplate":"https:\/\/www.hlf.ma\/fr\/?s={search_term_string}"},"query-input":"required name=search_term_string"}],"inLanguage":"fr-FR"}]}},"_links":{"self":[{"href":"https:\/\/www.hlf.ma\/fr\/wp-json\/wp\/v2\/pages\/1065"}],"collection":[{"href":"https:\/\/www.hlf.ma\/fr\/wp-json\/wp\/v2\/pages"}],"about":[{"href":"https:\/\/www.hlf.ma\/fr\/wp-json\/wp\/v2\/types\/page"}],"author":[{"embeddable":true,"href":"https:\/\/www.hlf.ma\/fr\/wp-json\/wp\/v2\/users\/2"}],"replies":[{"embeddable":true,"href":"https:\/\/www.hlf.ma\/fr\/wp-json\/wp\/v2\/comments?post=1065"}],"version-history":[{"count":5,"href":"https:\/\/www.hlf.ma\/fr\/wp-json\/wp\/v2\/pages\/1065\/revisions"}],"predecessor-version":[{"id":1530,"href":"https:\/\/www.hlf.ma\/fr\/wp-json\/wp\/v2\/pages\/1065\/revisions\/1530"}],"up":[{"embeddable":true,"href":"https:\/\/www.hlf.ma\/fr\/wp-json\/wp\/v2\/pages\/1059"}],"wp:attachment":[{"href":"https:\/\/www.hlf.ma\/fr\/wp-json\/wp\/v2\/media?parent=1065"}],"curies":[{"name":"wp","href":"https:\/\/api.w.org\/{rel}","templated":true}]}}