{"id":1078,"date":"2020-12-21T09:38:14","date_gmt":"2020-12-21T09:38:14","guid":{"rendered":"https:\/\/www.hlf.ma\/nos-equipes\/zineb-hamzi\/"},"modified":"2021-03-23T15:29:37","modified_gmt":"2021-03-23T15:29:37","slug":"zineb-hamzi","status":"publish","type":"page","link":"https:\/\/www.hlf.ma\/fr\/nos-equipes\/zineb-hamzi\/","title":{"rendered":"Zineb Hamzi"},"content":{"rendered":"<p>[vc_row css_animation=&#8221;&#8221; row_type=&#8221;row&#8221; use_row_as_full_screen_section=&#8221;no&#8221; type=&#8221;full_width&#8221; angled_section=&#8221;no&#8221; text_align=&#8221;left&#8221; background_image_as_pattern=&#8221;without_pattern&#8221;][vc_column width=&#8221;1\/4&#8243;][vc_single_image image=&#8221;1324&#8243; img_size=&#8221;medium&#8221; qode_css_animation=&#8221;&#8221;][vc_empty_space height=&#8221;45px&#8221;][\/vc_column][vc_column width=&#8221;3\/4&#8243;][vc_column_text]<\/p>\n<h2 style=\"color: #992c2c;\">Zineb Idrissia Hamzi: (Managing Partner)<br \/>\nAvocate au Barreau De Casablanca<br \/>\nAgr\u00e9\u00e9 pr\u00e8s la Cour de Cassation Marocaine<br \/>\nArbitre et M\u00e9diateur<\/h2>\n<p>[\/vc_column_text][\/vc_column][\/vc_row][vc_row css_animation=&#8221;&#8221; row_type=&#8221;row&#8221; use_row_as_full_screen_section=&#8221;no&#8221; type=&#8221;full_width&#8221; angled_section=&#8221;no&#8221; text_align=&#8221;left&#8221; background_image_as_pattern=&#8221;without_pattern&#8221;][vc_column][vc_column_text el_class=&#8221;logo-list&#8221;]<\/p>\n<h2 style=\"font-size: 28px; color: #ba6262;\">Qualifications :<\/h2>\n<p><strong>\u00a0<\/strong><\/p>\n<p><strong>Doctorat en droit<\/strong><\/p>\n<p><em>Facult\u00e9 de Droit et de Science Politique, Aix-Marseille Universit\u00e9 \u2013 France.<\/em><\/p>\n<p><em>\u00a0<\/em><\/p>\n<p><strong>Dipl\u00f4me de troisi\u00e8me cycle en Droit des Assurances <\/strong><\/p>\n<p><em>Institut des Hautes \u00c9tudes en Droit des Assurances, Aix-Marseille Universit\u00e9 \u2013 France.<\/em><\/p>\n<p><strong>\u00a0<\/strong><\/p>\n<p><strong>Dipl\u00f4me d\u2019\u00c9tudes Sup\u00e9rieures Sp\u00e9cialis\u00e9es en Droit (DESS)<\/strong><\/p>\n<p><em>Facult\u00e9 de droit et de science politique, Aix-Marseille Universit\u00e9 \u2013 France.<\/em><\/p>\n<p><strong>\u00a0<\/strong><\/p>\n<p><strong>Maitrise en Droit Prive<\/strong><\/p>\n<p><em>Facult\u00e9 des Sciences Juridiques, \u00c9conomiques et Sociales Hassan II, Casablanca \u2013 Maroc.<\/em><\/p>\n<p>&nbsp;<\/p>\n<p><strong>Principaux domaines d\u2019expertise :<\/strong><\/p>\n<ul>\n<li>Corporate and M&amp;A;<\/li>\n<li>Droit des contrats;<\/li>\n<li>Droit social &amp; mobilite internationale;<\/li>\n<li>Arbitrages sociaux &amp; contentieux du travail;<\/li>\n<li>Assurances &amp; transports;<\/li>\n<li>Projet finance.<\/li>\n<\/ul>\n<p>&nbsp;<\/p>\n<p><strong>Langues pratiqu\u00e9es :<\/strong> fran\u00e7ais \u2013 anglais \u2013 arabe.<\/p>\n<p>&nbsp;<\/p>\n<h2 style=\"font-size: 28px; color: #ba6262;\">Parcours professionnel :<\/h2>\n<p>&nbsp;<\/p>\n<p>Inscrite au Barreau de Casablanca depuis le 24 avril 1996.<\/p>\n<p>&nbsp;<\/p>\n<p>Fondatrice du cabinet Hamzi Law Firm, depuis le 1er juillet 1999.<\/p>\n<p>&nbsp;<\/p>\n<p>Enseignante \u00e0 l\u2019Institut Marocain du Droit des Entreprises (2000-2001) :<\/p>\n<p>(Mati\u00e8res enseign\u00e9es :<\/p>\n<ul>\n<li>Droit des Soci\u00e9t\u00e9s \u2013 Mati\u00e8re principale dans le cadre de la pr\u00e9paration au DESS en Droit des Affaires, dipl\u00f4me d\u00e9localis\u00e9 de l\u2019Universit\u00e9 Pierre Mendes France de Grenoble;<\/li>\n<li>Droit social \u2013 pr\u00e9paration au DEUG de droit;<\/li>\n<li>Droit des contrats \u2013 cycle de formation continue)<\/li>\n<\/ul>\n<p>&nbsp;<\/p>\n<p>Partenaire de la soci\u00e9t\u00e9 Artemis Conseil, premier \u00e9diteur juridique au Maroc :<br \/>\ncontribution a l\u2019\u00e9laboration du bulletin mensuel d\u2019information juridique et fiscale.<\/p>\n<p>&nbsp;<\/p>\n<p>Ex-consultante aupr\u00e8s de la Conf\u00e9d\u00e9ration G\u00e9n\u00e9rale des Entreprises du Maroc :<\/p>\n<ul>\n<li>Commission \u00abEntreprises &amp; relations professionnelles \u00bb 2003-2005;<\/li>\n<li>Commission sociale \u2013 participation aux travaux de r\u00e9daction du nouveau code du travail et des d\u00e9crets d\u2019application &#8211; 2004-2005.<\/li>\n<\/ul>\n<p>&nbsp;<\/p>\n<p>Ancienne pr\u00e9sidente de la Commission Fiscalit\u00e9 et Droit de l\u2019Entreprise, au sein de la f\u00e9d\u00e9ration marocaine des PME \u2013 PMI.<\/p>\n<p>&nbsp;<\/p>\n<p>Maitre Zineb Idrissia Hamzi est agr\u00e9\u00e9e par le Centre de M\u00e9diation et d\u2019Arbitrage de Paris, en qualit\u00e9 de m\u00e9diateur et membre du conseil scientifique du Centre de M\u00e9diation et d\u2019Arbitrage pr\u00e9s la Chambre de Commerce franco-arabe, \u00e0 Paris.<\/p>\n<p>&nbsp;<\/p>\n<p>Elle est \u00e9galement agr\u00e9\u00e9e pr\u00e9s la Cour de Cassation et habilit\u00e9e \u00e0 conclure des transactions immobili\u00e8res.<\/p>\n<p>&nbsp;<\/p>\n<p>Zineb Idrissia Hamzi est r\u00e9guli\u00e8rement reconnue comme un avocat leader en droit des affaires par des publications de r\u00e9f\u00e9rence, telles que le Chambers Global Guide, IFLR 1000, ou encore la revue \u201cD\u00e9cideurs Juridiques\u201d (Leaders League).[\/vc_column_text][vc_empty_space height=&#8221;64px&#8221;][\/vc_column][\/vc_row]<\/p>\n","protected":false},"excerpt":{"rendered":"<p>[vc_row css_animation=&#8221;&#8221; row_type=&#8221;row&#8221; use_row_as_full_screen_section=&#8221;no&#8221; type=&#8221;full_width&#8221; angled_section=&#8221;no&#8221; text_align=&#8221;left&#8221; background_image_as_pattern=&#8221;without_pattern&#8221;][vc_column width=&#8221;1\/4&#8243;][vc_single_image image=&#8221;1324&#8243; img_size=&#8221;medium&#8221; qode_css_animation=&#8221;&#8221;][vc_empty_space height=&#8221;45px&#8221;][\/vc_column][vc_column width=&#8221;3\/4&#8243;][vc_column_text] Zineb Idrissia Hamzi: (Managing Partner) Avocate au Barreau De Casablanca Agr\u00e9\u00e9 pr\u00e8s la Cour de Cassation Marocaine Arbitre et M\u00e9diateur [\/vc_column_text][\/vc_column][\/vc_row][vc_row css_animation=&#8221;&#8221; row_type=&#8221;row&#8221; use_row_as_full_screen_section=&#8221;no&#8221; type=&#8221;full_width&#8221; angled_section=&#8221;no&#8221; text_align=&#8221;left&#8221; background_image_as_pattern=&#8221;without_pattern&#8221;][vc_column][vc_column_text el_class=&#8221;logo-list&#8221;] Qualifications :&#8230;<\/p>\n","protected":false},"author":2,"featured_media":0,"parent":1059,"menu_order":0,"comment_status":"closed","ping_status":"closed","template":"","meta":{"inline_featured_image":false},"yoast_head":"<!-- This site is optimized with the Yoast SEO plugin v20.5 - https:\/\/yoast.com\/wordpress\/plugins\/seo\/ -->\n<title>Zineb Hamzi - DS | HAMZI LAW FIRM<\/title>\n<meta name=\"robots\" content=\"index, follow, max-snippet:-1, max-image-preview:large, max-video-preview:-1\" \/>\n<link rel=\"canonical\" href=\"https:\/\/www.hlf.ma\/fr\/nos-equipes\/zineb-hamzi\/\" \/>\n<meta property=\"og:locale\" content=\"fr_FR\" \/>\n<meta property=\"og:type\" content=\"article\" \/>\n<meta property=\"og:title\" content=\"Zineb Hamzi - DS | HAMZI LAW FIRM\" \/>\n<meta property=\"og:description\" content=\"[vc_row css_animation=&#8221;&#8221; row_type=&#8221;row&#8221; use_row_as_full_screen_section=&#8221;no&#8221; type=&#8221;full_width&#8221; angled_section=&#8221;no&#8221; text_align=&#8221;left&#8221; background_image_as_pattern=&#8221;without_pattern&#8221;][vc_column width=&#8221;1\/4&#8243;][vc_single_image image=&#8221;1324&#8243; img_size=&#8221;medium&#8221; qode_css_animation=&#8221;&#8221;][vc_empty_space height=&#8221;45px&#8221;][\/vc_column][vc_column width=&#8221;3\/4&#8243;][vc_column_text] Zineb Idrissia Hamzi: (Managing Partner) Avocate au Barreau De Casablanca Agr\u00e9\u00e9 pr\u00e8s la Cour de Cassation Marocaine Arbitre et M\u00e9diateur [\/vc_column_text][\/vc_column][\/vc_row][vc_row css_animation=&#8221;&#8221; row_type=&#8221;row&#8221; use_row_as_full_screen_section=&#8221;no&#8221; type=&#8221;full_width&#8221; angled_section=&#8221;no&#8221; text_align=&#8221;left&#8221; background_image_as_pattern=&#8221;without_pattern&#8221;][vc_column][vc_column_text el_class=&#8221;logo-list&#8221;] Qualifications :...\" \/>\n<meta property=\"og:url\" content=\"https:\/\/www.hlf.ma\/fr\/nos-equipes\/zineb-hamzi\/\" \/>\n<meta property=\"og:site_name\" content=\"DS | HAMZI LAW FIRM\" \/>\n<meta property=\"article:modified_time\" content=\"2021-03-23T15:29:37+00:00\" \/>\n<meta name=\"twitter:card\" content=\"summary_large_image\" \/>\n<meta name=\"twitter:label1\" content=\"Est. reading time\" \/>\n\t<meta name=\"twitter:data1\" content=\"3 minutes\" \/>\n<script type=\"application\/ld+json\" class=\"yoast-schema-graph\">{\"@context\":\"https:\/\/schema.org\",\"@graph\":[{\"@type\":\"WebPage\",\"@id\":\"https:\/\/www.hlf.ma\/fr\/nos-equipes\/zineb-hamzi\/\",\"url\":\"https:\/\/www.hlf.ma\/fr\/nos-equipes\/zineb-hamzi\/\",\"name\":\"Zineb Hamzi - DS | HAMZI LAW FIRM\",\"isPartOf\":{\"@id\":\"https:\/\/www.hlf.ma\/fr\/#website\"},\"datePublished\":\"2020-12-21T09:38:14+00:00\",\"dateModified\":\"2021-03-23T15:29:37+00:00\",\"breadcrumb\":{\"@id\":\"https:\/\/www.hlf.ma\/fr\/nos-equipes\/zineb-hamzi\/#breadcrumb\"},\"inLanguage\":\"fr-FR\",\"potentialAction\":[{\"@type\":\"ReadAction\",\"target\":[\"https:\/\/www.hlf.ma\/fr\/nos-equipes\/zineb-hamzi\/\"]}]},{\"@type\":\"BreadcrumbList\",\"@id\":\"https:\/\/www.hlf.ma\/fr\/nos-equipes\/zineb-hamzi\/#breadcrumb\",\"itemListElement\":[{\"@type\":\"ListItem\",\"position\":1,\"name\":\"Home\",\"item\":\"https:\/\/www.hlf.ma\/fr\/\"},{\"@type\":\"ListItem\",\"position\":2,\"name\":\"Nos \u00e9quipes\",\"item\":\"https:\/\/www.hlf.ma\/fr\/nos-equipes\/\"},{\"@type\":\"ListItem\",\"position\":3,\"name\":\"Zineb Hamzi\"}]},{\"@type\":\"WebSite\",\"@id\":\"https:\/\/www.hlf.ma\/fr\/#website\",\"url\":\"https:\/\/www.hlf.ma\/fr\/\",\"name\":\"DS | HAMZI LAW FIRM\",\"description\":\"Unis pour construire\",\"potentialAction\":[{\"@type\":\"SearchAction\",\"target\":{\"@type\":\"EntryPoint\",\"urlTemplate\":\"https:\/\/www.hlf.ma\/fr\/?s={search_term_string}\"},\"query-input\":\"required name=search_term_string\"}],\"inLanguage\":\"fr-FR\"}]}<\/script>\n<!-- \/ Yoast SEO plugin. -->","yoast_head_json":{"title":"Zineb Hamzi - DS | HAMZI LAW FIRM","robots":{"index":"index","follow":"follow","max-snippet":"max-snippet:-1","max-image-preview":"max-image-preview:large","max-video-preview":"max-video-preview:-1"},"canonical":"https:\/\/www.hlf.ma\/fr\/nos-equipes\/zineb-hamzi\/","og_locale":"fr_FR","og_type":"article","og_title":"Zineb Hamzi - DS | HAMZI LAW FIRM","og_description":"[vc_row css_animation=&#8221;&#8221; row_type=&#8221;row&#8221; use_row_as_full_screen_section=&#8221;no&#8221; type=&#8221;full_width&#8221; angled_section=&#8221;no&#8221; text_align=&#8221;left&#8221; background_image_as_pattern=&#8221;without_pattern&#8221;][vc_column width=&#8221;1\/4&#8243;][vc_single_image image=&#8221;1324&#8243; img_size=&#8221;medium&#8221; qode_css_animation=&#8221;&#8221;][vc_empty_space height=&#8221;45px&#8221;][\/vc_column][vc_column width=&#8221;3\/4&#8243;][vc_column_text] Zineb Idrissia Hamzi: (Managing Partner) Avocate au Barreau De Casablanca Agr\u00e9\u00e9 pr\u00e8s la Cour de Cassation Marocaine Arbitre et M\u00e9diateur [\/vc_column_text][\/vc_column][\/vc_row][vc_row css_animation=&#8221;&#8221; row_type=&#8221;row&#8221; use_row_as_full_screen_section=&#8221;no&#8221; type=&#8221;full_width&#8221; angled_section=&#8221;no&#8221; text_align=&#8221;left&#8221; background_image_as_pattern=&#8221;without_pattern&#8221;][vc_column][vc_column_text el_class=&#8221;logo-list&#8221;] Qualifications :...","og_url":"https:\/\/www.hlf.ma\/fr\/nos-equipes\/zineb-hamzi\/","og_site_name":"DS | HAMZI LAW FIRM","article_modified_time":"2021-03-23T15:29:37+00:00","twitter_card":"summary_large_image","twitter_misc":{"Est. reading time":"3 minutes"},"schema":{"@context":"https:\/\/schema.org","@graph":[{"@type":"WebPage","@id":"https:\/\/www.hlf.ma\/fr\/nos-equipes\/zineb-hamzi\/","url":"https:\/\/www.hlf.ma\/fr\/nos-equipes\/zineb-hamzi\/","name":"Zineb Hamzi - DS | HAMZI LAW FIRM","isPartOf":{"@id":"https:\/\/www.hlf.ma\/fr\/#website"},"datePublished":"2020-12-21T09:38:14+00:00","dateModified":"2021-03-23T15:29:37+00:00","breadcrumb":{"@id":"https:\/\/www.hlf.ma\/fr\/nos-equipes\/zineb-hamzi\/#breadcrumb"},"inLanguage":"fr-FR","potentialAction":[{"@type":"ReadAction","target":["https:\/\/www.hlf.ma\/fr\/nos-equipes\/zineb-hamzi\/"]}]},{"@type":"BreadcrumbList","@id":"https:\/\/www.hlf.ma\/fr\/nos-equipes\/zineb-hamzi\/#breadcrumb","itemListElement":[{"@type":"ListItem","position":1,"name":"Home","item":"https:\/\/www.hlf.ma\/fr\/"},{"@type":"ListItem","position":2,"name":"Nos \u00e9quipes","item":"https:\/\/www.hlf.ma\/fr\/nos-equipes\/"},{"@type":"ListItem","position":3,"name":"Zineb Hamzi"}]},{"@type":"WebSite","@id":"https:\/\/www.hlf.ma\/fr\/#website","url":"https:\/\/www.hlf.ma\/fr\/","name":"DS | HAMZI LAW FIRM","description":"Unis pour construire","potentialAction":[{"@type":"SearchAction","target":{"@type":"EntryPoint","urlTemplate":"https:\/\/www.hlf.ma\/fr\/?s={search_term_string}"},"query-input":"required name=search_term_string"}],"inLanguage":"fr-FR"}]}},"_links":{"self":[{"href":"https:\/\/www.hlf.ma\/fr\/wp-json\/wp\/v2\/pages\/1078"}],"collection":[{"href":"https:\/\/www.hlf.ma\/fr\/wp-json\/wp\/v2\/pages"}],"about":[{"href":"https:\/\/www.hlf.ma\/fr\/wp-json\/wp\/v2\/types\/page"}],"author":[{"embeddable":true,"href":"https:\/\/www.hlf.ma\/fr\/wp-json\/wp\/v2\/users\/2"}],"replies":[{"embeddable":true,"href":"https:\/\/www.hlf.ma\/fr\/wp-json\/wp\/v2\/comments?post=1078"}],"version-history":[{"count":5,"href":"https:\/\/www.hlf.ma\/fr\/wp-json\/wp\/v2\/pages\/1078\/revisions"}],"predecessor-version":[{"id":1529,"href":"https:\/\/www.hlf.ma\/fr\/wp-json\/wp\/v2\/pages\/1078\/revisions\/1529"}],"up":[{"embeddable":true,"href":"https:\/\/www.hlf.ma\/fr\/wp-json\/wp\/v2\/pages\/1059"}],"wp:attachment":[{"href":"https:\/\/www.hlf.ma\/fr\/wp-json\/wp\/v2\/media?parent=1078"}],"curies":[{"name":"wp","href":"https:\/\/api.w.org\/{rel}","templated":true}]}}