{"id":1092,"date":"2020-12-21T09:53:38","date_gmt":"2020-12-21T09:53:38","guid":{"rendered":"https:\/\/www.hlf.ma\/general-conditions\/"},"modified":"2021-05-09T11:25:44","modified_gmt":"2021-05-09T11:25:44","slug":"mentions-legales","status":"publish","type":"page","link":"https:\/\/www.hlf.ma\/fr\/mentions-legales\/","title":{"rendered":"Mentions l\u00e9gales"},"content":{"rendered":"<p>[vc_row css_animation=&#8221;&#8221; row_type=&#8221;row&#8221; use_row_as_full_screen_section=&#8221;no&#8221; type=&#8221;full_width&#8221; angled_section=&#8221;no&#8221; text_align=&#8221;left&#8221; background_image_as_pattern=&#8221;without_pattern&#8221;][vc_column][vc_column_text el_class=&#8221;second-title&#8221;]<\/p>\n<h2><strong>1 \u2013 \u00c9DITEUR DU SITE<\/strong><\/h2>\n<p>Le pr\u00e9sent site internet, accessible \u00e0 partir de l\u2019adresse URL\u00a0<a href=\"https:\/\/www.hlf.ma\/fr\/\">www.hlf.ma<\/a> (le \u00ab <em>Site<\/em>\u00a0\u00bb), est \u00e9dit\u00e9 par le Cabinet de Ma\u00eetre Zineb Idrissia Hamzi, Cabinet d\u2019Avocats, inscrit au Barreau de Casablanca, Maroc, exer\u00e7ant sous l\u2019enseigne, Hamzi Law Firm (HLF) en la forme juridique d\u2019une entreprise individuelle lib\u00e9rale situ\u00e9e au N\u00b096 A, Boulevard Al Massira Al Khadra 20370 Casablanca, Maroc.<\/p>\n<p>&nbsp;<\/p>\n<p>T\u00e9l\u00e9phone : +212\u00a0522 39 39 06 \/31.<br \/>\nT\u00e9l\u00e9copie :\u00a0 +212\u00a0522 39 39 13\/16.<\/p>\n<p>&nbsp;<\/p>\n<p>La Directrice de la publication du Site est\u00a0: <strong>Ma\u00eetre Zineb Idrissia HAMZI<\/strong>.<\/p>\n<p>&nbsp;<\/p>\n<p>Le Site Internet est h\u00e9berg\u00e9 par la Soci\u00e9t\u00e9 OVH. Il a \u00e9t\u00e9 con\u00e7u et d\u00e9velopp\u00e9 par COCCINET, 4 rue de la Pierre Lev\u00e9e \u2013 75011 Paris 11 \u2013 France.<\/p>\n<p>&nbsp;<\/p>\n<p>Le nom de domaine\u00a0 hlf.ma est la propri\u00e9t\u00e9 exclusive de Hamzi Law Firm.<\/p>\n<p>&nbsp;<\/p>\n<h2><strong>2<\/strong> \u2013 <strong>CONDITIONS G\u00c9N\u00c9RALES D\u2019UTILISATION<\/strong><\/h2>\n<p>Ce site internet est purement informatif, et destin\u00e9 \u00e0 pr\u00e9senter l\u2019activit\u00e9<strong>, <\/strong>les valeurs<strong>, <\/strong>les derni\u00e8res actualit\u00e9s ainsi que les r\u00e9alisations du Cabinet de Ma\u00eetre Zineb Idrissia HAMZI. Les informations qu\u2019il contient ne peuvent, en aucune fa\u00e7on, \u00eatre consid\u00e9r\u00e9es comme constitutives d\u2019une offre de services, d\u2019une recommandation, ou d\u2019une sollicitation d\u2019offre de services.<\/p>\n<p>&nbsp;<\/p>\n<p>Les informations contenues dans ce site sont non contractuelles et sujettes \u00e0 modification sans pr\u00e9avis. Les liens hypertextuels mis en \u0153uvre sur le site en direction d\u2019autres sites et\/ou de pages personnelles et d\u2019une mani\u00e8re g\u00e9n\u00e9rale vers toutes ressources existantes sur internet ne sauraient engager la responsabilit\u00e9 de l\u2019\u00e9diteur du site.<\/p>\n<p>&nbsp;<\/p>\n<p>L\u2019utilisation de ce site est r\u00e9serv\u00e9e \u00e0 un usage strictement professionnel.<\/p>\n<p>&nbsp;<\/p>\n<p>En envoyant un courriel au Cabinet ou en acc\u00e9dant et\/ou en utilisant le Site, l\u2019Utilisateur d\u00e9clare et garantit qu\u2019il a pris pr\u00e9alablement connaissance des pr\u00e9sentes conditions juridiques, c\u2019est-\u00e0-dire des informations l\u00e9gales, des r\u00e8gles applicables \u00e0 la protection des donn\u00e9es \u00e0 caract\u00e8re personnel et des conditions d\u2019utilisation et qu\u2019il en accepte les termes et conditions sans r\u00e9serve, modification ou restriction.<\/p>\n<p>&nbsp;<\/p>\n<h2><strong>3<\/strong> \u2013 <strong>PROPRI\u00c9T\u00c9 INTELLECTUELLE<\/strong><\/h2>\n<p>Le Site et chacun des \u00e9l\u00e9ments qui le composent, et notamment les textes, articles, lettres d\u2019informations, communiqu\u00e9s, pr\u00e9sentations, brochures, illustrations, photographies, programmes informatiques, animations, etc., sont la propri\u00e9t\u00e9 intellectuelle exclusive de Ma\u00eetre Zineb Idrissia HAMZI, Cabinet d\u2019Avocat, \u00e0 l\u2019exception des marques ou, d\u2019une mani\u00e8re g\u00e9n\u00e9rale, de tout signe distinctif appartenant \u00e0 des tiers qui pourraient \u00eatre cit\u00e9s ou publi\u00e9s.<\/p>\n<p>&nbsp;<\/p>\n<p>Toute reproduction ou repr\u00e9sentation, en tout ou partie, \u00e0 d\u2019autres fins et sur un quelconque support est interdite sans l\u2019autorisation expresse et pr\u00e9alable de l\u2019\u00e9diteur et\u00a0constituerait une contrefa\u00e7on, conform\u00e9ment aux dispositions de la Loi N\u00b02-00 relative aux droits d&#8217;auteur et droits voisins, pouvant engager la responsabilit\u00e9 civile et p\u00e9nale du contrefacteur.<\/p>\n<p>&nbsp;<\/p>\n<p>Les Utilisateurs ne sont autoris\u00e9s qu\u2019\u00e0 repr\u00e9senter le Site du Cabinet sur l\u2019\u00e9cran de leur ordinateur personnel et qu\u2019\u00e0 reproduire temporairement les fichiers qui le constituent dans la m\u00e9moire cache de cet ordinateur aux seules fins de faciliter la consultation du Site.<\/p>\n<p>&nbsp;<\/p>\n<p>En particulier et sous r\u00e9serve des dispositions de l\u2019alin\u00e9a pr\u00e9c\u00e9dent, l\u2019Utilisateur n\u2019est pas autoris\u00e9 \u00e0 reproduire, repr\u00e9senter, modifier, traduire et\/ou adapter, partiellement ou totalement, \u00e0 titre on\u00e9reux ou gratuit, le Site et chacun des \u00e9l\u00e9ments qui le composent, et reproduire et\/ou repr\u00e9senter de telles traductions, adaptations et modifications, partiellement ou totalement, \u00e0 titre on\u00e9reux ou gratuit, sans l\u2019accord pr\u00e9alable \u00e9crit du Cabinet.<\/p>\n<p>&nbsp;<\/p>\n<p>Par exception aux alin\u00e9as pr\u00e9c\u00e9dents, le Cabinet Hamzi autorise les Utilisateurs \u00e0 t\u00e9l\u00e9charger sur le disque dur de leur ordinateur personnel les \u00e9ventuelles lettres d\u2019informations ou les autres documents, propri\u00e9t\u00e9 de Ma\u00eetre Zineb Idrissia HAMZI, qui sont mis \u00e0 la disposition des Utilisateurs sous la forme de fichiers \u00e9lectroniques sp\u00e9cifiquement en vue de leur t\u00e9l\u00e9chargement. Ces fichiers ne pourront \u00eatre t\u00e9l\u00e9charg\u00e9s qu\u2019\u00e0 partir de liens hypertextes pr\u00e9vus \u00e0 cet effet. Dans ce cas, et sauf disposition contraire expresse reproduite sur chacun des documents susvis\u00e9s, l\u2019Utilisateur ne sera autoris\u00e9 qu\u2019\u00e0 d\u00e9tenir une copie de ces documents et qu\u2019\u00e0 imprimer ces documents pour un usage strictement priv\u00e9. Il s\u2019interdit en particulier de diffuser \u00e0 des tiers ces documents, y compris par envoi par courriel, par impression et distribution sur un support tangible et par mise \u00e0 disposition sur un serveur install\u00e9 sur un r\u00e9seau public ou priv\u00e9.<\/p>\n<p>&nbsp;<\/p>\n<p>Toute courte citation, telle que d\u00e9finie \u00e0 l\u2019Article 7-2-b de la\u00a0Loi N\u00b02-00 relative aux droits d\u2019auteur et aux droits voisins, devra faire appara\u00eetre le titre du document ou de la page du Site cit\u00e9, le nom de son auteur et, le cas \u00e9ch\u00e9ant, la date et le num\u00e9ro de publication du document cit\u00e9.<\/p>\n<p>&nbsp;<\/p>\n<h2><strong>4 &#8211; RESPONSABILIT\u00c9 ET LIENS HYPERTEXTES<\/strong><\/h2>\n<p>Le Cabinet, ses dirigeants, ses collaborateurs ou ses salari\u00e9s ne sauraient \u00eatre tenus responsables pour quelque dommage que ce soit provenant d\u2019une connexion au pr\u00e9sent Site que l\u2019Utilisateur effectue sous sa seule responsabilit\u00e9.<\/p>\n<p>&nbsp;<\/p>\n<p>Chaque Utilisateur est seul responsable de l\u2019usage qu\u2019il fait des informations fournies par le Site. Le Cabinet ne pourra en aucun cas \u00eatre tenu responsable de tous dommages directs ou indirects susceptibles de d\u00e9couler de l\u2019utilisation de ces informations par l\u2019Utilisateur.<\/p>\n<p>&nbsp;<\/p>\n<p>Le Cabinet Hamzi ne garantit pas que le Site sera accessible de mani\u00e8re continue.<\/p>\n<p>&nbsp;<\/p>\n<p>A d\u00e9faut d\u2019accord pr\u00e9alable et expr\u00e8s du Cabinet Hamzi, les Utilisateurs ne peuvent cr\u00e9er de lien hypertexte vers le Site du Cabinet et\/ou vers une page quelconque et\/ou vers un fichier s\u2019y trouvant.<\/p>\n<p>&nbsp;<\/p>\n<h2><strong>5 &#8211; <\/strong><strong>PROTECTION DES DONN\u00c9ES PERSONNELLES<\/strong><\/h2>\n<p>L\u2019adresse de courriel et toute autre donn\u00e9e \u00e0 caract\u00e8re personnel inclues volontairement par l\u2019Utilisateur afin de s\u2019identifier dans son courriel adress\u00e9 au Cabinet ainsi que les adresses Internet Protocol qui se rapportent \u00e0 sa connexion Internet sont les seules informations \u00e0 caract\u00e8re personnel susceptibles d\u2019\u00eatre collect\u00e9es au moyen du Site et trait\u00e9es par le Cabinet.<\/p>\n<p>&nbsp;<\/p>\n<p>Le responsable des traitements des Donn\u00e9es \u00e0 Caract\u00e8re Personnel est le Cabinet Hamzi, pour son propre compte, qui s\u2019engage \u00e0 ce que la collecte et le traitement de donn\u00e9es \u00e0 caract\u00e8re personnel \u00e0 partir du Site soient effectu\u00e9s en conformit\u00e9 avec le Dahir N\u00b0 1-09-15 du 22 safar 1430 (18 f\u00e9vrier 2009) portant promulgation de la loi N\u00b0 09-08 relative \u00e0 la protection des personnes physiques \u00e0 l\u2019\u00e9gard du traitement des donn\u00e9es \u00e0 caract\u00e8re personnel.<\/p>\n<p>&nbsp;<\/p>\n<p>Ces donn\u00e9es ne sont conserv\u00e9es et utilis\u00e9es qu\u2019aux seules fins de r\u00e9pondre aux courriels adress\u00e9s au Cabinet et \u00e0 ses membres. Une adresse de courriel valide de l\u2019Utilisateur doit \u00eatre transmise au Cabinet afin que celui-ci puisse r\u00e9pondre au courriel envoy\u00e9. Les donn\u00e9es susvis\u00e9es sont conserv\u00e9es pendant toute la dur\u00e9e n\u00e9cessaire aux finalit\u00e9s pour lesquelles elles sont collect\u00e9es et trait\u00e9es.<\/p>\n<p>&nbsp;<\/p>\n<p>Les adresses Internet Protocol des Utilisateurs sont conserv\u00e9es par le Cabinet aux seules fins d\u2019examiner les \u00e9ventuels dysfonctionnements du Site, d\u2019assurer la s\u00e9curit\u00e9 du Site et\/ou des serveurs sur lesquels il est h\u00e9berg\u00e9 et de proc\u00e9der, le cas \u00e9ch\u00e9ant \u00e0 des calculs statistiques anonymis\u00e9s.<\/p>\n<p>&nbsp;<\/p>\n<p>Le Site utilise des cookies, destin\u00e9s \u00e0 stocker des informations de navigation durant la consultation.<\/p>\n<p>&nbsp;<\/p>\n<p>Un cookie ne permet pas d\u2019identifier l\u2019Utilisateur; en revanche, il enregistre des informations relatives \u00e0 la navigation de l\u2019ordinateur sur le Site (pages consult\u00e9es, la date et l\u2019heure de la consultation, etc.) qui pourront \u00eatre lues lors de visites ult\u00e9rieures.<\/p>\n<p>&nbsp;<\/p>\n<p>L\u2019Utilisateur pourra s\u2019opposer \u00e0 l\u2019enregistrement de \u201ccookies\u201d en configurant les r\u00e9glages de son navigateur conform\u00e9ment \u00e0 la documentation fournie avec son logiciel de navigation.<\/p>\n<p>&nbsp;<\/p>\n<p>Les donn\u00e9es \u00e0 caract\u00e8re personnel collect\u00e9es et trait\u00e9es par le Cabinet au moyen du Site Internet ne sont pas c\u00e9d\u00e9es ou lou\u00e9es, \u00e0 titre gratuit ou on\u00e9reux, \u00e0 des tiers.<\/p>\n<p>&nbsp;<\/p>\n<p>Chaque Utilisateur justifiant de son identit\u00e9 a le droit de demander au Cabinet :<\/p>\n<p>&nbsp;<\/p>\n<ul>\n<li>La confirmation de l\u2019existence ou non d\u2019un traitement des Donn\u00e9es \u00e0 Caract\u00e8re Personnel le concernant par le Cabinet ou pour son compte ;<\/li>\n<li>Des informations relatives aux finalit\u00e9s du ou des traitements, aux cat\u00e9gories de donn\u00e9es \u00e0 caract\u00e8re personnel trait\u00e9es et aux destinataires de ces donn\u00e9es au sein du Cabinet ;<\/li>\n<li>Des informations relatives aux transferts de donn\u00e9es \u00e0 caract\u00e8re personnel le concernant, envisag\u00e9s \u00e0 destination d\u2019un \u00c9tat non membre de la Communaut\u00e9 europ\u00e9enne;<\/li>\n<li>La communication, sous une forme accessible, des donn\u00e9es \u00e0 caract\u00e8re personnel qui le concernent ainsi que de toute information disponible quant \u00e0 l\u2019origine de celles-ci. Une copie des donn\u00e9es \u00e0 caract\u00e8re personnel est d\u00e9livr\u00e9e gratuitement \u00e0 l\u2019Utilisateur, sous r\u00e9serve qu\u2019une telle demande ne soit pas manifestement abusive, notamment par son caract\u00e8re r\u00e9p\u00e9titif ou syst\u00e9matique.<\/li>\n<\/ul>\n<p>&nbsp;<\/p>\n<p>Conform\u00e9ment \u00e0 l\u2019article 7 de la loi n\u00b0 09-08 chaque Utilisateur justifiant de son identit\u00e9 peut exiger que soient, selon les cas, rectifi\u00e9es, compl\u00e9t\u00e9es, mises \u00e0 jour ou effac\u00e9es les donn\u00e9es \u00e0 caract\u00e8re personnel le concernant, qui sont inexactes, incompl\u00e8tes, \u00e9quivoques, p\u00e9rim\u00e9es, ou dont l\u2019utilisation ou la conservation serait interdite.<\/p>\n<p>&nbsp;<\/p>\n<p>Les droits de chaque Utilisateur rappel\u00e9s ci-dessus s\u2019exercent en \u00e9crivant \u00e0 <a href=\"mailto:contact@hlf.ma\">contact@hlf.ma<\/a>\u00a0ou l\u2019adresse suivante :<\/p>\n<p><strong>Ma\u00eetre Zineb Idrissia Hamzi<\/strong>, Avocat au Barreau, 96 A Boulevard Al Massira Al Khadra 20370 CASABLANCA.<\/p>\n<p>&nbsp;<\/p>\n<p>Les donn\u00e9es \u00e0 caract\u00e8re personnel relatives aux membres du Cabinet qui sont rendues accessibles sur le Site ne peuvent \u00eatre collect\u00e9es et faire l\u2019objet d\u2019un traitement sans l\u2019accord pr\u00e9alable et \u00e9crit de la personne concern\u00e9e. En particulier, chaque Utilisateur s\u2019interdit de collecter et d\u2019utiliser, de mani\u00e8re manuelle ou automatis\u00e9e, ces donn\u00e9es \u00e0 caract\u00e8re personnel pour envoyer des messages publicitaires ou de quelque autre nature qui n\u2019aurait pas de relation avec les activit\u00e9s du Cabinet et de ses membres.<\/p>\n<p>&nbsp;<\/p>\n<h2><strong>6 &#8211; DROIT APPLICABLE\u00a0<\/strong><\/h2>\n<p>Ce site internet est soumis au droit marocain, et notamment \u00e0 la r\u00e9glementation applicable \u00e0 la profession d\u2019avocat au Maroc.[\/vc_column_text][vc_empty_space height=&#8221;64px&#8221;][\/vc_column][\/vc_row]<\/p>\n","protected":false},"excerpt":{"rendered":"<p>[vc_row css_animation=&#8221;&#8221; row_type=&#8221;row&#8221; use_row_as_full_screen_section=&#8221;no&#8221; type=&#8221;full_width&#8221; angled_section=&#8221;no&#8221; text_align=&#8221;left&#8221; background_image_as_pattern=&#8221;without_pattern&#8221;][vc_column][vc_column_text el_class=&#8221;second-title&#8221;] 1 \u2013 \u00c9DITEUR DU SITE Le pr\u00e9sent site internet, accessible \u00e0 partir de l\u2019adresse URL\u00a0www.hlf.ma (le \u00ab Site\u00a0\u00bb), est \u00e9dit\u00e9 par le Cabinet de Ma\u00eetre Zineb Idrissia Hamzi, Cabinet d\u2019Avocats, inscrit au Barreau de Casablanca, Maroc,&#8230;<\/p>\n","protected":false},"author":2,"featured_media":0,"parent":0,"menu_order":0,"comment_status":"closed","ping_status":"closed","template":"","meta":{"inline_featured_image":false},"yoast_head":"<!-- This site is optimized with the Yoast SEO plugin v20.5 - https:\/\/yoast.com\/wordpress\/plugins\/seo\/ -->\n<title>Mentions l\u00e9gales - DS | HAMZI LAW FIRM<\/title>\n<meta name=\"robots\" content=\"index, follow, max-snippet:-1, max-image-preview:large, max-video-preview:-1\" \/>\n<link rel=\"canonical\" href=\"https:\/\/www.hlf.ma\/fr\/mentions-legales\/\" \/>\n<meta property=\"og:locale\" content=\"fr_FR\" \/>\n<meta property=\"og:type\" content=\"article\" \/>\n<meta property=\"og:title\" content=\"Mentions l\u00e9gales - DS | HAMZI LAW FIRM\" \/>\n<meta property=\"og:description\" content=\"[vc_row css_animation=&#8221;&#8221; row_type=&#8221;row&#8221; use_row_as_full_screen_section=&#8221;no&#8221; type=&#8221;full_width&#8221; angled_section=&#8221;no&#8221; text_align=&#8221;left&#8221; background_image_as_pattern=&#8221;without_pattern&#8221;][vc_column][vc_column_text el_class=&#8221;second-title&#8221;] 1 \u2013 \u00c9DITEUR DU SITE Le pr\u00e9sent site internet, accessible \u00e0 partir de l\u2019adresse URL\u00a0www.hlf.ma (le \u00ab Site\u00a0\u00bb), est \u00e9dit\u00e9 par le Cabinet de Ma\u00eetre Zineb Idrissia Hamzi, Cabinet d\u2019Avocats, inscrit au Barreau de Casablanca, Maroc,...\" \/>\n<meta property=\"og:url\" content=\"https:\/\/www.hlf.ma\/fr\/mentions-legales\/\" \/>\n<meta property=\"og:site_name\" content=\"DS | HAMZI LAW FIRM\" \/>\n<meta property=\"article:modified_time\" content=\"2021-05-09T11:25:44+00:00\" \/>\n<meta name=\"twitter:card\" content=\"summary_large_image\" \/>\n<meta name=\"twitter:label1\" content=\"Est. reading time\" \/>\n\t<meta name=\"twitter:data1\" content=\"9 minutes\" \/>\n<script type=\"application\/ld+json\" class=\"yoast-schema-graph\">{\"@context\":\"https:\/\/schema.org\",\"@graph\":[{\"@type\":\"WebPage\",\"@id\":\"https:\/\/www.hlf.ma\/fr\/mentions-legales\/\",\"url\":\"https:\/\/www.hlf.ma\/fr\/mentions-legales\/\",\"name\":\"Mentions l\u00e9gales - DS | HAMZI LAW FIRM\",\"isPartOf\":{\"@id\":\"https:\/\/www.hlf.ma\/fr\/#website\"},\"datePublished\":\"2020-12-21T09:53:38+00:00\",\"dateModified\":\"2021-05-09T11:25:44+00:00\",\"breadcrumb\":{\"@id\":\"https:\/\/www.hlf.ma\/fr\/mentions-legales\/#breadcrumb\"},\"inLanguage\":\"fr-FR\",\"potentialAction\":[{\"@type\":\"ReadAction\",\"target\":[\"https:\/\/www.hlf.ma\/fr\/mentions-legales\/\"]}]},{\"@type\":\"BreadcrumbList\",\"@id\":\"https:\/\/www.hlf.ma\/fr\/mentions-legales\/#breadcrumb\",\"itemListElement\":[{\"@type\":\"ListItem\",\"position\":1,\"name\":\"Home\",\"item\":\"https:\/\/www.hlf.ma\/fr\/\"},{\"@type\":\"ListItem\",\"position\":2,\"name\":\"Mentions l\u00e9gales\"}]},{\"@type\":\"WebSite\",\"@id\":\"https:\/\/www.hlf.ma\/fr\/#website\",\"url\":\"https:\/\/www.hlf.ma\/fr\/\",\"name\":\"DS | HAMZI LAW FIRM\",\"description\":\"Unis pour construire\",\"potentialAction\":[{\"@type\":\"SearchAction\",\"target\":{\"@type\":\"EntryPoint\",\"urlTemplate\":\"https:\/\/www.hlf.ma\/fr\/?s={search_term_string}\"},\"query-input\":\"required name=search_term_string\"}],\"inLanguage\":\"fr-FR\"}]}<\/script>\n<!-- \/ Yoast SEO plugin. -->","yoast_head_json":{"title":"Mentions l\u00e9gales - DS | HAMZI LAW FIRM","robots":{"index":"index","follow":"follow","max-snippet":"max-snippet:-1","max-image-preview":"max-image-preview:large","max-video-preview":"max-video-preview:-1"},"canonical":"https:\/\/www.hlf.ma\/fr\/mentions-legales\/","og_locale":"fr_FR","og_type":"article","og_title":"Mentions l\u00e9gales - DS | HAMZI LAW FIRM","og_description":"[vc_row css_animation=&#8221;&#8221; row_type=&#8221;row&#8221; use_row_as_full_screen_section=&#8221;no&#8221; type=&#8221;full_width&#8221; angled_section=&#8221;no&#8221; text_align=&#8221;left&#8221; background_image_as_pattern=&#8221;without_pattern&#8221;][vc_column][vc_column_text el_class=&#8221;second-title&#8221;] 1 \u2013 \u00c9DITEUR DU SITE Le pr\u00e9sent site internet, accessible \u00e0 partir de l\u2019adresse URL\u00a0www.hlf.ma (le \u00ab Site\u00a0\u00bb), est \u00e9dit\u00e9 par le Cabinet de Ma\u00eetre Zineb Idrissia Hamzi, Cabinet d\u2019Avocats, inscrit au Barreau de Casablanca, Maroc,...","og_url":"https:\/\/www.hlf.ma\/fr\/mentions-legales\/","og_site_name":"DS | HAMZI LAW FIRM","article_modified_time":"2021-05-09T11:25:44+00:00","twitter_card":"summary_large_image","twitter_misc":{"Est. reading time":"9 minutes"},"schema":{"@context":"https:\/\/schema.org","@graph":[{"@type":"WebPage","@id":"https:\/\/www.hlf.ma\/fr\/mentions-legales\/","url":"https:\/\/www.hlf.ma\/fr\/mentions-legales\/","name":"Mentions l\u00e9gales - DS | HAMZI LAW FIRM","isPartOf":{"@id":"https:\/\/www.hlf.ma\/fr\/#website"},"datePublished":"2020-12-21T09:53:38+00:00","dateModified":"2021-05-09T11:25:44+00:00","breadcrumb":{"@id":"https:\/\/www.hlf.ma\/fr\/mentions-legales\/#breadcrumb"},"inLanguage":"fr-FR","potentialAction":[{"@type":"ReadAction","target":["https:\/\/www.hlf.ma\/fr\/mentions-legales\/"]}]},{"@type":"BreadcrumbList","@id":"https:\/\/www.hlf.ma\/fr\/mentions-legales\/#breadcrumb","itemListElement":[{"@type":"ListItem","position":1,"name":"Home","item":"https:\/\/www.hlf.ma\/fr\/"},{"@type":"ListItem","position":2,"name":"Mentions l\u00e9gales"}]},{"@type":"WebSite","@id":"https:\/\/www.hlf.ma\/fr\/#website","url":"https:\/\/www.hlf.ma\/fr\/","name":"DS | HAMZI LAW FIRM","description":"Unis pour construire","potentialAction":[{"@type":"SearchAction","target":{"@type":"EntryPoint","urlTemplate":"https:\/\/www.hlf.ma\/fr\/?s={search_term_string}"},"query-input":"required name=search_term_string"}],"inLanguage":"fr-FR"}]}},"_links":{"self":[{"href":"https:\/\/www.hlf.ma\/fr\/wp-json\/wp\/v2\/pages\/1092"}],"collection":[{"href":"https:\/\/www.hlf.ma\/fr\/wp-json\/wp\/v2\/pages"}],"about":[{"href":"https:\/\/www.hlf.ma\/fr\/wp-json\/wp\/v2\/types\/page"}],"author":[{"embeddable":true,"href":"https:\/\/www.hlf.ma\/fr\/wp-json\/wp\/v2\/users\/2"}],"replies":[{"embeddable":true,"href":"https:\/\/www.hlf.ma\/fr\/wp-json\/wp\/v2\/comments?post=1092"}],"version-history":[{"count":5,"href":"https:\/\/www.hlf.ma\/fr\/wp-json\/wp\/v2\/pages\/1092\/revisions"}],"predecessor-version":[{"id":1675,"href":"https:\/\/www.hlf.ma\/fr\/wp-json\/wp\/v2\/pages\/1092\/revisions\/1675"}],"wp:attachment":[{"href":"https:\/\/www.hlf.ma\/fr\/wp-json\/wp\/v2\/media?parent=1092"}],"curies":[{"name":"wp","href":"https:\/\/api.w.org\/{rel}","templated":true}]}}