{"id":1099,"date":"2017-10-25T10:24:41","date_gmt":"2017-10-25T10:24:41","guid":{"rendered":"https:\/\/www.hlf.ma\/accueil\/"},"modified":"2022-01-12T16:51:35","modified_gmt":"2022-01-12T16:51:35","slug":"home","status":"publish","type":"page","link":"https:\/\/www.hlf.ma\/fr\/","title":{"rendered":"Accueil"},"content":{"rendered":"<p>[vc_row css_animation=&#8221;&#8221; row_type=&#8221;row&#8221; use_row_as_full_screen_section=&#8221;no&#8221; type=&#8221;full_width&#8221; angled_section=&#8221;no&#8221; text_align=&#8221;left&#8221; background_image_as_pattern=&#8221;without_pattern&#8221; z_index=&#8221;&#8221;][vc_column][rev_slider_vc alias=&#8221;mainhome-FR-1&#8243;][\/vc_column][\/vc_row][vc_row css_animation=&#8221;element_from_left&#8221; row_type=&#8221;row&#8221; use_row_as_full_screen_section=&#8221;no&#8221; type=&#8221;grid&#8221; angled_section=&#8221;no&#8221; text_align=&#8221;left&#8221; background_image_as_pattern=&#8221;without_pattern&#8221; css=&#8221;.vc_custom_1610111766575{padding-top: 100px !important;padding-bottom: 50px !important;background-position: center !important;background-repeat: no-repeat !important;background-size: cover !important;}&#8221; z_index=&#8221;&#8221; el_id=&#8221;newWhoWeAreBox&#8221; el_class=&#8221;relative-position&#8221;][vc_column offset=&#8221;vc_col-lg-6 vc_col-md-12&#8243; el_id=&#8221;who-we-are-home&#8221;][vc_column_text]<\/p>\n<h2 class=\"sidebar-pane-closing-brace\" style=\"font-size: 36px;\">Qui sommes-nous<\/h2>\n<p>[\/vc_column_text][vc_empty_space height=&#8221;12px&#8221;][vc_column_text]<\/p>\n<h4>Un cabinet a dimension humaine,<br \/>\ndes \u00e9quipes de sp\u00e9cialistes diligents,<br \/>\nsoucieuses d\u2019apporter \u00e0 vos questions des r\u00e9ponses adapt\u00e9es<br \/>\n\u00e0 vos besoins particuliers<br \/>\net a vos pr\u00e9occupations pratiques<\/h4>\n<h4><span style=\"color: #515151; line-height: 25px;\">\u00a0<\/span><\/h4>\n<p>[\/vc_column_text][vc_empty_space height=&#8221;27px&#8221;][vc_column_text]Fond\u00e9 en 1999, HAMZI LAW FIRM est l&#8217;un des principaux cabinets d&#8217;avocats ind\u00e9pendants marocains en droit des affaires.[\/vc_column_text][vc_empty_space height=&#8221;37px&#8221;]\n\n\t<a href=\"https:\/\/www.hlf.ma\/fr\/qui-sommes-nous\/\" target=\"_self\" style=\"color: #ffffff;background-color: #992c2c;font-size: 13px;font-weight: 700\" class=\"qode-btn qode-btn-medium qode-btn-solid qode-btn-custom-hover-bg qode-btn-custom-hover-color qode-btn-custom-icon-bg-hover-color qode-btn-icon qode-btn-icon-square qode-btn-icon-rotate\" data-hover-bg-color=\"#992c2c\" data-hover-color=\"#ffffff\" >\n\t    <span class=\"qode-btn-text\">En savoir plus<\/span><span class=\"qode-button-v2-icon-holder\" style=\"font-size: 19px;border-color: #ae3030;background-color: #ae3030\" data-hover-icon-border-color=\"#ae3030\" data-hover-icon-bg-color=\"#ae3030\"><span aria-hidden=\"true\" class=\"qode_icon_font_elegant icon_plus qode-button-v2-icon-holder-inner\" ><\/span><\/span>\t<\/a>\n\n[vc_empty_space height=&#8221;25px&#8221;][\/vc_column][vc_column css_animation=&#8221;fadeInRight&#8221; offset=&#8221;vc_col-lg-6 vc_col-md-12&#8243; css=&#8221;.vc_custom_1611142230116{padding-right: 80px !important;}&#8221;][qode_content_slider auto_rotate=&#8221;5&#8243;][qode_content_slider_item][vc_raw_html]JTNDdmlkZW8lMjB3aWR0aCUzRCUyMjEwMCUyNSUyMiUyMGhlaWdodCUzRCUyMjY5MCUyMiUyMG11dGVkJTIwYXV0b3BsYXklMjBsb29wJTIwcG9zdGVyJTNEJTIyaHR0cHMlM0ElMkYlMkZ3d3cuaGxmLm1hJTJGd3AtY29udGVudCUyRnVwbG9hZHMlMkYyMDIxJTJGMDQlMkZjYXNhYmxhbmNhLmpwZyUyMiUzRSUwQSUyMCUyMCUzQ3NvdXJjZSUyMHNyYyUzRCUyMmh0dHBzJTNBJTJGJTJGd3d3LmhsZi5tYSUyRndwLWNvbnRlbnQlMkZ1cGxvYWRzJTJGMjAyMSUyRjA4JTJGSExGLUZSLm1wNCUyMiUyMHR5cGUlM0QlMjJ2aWRlbyUyRm1wNCUyMiUyMCUyRiUzRSUwQSUzQyUyRnZpZGVvJTNFJTBB[\/vc_raw_html][\/qode_content_slider_item][\/qode_content_slider][\/vc_column][\/vc_row][vc_row css_animation=&#8221;element_from_top&#8221; row_type=&#8221;row&#8221; use_row_as_full_screen_section=&#8221;no&#8221; type=&#8221;full_width&#8221; angled_section=&#8221;no&#8221; text_align=&#8221;left&#8221; background_image_as_pattern=&#8221;without_pattern&#8221; css=&#8221;.vc_custom_1608218010891{padding-right: 0px !important;padding-left: 0px !important;}&#8221; el_class=&#8221;progress-left-percent&#8221; z_index=&#8221;&#8221;][vc_column][qode_elements_holder number_of_columns=&#8221;two_columns&#8221; switch_to_one_column=&#8221;1000&#8243; custom_class=&#8221;visuel-home-together&#8221;][qode_elements_holder_item advanced_animations=&#8221;no&#8221; background_image=&#8221;1657&#8243; item_padding=&#8221;396px 300px 57px 60px&#8221; item_padding_1280_1440=&#8221;366px 236px 55px 35px&#8221; item_padding_480=&#8221;360px 300px 57px 60px&#8221; custom_class=&#8221;bgWidget&#8221;]<div class=\"qode-animation-holder element_from_left\"><div class=\"qode-animation-holder-inner\"  style=\"-webkit-animation-delay:0.5s; animation-delay:0.5s; -webkit-transition-delay:0.5s; transition-delay:0.5s\"><div class=\"image_with_text\"><img itemprop=\"image\" src=\"\" alt=\"\" \/><h3 ><\/h3><span style=\"margin: 6px 0px;\" class=\"separator transparent\"><\/span><\/p>\n<h3><strong style=\"color: #fff;\">R\u00c9ACTIVIT\u00c9<\/strong><\/h3>\n<h3><strong style=\"color: #fff;\">ETHIQUE<\/strong><\/h3>\n<h3><strong style=\"color: #fff;\">EXCELLENCE &amp; INNOVATION<\/strong><\/h3>\n<p><\/div><\/div><\/div>\n\n\t<a href=\"https:\/\/www.hlf.ma\/fr\/qui-sommes-nous\/nos-valeurs\/\" target=\"_self\" style=\"color: #ffffff;background-color: #992c2c;font-size: 13px;font-weight: 600;margin: 20px 0px 0px 0px\" class=\"qode-btn qode-btn-medium qode-btn-solid qode-btn-custom-hover-color qode-btn-icon qode-btn-icon-square qode-btn-default-hover\" data-hover-color=\"#ffffff\" >\n\t    <span class=\"qode-btn-text\">En savoir plus<\/span><span class=\"qode-button-v2-icon-holder\" style=\"border-color: #ae3030;background-color: #ae3030\" ><span aria-hidden=\"true\" class=\"qode_icon_font_elegant icon_plus qode-button-v2-icon-holder-inner\" ><\/span><\/span>\t<\/a>\n\n[\/qode_elements_holder_item][qode_elements_holder_item advanced_animations=&#8221;no&#8221; item_padding=&#8221;0 95px 10px 95px&#8221; item_padding_1280_1440=&#8221;0 25px 10px 25px&#8221; item_padding_768_1024=&#8221;100px 95px 100px 95px&#8221; item_padding_480=&#8221;100px 95px 100px 95px&#8221;][vc_row_inner row_type=&#8221;row&#8221; type=&#8221;full_width&#8221; text_align=&#8221;left&#8221; css_animation=&#8221;&#8221; css=&#8221;.vc_custom_1508942099486{padding-top: 20px !important;}&#8221;][vc_column_inner el_class=&#8221;expCounter&#8221; width=&#8221;1\/2&#8243; css=&#8221;.vc_custom_1621936815593{padding-right: 35px !important;padding-left: 35px !important;}&#8221;]<div class=\"q_counter_holder  left\" style=\"\" data-digit=\"22\"><span class=\"counter  zero\" style=\"color: #ae3030;font-size: 70px;font-weight: 700;\">22<\/span><span class=\"separator small\" style=\"\"><\/span><\/div>[vc_column_text]<\/p>\n<h3>Ann\u00e9es d&#8217;exp\u00e9rience<\/h3>\n<p>[\/vc_column_text][vc_empty_space height=&#8221;18px&#8221;][vc_column_text][\/vc_column_text][\/vc_column_inner][\/vc_row_inner][\/qode_elements_holder_item][\/qode_elements_holder][vc_row_inner row_type=&#8221;row&#8221; type=&#8221;full_width&#8221; text_align=&#8221;left&#8221; css_animation=&#8221;element_from_left&#8221; padding_top=&#8221;64&#8243; css=&#8221;.vc_custom_1611142455695{padding-right: 80px !important;padding-left: 80px !important;}&#8221;][vc_column_inner width=&#8221;2\/3&#8243;][vc_column_text]<\/p>\n<h2 style=\"font-size: 36px;\">Domaines d&#8217;intervention<\/h2>\n<p>[\/vc_column_text][vc_empty_space height=&#8221;64px&#8221;][\/vc_column_inner][vc_column_inner width=&#8221;1\/3&#8243;][\/vc_column_inner][\/vc_row_inner][vc_row_inner row_type=&#8221;row&#8221; type=&#8221;full_width&#8221; text_align=&#8221;left&#8221; css_animation=&#8221;element_from_top&#8221; css=&#8221;.vc_custom_1611142469723{padding-right: 80px !important;padding-left: 80px !important;}&#8221;][vc_column_inner width=&#8221;1\/4&#8243;]<div class=\"image_with_text\"><img itemprop=\"image\" src=\"https:\/\/www.hlf.ma\/wp-content\/uploads\/2021\/01\/imageedit_3_4395797393.jpg\" alt=\"\" \/><h3 ><\/h3><span style=\"margin: 6px 0px;\" class=\"separator transparent\"><\/span><a style=\"text-decoration: none; font-size: 18px;\" href=\"https:\/\/www.hlf.ma\/fr\/nos-expertises\/droit-des-affaires\/\"><strong>DROIT DES AFFAIRES<\/strong><\/a><\/div>[\/vc_column_inner][vc_column_inner width=&#8221;1\/4&#8243;]<div class=\"image_with_text\"><img itemprop=\"image\" src=\"https:\/\/www.hlf.ma\/wp-content\/uploads\/2020\/12\/Social-Restructuring-International-Mobility.jpg\" alt=\"\" \/><h3 ><\/h3><span style=\"margin: 6px 0px;\" class=\"separator transparent\"><\/span><a style=\"text-decoration: none; font-size: 18px;\" href=\"https:\/\/www.hlf.ma\/fr\/nos-expertises\/restructuration-sociale-mobilite-internationale\/\"><strong>RESTRUCTURATION SOCIALE &amp; MOBILITE INTERNATIONALE<\/strong><\/a><\/div>[\/vc_column_inner][vc_column_inner width=&#8221;1\/4&#8243;]<div class=\"image_with_text\"><img itemprop=\"image\" src=\"https:\/\/www.hlf.ma\/wp-content\/uploads\/2021\/05\/PUBLIC-PRIVATE-PARTNERSHIP-scaled.jpg\" alt=\"\" \/><h3 ><\/h3><span style=\"margin: 6px 0px;\" class=\"separator transparent\"><\/span><a style=\"text-decoration: none; font-size: 18px;\" href=\"https:\/\/www.hlf.ma\/fr\/nos-expertises\/ppp-financement-de-projets\/\"><strong>PPP &amp; FINANCEMENT DE PROJETS <\/strong><\/a><\/div>[\/vc_column_inner][vc_column_inner width=&#8221;1\/4&#8243;]<div class=\"image_with_text\"><img itemprop=\"image\" src=\"https:\/\/www.hlf.ma\/wp-content\/uploads\/2021\/03\/IP-IT-1.jpg\" alt=\"\" \/><h3 ><\/h3><span style=\"margin: 6px 0px;\" class=\"separator transparent\"><\/span><a style=\"text-decoration: none; font-size: 18px;\" href=\"https:\/\/www.hlf.ma\/fr\/nos-expertises\/ip-it-data-protection-tmt\/\"><strong>IP \u2013 IT, DATA PROTECTION &amp; TMT<\/strong><\/a><\/div>[\/vc_column_inner][\/vc_row_inner][vc_empty_space height=&#8221;64px&#8221;][\/vc_column][\/vc_row][vc_row css_animation=&#8221;&#8221; row_type=&#8221;row&#8221; use_row_as_full_screen_section=&#8221;no&#8221; type=&#8221;full_width&#8221; angled_section=&#8221;no&#8221; text_align=&#8221;left&#8221; background_image_as_pattern=&#8221;without_pattern&#8221; z_index=&#8221;&#8221; css=&#8221;.vc_custom_1611142531791{padding-right: 80px !important;padding-left: 80px !important;}&#8221;][vc_column][vc_column_text]<\/p>\n<h2>Derni\u00e8res actualit\u00e9s<\/h2>\n<p>[\/vc_column_text][vc_empty_space height=&#8221;20px&#8221;]<div class='q_masonry_blog'><div class=\"q_masonry_blog_grid_sizer\"><\/div><div class=\"q_masonry_blog_grid_gutter\"><\/div><article  class='post-1880 post type-post status-publish format-standard has-post-thumbnail hentry category-revue-de-press '><div class=\"q_masonry_blog_post_image\"><a itemprop=\"url\" href=\"https:\/\/www.hlf.ma\/fr\/ds-avocats-et-hamzi-law-firm-sallient-au-maroc\/\" target=\"_self\"><img itemprop=\"image\" src=\"https:\/\/www.hlf.ma\/wp-content\/uploads\/2020\/12\/logo-carre-francais.png\" \/><\/a><\/div><div class=\"q_masonry_blog_post_text\"><h3 itemprop=\"name\" class=\"q_masonry_blog_title entry_title\"><a itemprop=\"url\" href=\"https:\/\/www.hlf.ma\/fr\/ds-avocats-et-hamzi-law-firm-sallient-au-maroc\/\">DS Avocats et Hamzi Law Firm s\u2019allient au Maroc<\/a><\/h3><p itemprop=\"description\" class=\"q_masonry_blog_excerpt\">Hamzi Law Firm (HLF), install\u00e9 \u00e0 Casablanca, rejoint le Groupe DS afin de renf...<\/p><div class=\"q_masonry_blog_post_info\"><span itemprop=\"dateCreated\" class=\"time entry_date updated\">04 July, 2022<meta itemprop=\"interactionCount\" content=\"UserComments: <?php echo get_comments_number(qode_get_page_id()); ?>\"\/><\/span><\/div><\/div><\/article><article  class='post-1871 post type-post status-publish format-standard has-post-thumbnail hentry category-revue-de-press category-uncategorized '><div class=\"q_masonry_blog_post_image\"><a itemprop=\"url\" href=\"https:\/\/www.hlf.ma\/fr\/decideurs-managers\/\" target=\"_self\"><img itemprop=\"image\" src=\"https:\/\/www.hlf.ma\/wp-content\/uploads\/2022\/07\/zineb_hamzi-1.jpg\" \/><\/a><\/div><div class=\"q_masonry_blog_post_text\"><h3 itemprop=\"name\" class=\"q_masonry_blog_title entry_title\"><a itemprop=\"url\" href=\"https:\/\/www.hlf.ma\/fr\/decideurs-managers\/\">D\u00c9CIDEURS &#038; MANAGERS<\/a><\/h3><p itemprop=\"description\" class=\"q_masonry_blog_excerpt\">...<\/p><div class=\"q_masonry_blog_post_info\"><span itemprop=\"dateCreated\" class=\"time entry_date updated\">04 July, 2022<meta itemprop=\"interactionCount\" content=\"UserComments: <?php echo get_comments_number(qode_get_page_id()); ?>\"\/><\/span><\/div><\/div><\/article><article  class='post-1822 post type-post status-publish format-standard has-post-thumbnail hentry category-revue-de-press '><div class=\"q_masonry_blog_post_image\"><a itemprop=\"url\" href=\"https:\/\/www.hlf.ma\/fr\/ds-hlf-participe-au-casa-business-law-forum-2021\/\" target=\"_self\"><img itemprop=\"image\" src=\"https:\/\/www.hlf.ma\/wp-content\/uploads\/2021\/12\/1639663260583.jpg\" \/><\/a><\/div><div class=\"q_masonry_blog_post_text\"><h3 itemprop=\"name\" class=\"q_masonry_blog_title entry_title\"><a itemprop=\"url\" href=\"https:\/\/www.hlf.ma\/fr\/ds-hlf-participe-au-casa-business-law-forum-2021\/\">DS-HLF participe AU Casa Business Law Forum 2021<\/a><\/h3><p itemprop=\"description\" class=\"q_masonry_blog_excerpt\">\u00ab Restructuration des entreprises au Maroc et dans l\u2019espace OHADA. Des pratiq...<\/p><div class=\"q_masonry_blog_post_info\"><span itemprop=\"dateCreated\" class=\"time entry_date updated\">20 December, 2021<meta itemprop=\"interactionCount\" content=\"UserComments: <?php echo get_comments_number(qode_get_page_id()); ?>\"\/><\/span><\/div><\/div><\/article><article  class='post-410 post type-post status-publish format-standard has-post-thumbnail hentry category-revue-de-press '><div class=\"q_masonry_blog_post_image\"><a itemprop=\"url\" href=\"https:\/\/www.hlf.ma\/fr\/licenciement-economique-post-covid-attention-aux-abus\/\" target=\"_self\"><img itemprop=\"image\" src=\"https:\/\/www.hlf.ma\/wp-content\/uploads\/2020\/12\/ajdh-maroc.jpg\" \/><\/a><\/div><div class=\"q_masonry_blog_post_text\"><h3 itemprop=\"name\" class=\"q_masonry_blog_title entry_title\"><a itemprop=\"url\" href=\"https:\/\/www.hlf.ma\/fr\/licenciement-economique-post-covid-attention-aux-abus\/\">Licenciement \u00e9conomique post-Covid : Attention aux abus !<\/a><\/h3><p itemprop=\"description\" class=\"q_masonry_blog_excerpt\">La situation actuelle \u00e9tant in\u00e9dite, et en l\u2019absence de r\u00e8gles sp\u00e9cifiques...<\/p><div class=\"q_masonry_blog_post_info\"><span itemprop=\"dateCreated\" class=\"time entry_date updated\">29 March, 2021<meta itemprop=\"interactionCount\" content=\"UserComments: <?php echo get_comments_number(qode_get_page_id()); ?>\"\/><\/span><\/div><\/div><\/article><article  class='post-406 post type-post status-publish format-standard has-post-thumbnail hentry category-revue-de-press '><div class=\"q_masonry_blog_post_image\"><a itemprop=\"url\" href=\"https:\/\/www.hlf.ma\/fr\/inwi-vs-maroc-telecom-qui-represente-qui\/\" target=\"_self\"><img itemprop=\"image\" src=\"https:\/\/www.hlf.ma\/wp-content\/uploads\/2020\/12\/2-medias24.jpg\" \/><\/a><\/div><div class=\"q_masonry_blog_post_text\"><h3 itemprop=\"name\" class=\"q_masonry_blog_title entry_title\"><a itemprop=\"url\" href=\"https:\/\/www.hlf.ma\/fr\/inwi-vs-maroc-telecom-qui-represente-qui\/\">Inwi vs Maroc Telecom &#8220;Qui repr\u00e9sente qui&#8221;<\/a><\/h3><p itemprop=\"description\" class=\"q_masonry_blog_excerpt\">Ouverture du proc\u00e8s et report au 23 avril. IAM a opt\u00e9 pour un cabinet d&#8217;...<\/p><div class=\"q_masonry_blog_post_info\"><span itemprop=\"dateCreated\" class=\"time entry_date updated\">29 March, 2021<meta itemprop=\"interactionCount\" content=\"UserComments: <?php echo get_comments_number(qode_get_page_id()); ?>\"\/><\/span><\/div><\/div><\/article><article  class='post-408 post type-post status-publish format-standard has-post-thumbnail hentry category-revue-de-press '><div class=\"q_masonry_blog_post_image\"><a itemprop=\"url\" href=\"https:\/\/www.hlf.ma\/fr\/inwi-vs-maroc-telecom-iam-repond-lanrt-observe-tout-le-monde-se-tait\/\" target=\"_self\"><img itemprop=\"image\" src=\"https:\/\/www.hlf.ma\/wp-content\/uploads\/2020\/12\/2-medias24.jpg\" \/><\/a><\/div><div class=\"q_masonry_blog_post_text\"><h3 itemprop=\"name\" class=\"q_masonry_blog_title entry_title\"><a itemprop=\"url\" href=\"https:\/\/www.hlf.ma\/fr\/inwi-vs-maroc-telecom-iam-repond-lanrt-observe-tout-le-monde-se-tait\/\">Inwi vs Maroc Telecom IAM r\u00e9pond l&#8217;ANRT observe tout le monde se tait<\/a><\/h3><p itemprop=\"description\" class=\"q_masonry_blog_excerpt\">Ce 23 avril, passage discret et rapide devant le tribunal de commerce de Rabat. ...<\/p><div class=\"q_masonry_blog_post_info\"><span itemprop=\"dateCreated\" class=\"time entry_date updated\">28 March, 2021<meta itemprop=\"interactionCount\" content=\"UserComments: <?php echo get_comments_number(qode_get_page_id()); ?>\"\/><\/span><\/div><\/div><\/article><\/div>[\/vc_column][\/vc_row]<\/p>\n","protected":false},"excerpt":{"rendered":"<p>[vc_row css_animation=&#8221;&#8221; row_type=&#8221;row&#8221; use_row_as_full_screen_section=&#8221;no&#8221; type=&#8221;full_width&#8221; angled_section=&#8221;no&#8221; text_align=&#8221;left&#8221; background_image_as_pattern=&#8221;without_pattern&#8221; z_index=&#8221;&#8221;][vc_column][rev_slider_vc alias=&#8221;mainhome-FR-1&#8243;][\/vc_column][\/vc_row][vc_row css_animation=&#8221;element_from_left&#8221; row_type=&#8221;row&#8221; use_row_as_full_screen_section=&#8221;no&#8221; type=&#8221;grid&#8221; angled_section=&#8221;no&#8221; text_align=&#8221;left&#8221; background_image_as_pattern=&#8221;without_pattern&#8221; css=&#8221;.vc_custom_1610111766575{padding-top: 100px !important;padding-bottom: 50px !important;background-position: center !important;background-repeat: no-repeat !important;background-size: cover !important;}&#8221; z_index=&#8221;&#8221; el_id=&#8221;newWhoWeAreBox&#8221; el_class=&#8221;relative-position&#8221;][vc_column offset=&#8221;vc_col-lg-6 vc_col-md-12&#8243; el_id=&#8221;who-we-are-home&#8221;][vc_column_text] Qui sommes-nous [\/vc_column_text][vc_empty_space height=&#8221;12px&#8221;][vc_column_text] Un cabinet a dimension humaine, des \u00e9quipes&#8230;<\/p>\n","protected":false},"author":2,"featured_media":0,"parent":0,"menu_order":0,"comment_status":"closed","ping_status":"closed","template":"","meta":{"inline_featured_image":false},"yoast_head":"<!-- This site is optimized with the Yoast SEO plugin v20.5 - https:\/\/yoast.com\/wordpress\/plugins\/seo\/ -->\n<title>DS | HAMZI LAW FIRM<\/title>\n<meta name=\"robots\" content=\"index, follow, max-snippet:-1, max-image-preview:large, max-video-preview:-1\" \/>\n<link rel=\"canonical\" href=\"https:\/\/www.hlf.ma\/fr\/\" \/>\n<meta property=\"og:locale\" content=\"fr_FR\" \/>\n<meta property=\"og:type\" content=\"article\" \/>\n<meta property=\"og:title\" content=\"DS | HAMZI LAW FIRM\" \/>\n<meta property=\"og:description\" content=\"[vc_row css_animation=&#8221;&#8221; row_type=&#8221;row&#8221; use_row_as_full_screen_section=&#8221;no&#8221; type=&#8221;full_width&#8221; angled_section=&#8221;no&#8221; text_align=&#8221;left&#8221; background_image_as_pattern=&#8221;without_pattern&#8221; z_index=&#8221;&#8221;][vc_column][rev_slider_vc alias=&#8221;mainhome-FR-1&#8243;][\/vc_column][\/vc_row][vc_row css_animation=&#8221;element_from_left&#8221; row_type=&#8221;row&#8221; use_row_as_full_screen_section=&#8221;no&#8221; type=&#8221;grid&#8221; angled_section=&#8221;no&#8221; text_align=&#8221;left&#8221; background_image_as_pattern=&#8221;without_pattern&#8221; css=&#8221;.vc_custom_1610111766575{padding-top: 100px !important;padding-bottom: 50px !important;background-position: center !important;background-repeat: no-repeat !important;background-size: cover !important;}&#8221; z_index=&#8221;&#8221; el_id=&#8221;newWhoWeAreBox&#8221; el_class=&#8221;relative-position&#8221;][vc_column offset=&#8221;vc_col-lg-6 vc_col-md-12&#8243; el_id=&#8221;who-we-are-home&#8221;][vc_column_text] Qui sommes-nous [\/vc_column_text][vc_empty_space height=&#8221;12px&#8221;][vc_column_text] Un cabinet a dimension humaine, des \u00e9quipes...\" \/>\n<meta property=\"og:url\" content=\"https:\/\/www.hlf.ma\/fr\/\" \/>\n<meta property=\"og:site_name\" content=\"DS | HAMZI LAW FIRM\" \/>\n<meta property=\"article:modified_time\" content=\"2022-01-12T16:51:35+00:00\" \/>\n<meta name=\"twitter:card\" content=\"summary_large_image\" \/>\n<meta name=\"twitter:label1\" content=\"Est. reading time\" \/>\n\t<meta name=\"twitter:data1\" content=\"2 minutes\" \/>\n<script type=\"application\/ld+json\" class=\"yoast-schema-graph\">{\"@context\":\"https:\/\/schema.org\",\"@graph\":[{\"@type\":\"WebPage\",\"@id\":\"https:\/\/www.hlf.ma\/fr\/\",\"url\":\"https:\/\/www.hlf.ma\/fr\/\",\"name\":\"DS | HAMZI LAW FIRM\",\"isPartOf\":{\"@id\":\"https:\/\/www.hlf.ma\/fr\/#website\"},\"datePublished\":\"2017-10-25T10:24:41+00:00\",\"dateModified\":\"2022-01-12T16:51:35+00:00\",\"breadcrumb\":{\"@id\":\"https:\/\/www.hlf.ma\/fr\/#breadcrumb\"},\"inLanguage\":\"fr-FR\",\"potentialAction\":[{\"@type\":\"ReadAction\",\"target\":[\"https:\/\/www.hlf.ma\/fr\/\"]}]},{\"@type\":\"BreadcrumbList\",\"@id\":\"https:\/\/www.hlf.ma\/fr\/#breadcrumb\",\"itemListElement\":[{\"@type\":\"ListItem\",\"position\":1,\"name\":\"Home\",\"item\":\"https:\/\/www.hlf.ma\/fr\/\"},{\"@type\":\"ListItem\",\"position\":2,\"name\":\"Accueil\"}]},{\"@type\":\"WebSite\",\"@id\":\"https:\/\/www.hlf.ma\/fr\/#website\",\"url\":\"https:\/\/www.hlf.ma\/fr\/\",\"name\":\"DS | HAMZI LAW FIRM\",\"description\":\"Unis pour construire\",\"potentialAction\":[{\"@type\":\"SearchAction\",\"target\":{\"@type\":\"EntryPoint\",\"urlTemplate\":\"https:\/\/www.hlf.ma\/fr\/?s={search_term_string}\"},\"query-input\":\"required name=search_term_string\"}],\"inLanguage\":\"fr-FR\"}]}<\/script>\n<!-- \/ Yoast SEO plugin. -->","yoast_head_json":{"title":"DS | HAMZI LAW FIRM","robots":{"index":"index","follow":"follow","max-snippet":"max-snippet:-1","max-image-preview":"max-image-preview:large","max-video-preview":"max-video-preview:-1"},"canonical":"https:\/\/www.hlf.ma\/fr\/","og_locale":"fr_FR","og_type":"article","og_title":"DS | HAMZI LAW FIRM","og_description":"[vc_row css_animation=&#8221;&#8221; row_type=&#8221;row&#8221; use_row_as_full_screen_section=&#8221;no&#8221; type=&#8221;full_width&#8221; angled_section=&#8221;no&#8221; text_align=&#8221;left&#8221; background_image_as_pattern=&#8221;without_pattern&#8221; z_index=&#8221;&#8221;][vc_column][rev_slider_vc alias=&#8221;mainhome-FR-1&#8243;][\/vc_column][\/vc_row][vc_row css_animation=&#8221;element_from_left&#8221; row_type=&#8221;row&#8221; use_row_as_full_screen_section=&#8221;no&#8221; type=&#8221;grid&#8221; angled_section=&#8221;no&#8221; text_align=&#8221;left&#8221; background_image_as_pattern=&#8221;without_pattern&#8221; css=&#8221;.vc_custom_1610111766575{padding-top: 100px !important;padding-bottom: 50px !important;background-position: center !important;background-repeat: no-repeat !important;background-size: cover !important;}&#8221; z_index=&#8221;&#8221; el_id=&#8221;newWhoWeAreBox&#8221; el_class=&#8221;relative-position&#8221;][vc_column offset=&#8221;vc_col-lg-6 vc_col-md-12&#8243; el_id=&#8221;who-we-are-home&#8221;][vc_column_text] Qui sommes-nous [\/vc_column_text][vc_empty_space height=&#8221;12px&#8221;][vc_column_text] Un cabinet a dimension humaine, des \u00e9quipes...","og_url":"https:\/\/www.hlf.ma\/fr\/","og_site_name":"DS | HAMZI LAW FIRM","article_modified_time":"2022-01-12T16:51:35+00:00","twitter_card":"summary_large_image","twitter_misc":{"Est. reading time":"2 minutes"},"schema":{"@context":"https:\/\/schema.org","@graph":[{"@type":"WebPage","@id":"https:\/\/www.hlf.ma\/fr\/","url":"https:\/\/www.hlf.ma\/fr\/","name":"DS | HAMZI LAW FIRM","isPartOf":{"@id":"https:\/\/www.hlf.ma\/fr\/#website"},"datePublished":"2017-10-25T10:24:41+00:00","dateModified":"2022-01-12T16:51:35+00:00","breadcrumb":{"@id":"https:\/\/www.hlf.ma\/fr\/#breadcrumb"},"inLanguage":"fr-FR","potentialAction":[{"@type":"ReadAction","target":["https:\/\/www.hlf.ma\/fr\/"]}]},{"@type":"BreadcrumbList","@id":"https:\/\/www.hlf.ma\/fr\/#breadcrumb","itemListElement":[{"@type":"ListItem","position":1,"name":"Home","item":"https:\/\/www.hlf.ma\/fr\/"},{"@type":"ListItem","position":2,"name":"Accueil"}]},{"@type":"WebSite","@id":"https:\/\/www.hlf.ma\/fr\/#website","url":"https:\/\/www.hlf.ma\/fr\/","name":"DS | HAMZI LAW FIRM","description":"Unis pour construire","potentialAction":[{"@type":"SearchAction","target":{"@type":"EntryPoint","urlTemplate":"https:\/\/www.hlf.ma\/fr\/?s={search_term_string}"},"query-input":"required name=search_term_string"}],"inLanguage":"fr-FR"}]}},"_links":{"self":[{"href":"https:\/\/www.hlf.ma\/fr\/wp-json\/wp\/v2\/pages\/1099"}],"collection":[{"href":"https:\/\/www.hlf.ma\/fr\/wp-json\/wp\/v2\/pages"}],"about":[{"href":"https:\/\/www.hlf.ma\/fr\/wp-json\/wp\/v2\/types\/page"}],"author":[{"embeddable":true,"href":"https:\/\/www.hlf.ma\/fr\/wp-json\/wp\/v2\/users\/2"}],"replies":[{"embeddable":true,"href":"https:\/\/www.hlf.ma\/fr\/wp-json\/wp\/v2\/comments?post=1099"}],"version-history":[{"count":5,"href":"https:\/\/www.hlf.ma\/fr\/wp-json\/wp\/v2\/pages\/1099\/revisions"}],"predecessor-version":[{"id":1810,"href":"https:\/\/www.hlf.ma\/fr\/wp-json\/wp\/v2\/pages\/1099\/revisions\/1810"}],"wp:attachment":[{"href":"https:\/\/www.hlf.ma\/fr\/wp-json\/wp\/v2\/media?parent=1099"}],"curies":[{"name":"wp","href":"https:\/\/api.w.org\/{rel}","templated":true}]}}