{"id":1133,"date":"2020-12-21T12:28:16","date_gmt":"2020-12-21T12:28:16","guid":{"rendered":"https:\/\/www.hlf.ma\/nos-expertises\/contentieux-marc\/"},"modified":"2021-05-09T08:49:26","modified_gmt":"2021-05-09T08:49:26","slug":"contentieux-marc","status":"publish","type":"page","link":"https:\/\/www.hlf.ma\/fr\/nos-expertises\/contentieux-marc\/","title":{"rendered":"Contentieux &#038; MARC"},"content":{"rendered":"<p>[vc_row css_animation=&#8221;&#8221; row_type=&#8221;row&#8221; use_row_as_full_screen_section=&#8221;no&#8221; type=&#8221;full_width&#8221; angled_section=&#8221;no&#8221; text_align=&#8221;left&#8221; background_image_as_pattern=&#8221;without_pattern&#8221;][vc_column]<div class=\"qode-accordion-holder clearfix qode-toggle qode-initial \">\n\t<h2 class=\"clearfix qode-title-holder\">\n<span class=\"qode-tab-title\">\n\t    <span class=\"qode-tab-title-inner\">\n        Contentieux en droit des affaires    <\/span>\n<\/span>\n<span class=\"qode-accordion-mark\">\n    <span class=\"qode-accordion-mark-icon\">\n        <span class=\"icon_plus\"><\/span>\n        <span class=\"icon_minus-06\"><\/span>\n    <\/span>\n<\/span>\n<\/h2>\n<div  class=\"qode-accordion-content \" >\n    <div class=\"qode-accordion-content-inner\">\n        [vc_column_text]Notre d\u00e9partement \u00ab\u00a0Contentieux\u00a0\u00bb prend en charge, en demande et en d\u00e9fense, devant les juridictions commerciales comp\u00e9tentes, et sur l\u2019ensemble du territoire marocain, les contentieux corporate et commerciaux, susceptibles d\u2019impacter l\u2019activit\u00e9 des entreprises :[\/vc_column_text][vc_column_text el_class=&#8221;second-title&#8221;]<\/p>\n<h2><strong>CONTENTIEUX CORPORATE\u00a0<\/strong><\/h2>\n<p>[\/vc_column_text][vc_column_text el_class=&#8221;logo-list&#8221;]<\/p>\n<ul>\n<li>Litiges li\u00e9s \u00e0 l\u2019acquisition\/vente d\u2019une entreprise (paiement du prix de cession ou du compl\u00e9ment de prix, application de clauses d\u2019earn out, mise en jeu de GAP, nullit\u00e9 de conventions de cession pour dol, ou activation de garanties l\u00e9gales).<\/li>\n<li>Litiges entre associ\u00e9s \/ actionnaires\u00a0;<\/li>\n<li>Contentieux concernant les dirigeants (actions en responsabilit\u00e9 civile des mandataires sociaux, actions en <a href=\"http:\/\/www.editions-legislatives.fr\/content\/laction-en-insuffisance-dactif-revue-par-la-loi-sapin-ii\" target=\"_blank\" rel=\"noopener noreferrer\">comblement d\u2019insuffisance d\u2019actifs<\/a>, d\u00e9fense lors de poursuites p\u00e9nales cons\u00e9cutives \u00e0 des agissements du dirigeant commises dans l\u2019exercice de ses fonctions).<\/li>\n<\/ul>\n<p>[\/vc_column_text][vc_column_text el_class=&#8221;second-title&#8221;]<\/p>\n<h2><strong>CONTENTIEUX COMMERCIAUX ET CONTRACTUELS\u00a0<\/strong><\/h2>\n<p>[\/vc_column_text][vc_column_text el_class=&#8221;logo-list&#8221;]<\/p>\n<ul>\n<li>Litiges relatifs aux contrats commerciaux, aux contrats d\u2019agence commerciale ou de distribution\u00a0;<\/li>\n<li>Contentieux des baux commerciaux\u00a0;<\/li>\n<li>Contentieux en droit de la concurrence:<\/li>\n<\/ul>\n<p>[\/vc_column_text][vc_column_text el_class=&#8221;second-title&#8221;]<\/p>\n<h2><strong>CONTENTIEUX DE LA CONCURRENCE<\/strong><\/h2>\n<p>[\/vc_column_text][vc_column_text el_class=&#8221;logo-list&#8221;]<\/p>\n<ul>\n<li>Actions priv\u00e9es concernant la r\u00e9paration de dommages anticoncurrentiels\u00a0;<\/li>\n<li>Contentieux relatifs aux pratiques restrictives (rupture brutale de relations commerciales \u00e9tablies, n\u00e9gociations commerciales, etc.) ;<\/li>\n<li>Contentieux en droit de la distribution.<\/li>\n<\/ul>\n<p>[\/vc_column_text][vc_column_text el_class=&#8221;second-title&#8221;]<\/p>\n<h2><strong>CONTENTIEUX DU RECOUVREMENT\u00a0<\/strong><\/h2>\n<p>[\/vc_column_text][vc_column_text el_class=&#8221;logo-list&#8221;]<\/p>\n<ul>\n<li>Audit des factures et CGV pour assurer un recouvrement efficace\u00a0;<\/li>\n<li>Envoi de Mises en demeure\u00a0;<\/li>\n<li>Proc\u00e9dures d\u2019Injonction de payer\u00a0;<\/li>\n<li>Assignations en paiement\u00a0;<\/li>\n<li>Mesures conservatoires en vue de garantir les cr\u00e9ances\u00a0;<\/li>\n<li>Mesures d\u2019ex\u00e9cution.<\/li>\n<\/ul>\n<p>[\/vc_column_text]    <\/div>\n<\/div><h2 class=\"clearfix qode-title-holder\">\n<span class=\"qode-tab-title\">\n\t    <span class=\"qode-tab-title-inner\">\n        Arbitrage &amp; M\u00e9diation    <\/span>\n<\/span>\n<span class=\"qode-accordion-mark\">\n    <span class=\"qode-accordion-mark-icon\">\n        <span class=\"icon_plus\"><\/span>\n        <span class=\"icon_minus-06\"><\/span>\n    <\/span>\n<\/span>\n<\/h2>\n<div  class=\"qode-accordion-content \" >\n    <div class=\"qode-accordion-content-inner\">\n        [vc_column_text el_class=&#8221;second-title&#8221;]<\/p>\n<h2>Qu\u2019est-ce que la m\u00e9diation\u00a0?<\/h2>\n<p>[\/vc_column_text][vc_column_text]<strong>La m\u00e9diation est un processus amiable, volontaire et confidentiel de r\u00e9solution des diff\u00e9rends.<\/strong><\/p>\n<p>&nbsp;<\/p>\n<p>L\u2019objectif : proposer aux parties en conflit l\u2019intervention d\u2019un\u00a0<strong>tiers ind\u00e9pendant<\/strong>\u00a0et\u00a0<strong>impartial form\u00e9<\/strong>\u00a0\u00e0 la m\u00e9diation, qui les aide \u00e0 parvenir \u00e0 une\u00a0<strong>solution n\u00e9goci\u00e9e<\/strong>\u00a0et, en tout cas, conforme \u00e0 leurs int\u00e9r\u00eats respectifs,\u00a0<strong>mettant fin au litige<\/strong> par une formule transactionnelle. (Article 1098 du Code des obligations et des contrats marocain).<\/p>\n<p>&nbsp;<\/p>\n<p>Le m\u00e9diateur n\u2019est\u00a0<strong>ni un juge<\/strong>,\u00a0<strong>ni un arbitre<\/strong>, mais plut\u00f4t un \u00ab facilitateur \u00bb dont la mission est de permettre d\u2019ouvrir\u00a0<strong>la n\u00e9gociation\u00a0<\/strong>entre les parties, afin de les aider \u00e0 trouver elles-m\u00eames une solution \u00e0 leur diff\u00e9rend.\u00a0<strong>Il n\u2019a donc pas vocation \u00e0 trancher<\/strong>\u00a0le litige ni \u00e0 apporter lui-m\u00eame la solution.[\/vc_column_text][vc_column_text el_class=&#8221;second-title&#8221;]<\/p>\n<h2>Quelques avantages de la m\u00e9diation ?<\/h2>\n<p>[\/vc_column_text][vc_column_text el_class=&#8221;logo-list&#8221;]<\/p>\n<ul>\n<li>Gain de temps<\/li>\n<li>Co\u00fbt ma\u00eetris\u00e9<\/li>\n<li>Confidentialit\u00e9 de l\u2019ensemble des discussions et de l\u2019accord trouv\u00e9<\/li>\n<li>Pr\u00e9servation des relations entre les parties<\/li>\n<li>Cr\u00e9ativit\u00e9 des solutions<\/li>\n<li>Ma\u00eetrise totale de la solution par les parties<\/li>\n<li>Facilitation de la communication et du dialogue social dans les entreprises<\/li>\n<li>Suspension des d\u00e9lais de prescription<\/li>\n<\/ul>\n<p>[\/vc_column_text][vc_column_text el_class=&#8221;second-title&#8221;]<\/p>\n<h2>Domaines d\u2019application de la m\u00e9diation<\/h2>\n<p>[\/vc_column_text][vc_column_text el_class=&#8221;logo-list&#8221;]Que ce soit pour des conflits rencontr\u00e9s avec un cocontractant (un fournisseur, un prestataire, un client, un franchis\u00e9, etc.), des conflits internes \u00e0 l\u2019entreprise, ou des conflits collectifs, la m\u00e9diation offre des solutions dans bon nombre de domaines.<\/p>\n<p>&nbsp;<\/p>\n<p>Hamzi Law Firm \u00a0propose ainsi principalement 3 types de m\u00e9diation\u00a0:<\/p>\n<ul>\n<li>la\u00a0<a href=\"http:\/\/www.cmap.fr\/notre-offre\/la-mediation\/la-mediation-interentreprises\/\" target=\"_blank\" rel=\"noopener noreferrer\">m\u00e9diation inter-entreprises<\/a> (conflits entre entreprises)<\/li>\n<li>La\u00a0<a href=\"http:\/\/www.cmap.fr\/notre-offre\/la-mediation\/la-mediation-intra-entreprise\/\" target=\"_blank\" rel=\"noopener noreferrer\">m\u00e9diation intra-entreprise <\/a>(conflits en droit social)<\/li>\n<li>La co-m\u00e9diation interculturelle (conflit entre deux entreprises de nationalit\u00e9 diff\u00e9rente)<\/li>\n<\/ul>\n<p>&nbsp;<\/p>\n<p>Pour chacun de ses domaines d\u2019application, la m\u00e9diation peut \u00eatre mise en \u0153uvre :<\/p>\n<ul>\n<li>de fa\u00e7on conventionnelle : elle est alors initi\u00e9e par les parties elles-m\u00eames spontan\u00e9ment \u00e0 la naissance du litige ou bien parce qu\u2019une\u00a0<a href=\"http:\/\/www.cmap.fr\/le-cmap\/clauses-a-inserer\/\" target=\"_blank\" rel=\"noopener noreferrer\">clause de m\u00e9diation<\/a>\u00a0a \u00e9t\u00e9 ins\u00e9r\u00e9e dans le contrat qui les lie<\/li>\n<li>ou bien de fa\u00e7on judiciaire : elle est alors ordonn\u00e9e par le juge civil ou commercial, \u00e0 sa propre initiative et avec l\u2019accord des parties ou \u00e0 la demande de celles-ci ou de leurs conseils.<\/li>\n<\/ul>\n<p>&nbsp;<\/p>\n<p><strong>Ma\u00eetre Zineb Idrissia Hamzi<\/strong> est m\u00e9diateur agr\u00e9\u00e9 par le Centre de M\u00e9diation et d\u2019Arbitrage de Paris.<\/p>\n<p>Membre du Conseil scientifique du Centre de M\u00e9diation et d\u2019Arbitrage pr\u00e8s la Chambre de Commerce Franco-Arabe.<\/p>\n<p>&nbsp;<\/p>\n<p><strong>Ma\u00eetre Patrice Mouchon<\/strong> est M\u00e9diateur agr\u00e9\u00e9 par l\u2019Institut d\u2019Expertise, d\u2019Arbitrage et de M\u00e9diation \u00e0 Paris. Il est par ailleurs, Pr\u00e9sident du Centre de M\u00e9diation et d\u2019Arbitrage pr\u00e8s la Chambre de Commerce Franco-Arabe.<\/p>\n<p>&nbsp;<\/p>\n<p>Ils sont sp\u00e9cialistes de la co-m\u00e9diation interculturelle, conseils et accompagnateurs en m\u00e9diation aupr\u00e8s des entreprises.[\/vc_column_text]    <\/div>\n<\/div><\/div>[vc_empty_space height=&#8221;45px&#8221;][\/vc_column][\/vc_row]<\/p>\n","protected":false},"excerpt":{"rendered":"<p>[vc_row css_animation=&#8221;&#8221; row_type=&#8221;row&#8221; use_row_as_full_screen_section=&#8221;no&#8221; type=&#8221;full_width&#8221; angled_section=&#8221;no&#8221; text_align=&#8221;left&#8221; background_image_as_pattern=&#8221;without_pattern&#8221;][vc_column][vc_empty_space height=&#8221;45px&#8221;][\/vc_column][\/vc_row]<\/p>\n","protected":false},"author":2,"featured_media":0,"parent":1032,"menu_order":0,"comment_status":"closed","ping_status":"closed","template":"","meta":{"inline_featured_image":false},"yoast_head":"<!-- This site is optimized with the Yoast SEO plugin v20.5 - https:\/\/yoast.com\/wordpress\/plugins\/seo\/ -->\n<title>Contentieux &amp; MARC - DS | HAMZI LAW FIRM<\/title>\n<meta name=\"robots\" content=\"index, follow, max-snippet:-1, max-image-preview:large, max-video-preview:-1\" \/>\n<link rel=\"canonical\" href=\"https:\/\/www.hlf.ma\/fr\/nos-expertises\/contentieux-marc\/\" \/>\n<meta property=\"og:locale\" content=\"fr_FR\" \/>\n<meta property=\"og:type\" content=\"article\" \/>\n<meta property=\"og:title\" content=\"Contentieux &amp; MARC - DS | HAMZI LAW FIRM\" \/>\n<meta property=\"og:description\" content=\"[vc_row css_animation=&#8221;&#8221; row_type=&#8221;row&#8221; use_row_as_full_screen_section=&#8221;no&#8221; type=&#8221;full_width&#8221; angled_section=&#8221;no&#8221; text_align=&#8221;left&#8221; background_image_as_pattern=&#8221;without_pattern&#8221;][vc_column][vc_empty_space height=&#8221;45px&#8221;][\/vc_column][\/vc_row]\" \/>\n<meta property=\"og:url\" content=\"https:\/\/www.hlf.ma\/fr\/nos-expertises\/contentieux-marc\/\" \/>\n<meta property=\"og:site_name\" content=\"DS | HAMZI LAW FIRM\" \/>\n<meta property=\"article:modified_time\" content=\"2021-05-09T08:49:26+00:00\" \/>\n<meta name=\"twitter:card\" content=\"summary_large_image\" \/>\n<meta name=\"twitter:label1\" content=\"Est. reading time\" \/>\n\t<meta name=\"twitter:data1\" content=\"5 minutes\" \/>\n<script type=\"application\/ld+json\" class=\"yoast-schema-graph\">{\"@context\":\"https:\/\/schema.org\",\"@graph\":[{\"@type\":\"WebPage\",\"@id\":\"https:\/\/www.hlf.ma\/fr\/nos-expertises\/contentieux-marc\/\",\"url\":\"https:\/\/www.hlf.ma\/fr\/nos-expertises\/contentieux-marc\/\",\"name\":\"Contentieux & MARC - DS | HAMZI LAW FIRM\",\"isPartOf\":{\"@id\":\"https:\/\/www.hlf.ma\/fr\/#website\"},\"datePublished\":\"2020-12-21T12:28:16+00:00\",\"dateModified\":\"2021-05-09T08:49:26+00:00\",\"breadcrumb\":{\"@id\":\"https:\/\/www.hlf.ma\/fr\/nos-expertises\/contentieux-marc\/#breadcrumb\"},\"inLanguage\":\"fr-FR\",\"potentialAction\":[{\"@type\":\"ReadAction\",\"target\":[\"https:\/\/www.hlf.ma\/fr\/nos-expertises\/contentieux-marc\/\"]}]},{\"@type\":\"BreadcrumbList\",\"@id\":\"https:\/\/www.hlf.ma\/fr\/nos-expertises\/contentieux-marc\/#breadcrumb\",\"itemListElement\":[{\"@type\":\"ListItem\",\"position\":1,\"name\":\"Home\",\"item\":\"https:\/\/www.hlf.ma\/fr\/\"},{\"@type\":\"ListItem\",\"position\":2,\"name\":\"Nos expertises\",\"item\":\"https:\/\/www.hlf.ma\/fr\/nos-expertises\/\"},{\"@type\":\"ListItem\",\"position\":3,\"name\":\"Contentieux &#038; MARC\"}]},{\"@type\":\"WebSite\",\"@id\":\"https:\/\/www.hlf.ma\/fr\/#website\",\"url\":\"https:\/\/www.hlf.ma\/fr\/\",\"name\":\"DS | HAMZI LAW FIRM\",\"description\":\"Unis pour construire\",\"potentialAction\":[{\"@type\":\"SearchAction\",\"target\":{\"@type\":\"EntryPoint\",\"urlTemplate\":\"https:\/\/www.hlf.ma\/fr\/?s={search_term_string}\"},\"query-input\":\"required name=search_term_string\"}],\"inLanguage\":\"fr-FR\"}]}<\/script>\n<!-- \/ Yoast SEO plugin. -->","yoast_head_json":{"title":"Contentieux & MARC - DS | HAMZI LAW FIRM","robots":{"index":"index","follow":"follow","max-snippet":"max-snippet:-1","max-image-preview":"max-image-preview:large","max-video-preview":"max-video-preview:-1"},"canonical":"https:\/\/www.hlf.ma\/fr\/nos-expertises\/contentieux-marc\/","og_locale":"fr_FR","og_type":"article","og_title":"Contentieux & MARC - DS | HAMZI LAW FIRM","og_description":"[vc_row css_animation=&#8221;&#8221; row_type=&#8221;row&#8221; use_row_as_full_screen_section=&#8221;no&#8221; type=&#8221;full_width&#8221; angled_section=&#8221;no&#8221; text_align=&#8221;left&#8221; background_image_as_pattern=&#8221;without_pattern&#8221;][vc_column][vc_empty_space height=&#8221;45px&#8221;][\/vc_column][\/vc_row]","og_url":"https:\/\/www.hlf.ma\/fr\/nos-expertises\/contentieux-marc\/","og_site_name":"DS | HAMZI LAW FIRM","article_modified_time":"2021-05-09T08:49:26+00:00","twitter_card":"summary_large_image","twitter_misc":{"Est. reading time":"5 minutes"},"schema":{"@context":"https:\/\/schema.org","@graph":[{"@type":"WebPage","@id":"https:\/\/www.hlf.ma\/fr\/nos-expertises\/contentieux-marc\/","url":"https:\/\/www.hlf.ma\/fr\/nos-expertises\/contentieux-marc\/","name":"Contentieux & MARC - DS | HAMZI LAW FIRM","isPartOf":{"@id":"https:\/\/www.hlf.ma\/fr\/#website"},"datePublished":"2020-12-21T12:28:16+00:00","dateModified":"2021-05-09T08:49:26+00:00","breadcrumb":{"@id":"https:\/\/www.hlf.ma\/fr\/nos-expertises\/contentieux-marc\/#breadcrumb"},"inLanguage":"fr-FR","potentialAction":[{"@type":"ReadAction","target":["https:\/\/www.hlf.ma\/fr\/nos-expertises\/contentieux-marc\/"]}]},{"@type":"BreadcrumbList","@id":"https:\/\/www.hlf.ma\/fr\/nos-expertises\/contentieux-marc\/#breadcrumb","itemListElement":[{"@type":"ListItem","position":1,"name":"Home","item":"https:\/\/www.hlf.ma\/fr\/"},{"@type":"ListItem","position":2,"name":"Nos expertises","item":"https:\/\/www.hlf.ma\/fr\/nos-expertises\/"},{"@type":"ListItem","position":3,"name":"Contentieux &#038; MARC"}]},{"@type":"WebSite","@id":"https:\/\/www.hlf.ma\/fr\/#website","url":"https:\/\/www.hlf.ma\/fr\/","name":"DS | HAMZI LAW FIRM","description":"Unis pour construire","potentialAction":[{"@type":"SearchAction","target":{"@type":"EntryPoint","urlTemplate":"https:\/\/www.hlf.ma\/fr\/?s={search_term_string}"},"query-input":"required name=search_term_string"}],"inLanguage":"fr-FR"}]}},"_links":{"self":[{"href":"https:\/\/www.hlf.ma\/fr\/wp-json\/wp\/v2\/pages\/1133"}],"collection":[{"href":"https:\/\/www.hlf.ma\/fr\/wp-json\/wp\/v2\/pages"}],"about":[{"href":"https:\/\/www.hlf.ma\/fr\/wp-json\/wp\/v2\/types\/page"}],"author":[{"embeddable":true,"href":"https:\/\/www.hlf.ma\/fr\/wp-json\/wp\/v2\/users\/2"}],"replies":[{"embeddable":true,"href":"https:\/\/www.hlf.ma\/fr\/wp-json\/wp\/v2\/comments?post=1133"}],"version-history":[{"count":5,"href":"https:\/\/www.hlf.ma\/fr\/wp-json\/wp\/v2\/pages\/1133\/revisions"}],"predecessor-version":[{"id":1625,"href":"https:\/\/www.hlf.ma\/fr\/wp-json\/wp\/v2\/pages\/1133\/revisions\/1625"}],"up":[{"embeddable":true,"href":"https:\/\/www.hlf.ma\/fr\/wp-json\/wp\/v2\/pages\/1032"}],"wp:attachment":[{"href":"https:\/\/www.hlf.ma\/fr\/wp-json\/wp\/v2\/media?parent=1133"}],"curies":[{"name":"wp","href":"https:\/\/api.w.org\/{rel}","templated":true}]}}