{"id":1136,"date":"2020-12-21T12:29:22","date_gmt":"2020-12-21T12:29:22","guid":{"rendered":"https:\/\/www.hlf.ma\/nos-expertises\/assurance-transports\/"},"modified":"2022-04-12T09:57:40","modified_gmt":"2022-04-12T09:57:40","slug":"assurance-transports","status":"publish","type":"page","link":"https:\/\/www.hlf.ma\/fr\/nos-expertises\/assurance-transports\/","title":{"rendered":"Assurance &#038; transports"},"content":{"rendered":"<p>[vc_row css_animation=&#8221;&#8221; row_type=&#8221;row&#8221; use_row_as_full_screen_section=&#8221;no&#8221; type=&#8221;full_width&#8221; angled_section=&#8221;no&#8221; text_align=&#8221;left&#8221; background_image_as_pattern=&#8221;without_pattern&#8221;][vc_column]<div class=\"qode-accordion-holder clearfix qode-toggle qode-initial \">\n\t<h2 class=\"clearfix qode-title-holder\">\n<span class=\"qode-tab-title\">\n\t    <span class=\"qode-tab-title-inner\">\n        Droit des transports    <\/span>\n<\/span>\n<span class=\"qode-accordion-mark\">\n    <span class=\"qode-accordion-mark-icon\">\n        <span class=\"icon_plus\"><\/span>\n        <span class=\"icon_minus-06\"><\/span>\n    <\/span>\n<\/span>\n<\/h2>\n<div  class=\"qode-accordion-content \" >\n    <div class=\"qode-accordion-content-inner\">\n        [vc_column_text]DS-HLF est, depuis plus de vingt ans, l\u2019un des seuls Cabinets marocains disposant de comp\u00e9tences acad\u00e9miques et pratiques de haut niveau en droit des assurances et des transports, lui permettant de maitriser l\u2019int\u00e9gralit\u00e9 des probl\u00e9matiques int\u00e9ressant le droit des transports, maritimes, a\u00e9riens et terrestres, de la logistique, et des activit\u00e9s connexes.<\/p>\n<p>&nbsp;<\/p>\n<p>Il est devenu la r\u00e9f\u00e9rence incontournable des principaux acteurs du march\u00e9 de l&#8217;assurance, et op\u00e9rateurs de transport et de logistique et intervient, notamment, sur les aspects suivants\u00a0:[\/vc_column_text][vc_column_text el_class=&#8221;second-title&#8221;]<\/p>\n<h2>R\u00c8GLEMENTATION DES TRANSPORTS<\/h2>\n<p>[\/vc_column_text][vc_column_text el_class=&#8221;logo-list&#8221;]<\/p>\n<ul>\n<li>R\u00e8glementation nationale et internationale des transports (a\u00e9rien, maritime et terrestre)\u00a0;<\/li>\n<li>Incoterms ;<\/li>\n<li>R\u00e8gles administratives en mati\u00e8re de transport international ;<\/li>\n<li>R\u00e8glementation des gens de mer ;<\/li>\n<li>Responsabilit\u00e9 transporteurs et chargeurs.<\/li>\n<\/ul>\n<p>[\/vc_column_text][vc_column_text el_class=&#8221;second-title&#8221;]<\/p>\n<h2>CONTRATS DE TRANSPORT ET CONTRATS CONNEXES, EN DROIT MAROCAIN ET EN DROIT INTERNATIONAL<\/h2>\n<p>[\/vc_column_text][vc_column_text el_class=&#8221;logo-list&#8221;]<\/p>\n<ul>\n<li>Contrats types ;<\/li>\n<li>Transport routier (CMR) ;<\/li>\n<li>Transport a\u00e9rien ;<\/li>\n<li>Transport maritime ;<\/li>\n<li>Transport multimodal de marchandises ;<\/li>\n<li>Contrats d\u2019affr\u00e9tement ;<\/li>\n<li>Contrats de commission de transport ;<\/li>\n<li>Contrats d\u2019entreposage.<\/li>\n<\/ul>\n<p>[\/vc_column_text][vc_column_text el_class=&#8221;second-title&#8221;]<\/p>\n<h2><strong>CONTRATS LOGISTIQUES <\/strong><\/h2>\n<p>[\/vc_column_text][vc_column_text el_class=&#8221;logo-list&#8221;]<\/p>\n<ul>\n<li>Contrats de mise \u00e0 disposition et de gestion de plateforme logistique\u00a0;<\/li>\n<li>Contrats de prestations logistiques (1PL ; 2PL ; 3PL ; 4PL) ;<\/li>\n<li>Supply chain management.<\/li>\n<\/ul>\n<p>[\/vc_column_text][vc_column_text el_class=&#8221;second-title&#8221;]<\/p>\n<h2>CONTENTIEUX DU TRANSPORT<\/h2>\n<p>[\/vc_column_text][vc_column_text el_class=&#8221;logo-list&#8221;]Nos avocats sont comp\u00e9tents pour repr\u00e9senter et d\u00e9fendre les int\u00e9r\u00eats de leurs clients devant toutes les juridictions marocaines, ainsi que devant les diff\u00e9rents organismes d&#8217;arbitrages (London Court of International Arbitration\u00a0; Cour d\u2019Arbitrage Internationale de la CCI Paris\u00a0; Centre de Conciliation, d\u2019Arbitrage et d\u2019Expertise (CCAE) de la Chambre de Commerce Franco-Arabe \u00e0 Paris).[\/vc_column_text]    <\/div>\n<\/div><h2 class=\"clearfix qode-title-holder\">\n<span class=\"qode-tab-title\">\n\t    <span class=\"qode-tab-title-inner\">\n        Droit des assurances    <\/span>\n<\/span>\n<span class=\"qode-accordion-mark\">\n    <span class=\"qode-accordion-mark-icon\">\n        <span class=\"icon_plus\"><\/span>\n        <span class=\"icon_minus-06\"><\/span>\n    <\/span>\n<\/span>\n<\/h2>\n<div  class=\"qode-accordion-content \" >\n    <div class=\"qode-accordion-content-inner\">\n        [vc_column_text el_class=&#8221;second-title&#8221;]<\/p>\n<h2>AUDITS D\u2019ASSURANCES<\/h2>\n<p>[\/vc_column_text][vc_column_text el_class=&#8221;logo-list&#8221;]<\/p>\n<ul>\n<li>Analyse des garanties\u00a0;<\/li>\n<li>Contr\u00f4le et analyse des dossiers de gestion de sinistres ;<\/li>\n<li>Identification des opportunit\u00e9s d\u2019optimisation des co\u00fbts de gestion du portefeuille assurances.<\/li>\n<\/ul>\n<p>[\/vc_column_text][vc_column_text el_class=&#8221;second-title&#8221;]<\/p>\n<h2>ASSURANCES-CR\u00c9DIT<\/h2>\n<p>[\/vc_column_text][vc_column_text el_class=&#8221;logo-list&#8221;]<\/p>\n<ul>\n<li>Recouvrement de cr\u00e9ances\u00a0dans le cadre d\u2019actions subrogatoires;<\/li>\n<li>Mesures conservatoires ;<\/li>\n<li>Recherches d\u2019actifs.<\/li>\n<\/ul>\n<p>[\/vc_column_text][vc_column_text el_class=&#8221;second-title&#8221;]<\/p>\n<h2><strong>ASSURANCES RESPONSABILIT\u00c9 CIVILE DES DIRIGEANTS ET MANDATAIRES SOCIAUX <\/strong><\/h2>\n<p>[\/vc_column_text][vc_column_text el_class=&#8221;logo-list&#8221;]<\/p>\n<ul>\n<li>Audit des syst\u00e8mes de gouvernance et identification des risques de mise en cause de la Responsabilit\u00e9 Civile des Dirigeants\u00a0;<\/li>\n<li>Assistance \u00e0 la mise en place des assurances RC Dirigeants et Mandataires Sociaux adapt\u00e9es.<\/li>\n<\/ul>\n<p>[\/vc_column_text][vc_column_text el_class=&#8221;second-title&#8221;]<\/p>\n<h2>ASSURANCES RISQUES INDUSTRIELS ET TECHNOLOGIQUES<\/h2>\n<p>[\/vc_column_text][vc_column_text el_class=&#8221;logo-list&#8221;]<\/p>\n<ul>\n<li>Diagnostic des risques de l\u2019entreprise\u00a0;<\/li>\n<li>Audit de conformit\u00e9 juridique et r\u00e9glementaire et mise en place des programmes de conformit\u00e9 ;<\/li>\n<li>Gestion des sinistres.<\/li>\n<\/ul>\n<p>[\/vc_column_text][vc_column_text el_class=&#8221;second-title&#8221;]<\/p>\n<h2>ASSURANCES TRANSPORTS<\/h2>\n<p>[\/vc_column_text][vc_column_text el_class=&#8221;logo-list&#8221;]<\/p>\n<ul>\n<li>Assurances de responsabilit\u00e9 et assurances <em>ad valorem\u00a0;<\/em><\/li>\n<li>Recours pour le compte d\u2019assur\u00e9s et recours subrogatoire contre les tiers responsables ;<\/li>\n<li>Recours entre les transporteurs successifs.<\/li>\n<\/ul>\n<p>[\/vc_column_text]    <\/div>\n<\/div><\/div>[vc_empty_space height=&#8221;45px&#8221;][\/vc_column][\/vc_row]<\/p>\n","protected":false},"excerpt":{"rendered":"<p>[vc_row css_animation=&#8221;&#8221; row_type=&#8221;row&#8221; use_row_as_full_screen_section=&#8221;no&#8221; type=&#8221;full_width&#8221; angled_section=&#8221;no&#8221; text_align=&#8221;left&#8221; background_image_as_pattern=&#8221;without_pattern&#8221;][vc_column][vc_empty_space height=&#8221;45px&#8221;][\/vc_column][\/vc_row]<\/p>\n","protected":false},"author":2,"featured_media":0,"parent":1032,"menu_order":0,"comment_status":"closed","ping_status":"closed","template":"","meta":{"inline_featured_image":false},"yoast_head":"<!-- This site is optimized with the Yoast SEO plugin v20.5 - https:\/\/yoast.com\/wordpress\/plugins\/seo\/ -->\n<title>Assurance &amp; transports - DS | HAMZI LAW FIRM<\/title>\n<meta name=\"robots\" content=\"index, follow, max-snippet:-1, max-image-preview:large, max-video-preview:-1\" \/>\n<link rel=\"canonical\" href=\"https:\/\/www.hlf.ma\/fr\/nos-expertises\/assurance-transports\/\" \/>\n<meta property=\"og:locale\" content=\"fr_FR\" \/>\n<meta property=\"og:type\" content=\"article\" \/>\n<meta property=\"og:title\" content=\"Assurance &amp; transports - DS | HAMZI LAW FIRM\" \/>\n<meta property=\"og:description\" content=\"[vc_row css_animation=&#8221;&#8221; row_type=&#8221;row&#8221; use_row_as_full_screen_section=&#8221;no&#8221; type=&#8221;full_width&#8221; angled_section=&#8221;no&#8221; text_align=&#8221;left&#8221; background_image_as_pattern=&#8221;without_pattern&#8221;][vc_column][vc_empty_space height=&#8221;45px&#8221;][\/vc_column][\/vc_row]\" \/>\n<meta property=\"og:url\" content=\"https:\/\/www.hlf.ma\/fr\/nos-expertises\/assurance-transports\/\" \/>\n<meta property=\"og:site_name\" content=\"DS | HAMZI LAW FIRM\" \/>\n<meta property=\"article:modified_time\" content=\"2022-04-12T09:57:40+00:00\" \/>\n<meta name=\"twitter:card\" content=\"summary_large_image\" \/>\n<meta name=\"twitter:label1\" content=\"Est. reading time\" \/>\n\t<meta name=\"twitter:data1\" content=\"2 minutes\" \/>\n<script type=\"application\/ld+json\" class=\"yoast-schema-graph\">{\"@context\":\"https:\/\/schema.org\",\"@graph\":[{\"@type\":\"WebPage\",\"@id\":\"https:\/\/www.hlf.ma\/fr\/nos-expertises\/assurance-transports\/\",\"url\":\"https:\/\/www.hlf.ma\/fr\/nos-expertises\/assurance-transports\/\",\"name\":\"Assurance & transports - DS | HAMZI LAW FIRM\",\"isPartOf\":{\"@id\":\"https:\/\/www.hlf.ma\/fr\/#website\"},\"datePublished\":\"2020-12-21T12:29:22+00:00\",\"dateModified\":\"2022-04-12T09:57:40+00:00\",\"breadcrumb\":{\"@id\":\"https:\/\/www.hlf.ma\/fr\/nos-expertises\/assurance-transports\/#breadcrumb\"},\"inLanguage\":\"fr-FR\",\"potentialAction\":[{\"@type\":\"ReadAction\",\"target\":[\"https:\/\/www.hlf.ma\/fr\/nos-expertises\/assurance-transports\/\"]}]},{\"@type\":\"BreadcrumbList\",\"@id\":\"https:\/\/www.hlf.ma\/fr\/nos-expertises\/assurance-transports\/#breadcrumb\",\"itemListElement\":[{\"@type\":\"ListItem\",\"position\":1,\"name\":\"Home\",\"item\":\"https:\/\/www.hlf.ma\/fr\/\"},{\"@type\":\"ListItem\",\"position\":2,\"name\":\"Nos expertises\",\"item\":\"https:\/\/www.hlf.ma\/fr\/nos-expertises\/\"},{\"@type\":\"ListItem\",\"position\":3,\"name\":\"Assurance &#038; transports\"}]},{\"@type\":\"WebSite\",\"@id\":\"https:\/\/www.hlf.ma\/fr\/#website\",\"url\":\"https:\/\/www.hlf.ma\/fr\/\",\"name\":\"DS | HAMZI LAW FIRM\",\"description\":\"Unis pour construire\",\"potentialAction\":[{\"@type\":\"SearchAction\",\"target\":{\"@type\":\"EntryPoint\",\"urlTemplate\":\"https:\/\/www.hlf.ma\/fr\/?s={search_term_string}\"},\"query-input\":\"required name=search_term_string\"}],\"inLanguage\":\"fr-FR\"}]}<\/script>\n<!-- \/ Yoast SEO plugin. -->","yoast_head_json":{"title":"Assurance & transports - DS | HAMZI LAW FIRM","robots":{"index":"index","follow":"follow","max-snippet":"max-snippet:-1","max-image-preview":"max-image-preview:large","max-video-preview":"max-video-preview:-1"},"canonical":"https:\/\/www.hlf.ma\/fr\/nos-expertises\/assurance-transports\/","og_locale":"fr_FR","og_type":"article","og_title":"Assurance & transports - DS | HAMZI LAW FIRM","og_description":"[vc_row css_animation=&#8221;&#8221; row_type=&#8221;row&#8221; use_row_as_full_screen_section=&#8221;no&#8221; type=&#8221;full_width&#8221; angled_section=&#8221;no&#8221; text_align=&#8221;left&#8221; background_image_as_pattern=&#8221;without_pattern&#8221;][vc_column][vc_empty_space height=&#8221;45px&#8221;][\/vc_column][\/vc_row]","og_url":"https:\/\/www.hlf.ma\/fr\/nos-expertises\/assurance-transports\/","og_site_name":"DS | HAMZI LAW FIRM","article_modified_time":"2022-04-12T09:57:40+00:00","twitter_card":"summary_large_image","twitter_misc":{"Est. reading time":"2 minutes"},"schema":{"@context":"https:\/\/schema.org","@graph":[{"@type":"WebPage","@id":"https:\/\/www.hlf.ma\/fr\/nos-expertises\/assurance-transports\/","url":"https:\/\/www.hlf.ma\/fr\/nos-expertises\/assurance-transports\/","name":"Assurance & transports - DS | HAMZI LAW FIRM","isPartOf":{"@id":"https:\/\/www.hlf.ma\/fr\/#website"},"datePublished":"2020-12-21T12:29:22+00:00","dateModified":"2022-04-12T09:57:40+00:00","breadcrumb":{"@id":"https:\/\/www.hlf.ma\/fr\/nos-expertises\/assurance-transports\/#breadcrumb"},"inLanguage":"fr-FR","potentialAction":[{"@type":"ReadAction","target":["https:\/\/www.hlf.ma\/fr\/nos-expertises\/assurance-transports\/"]}]},{"@type":"BreadcrumbList","@id":"https:\/\/www.hlf.ma\/fr\/nos-expertises\/assurance-transports\/#breadcrumb","itemListElement":[{"@type":"ListItem","position":1,"name":"Home","item":"https:\/\/www.hlf.ma\/fr\/"},{"@type":"ListItem","position":2,"name":"Nos expertises","item":"https:\/\/www.hlf.ma\/fr\/nos-expertises\/"},{"@type":"ListItem","position":3,"name":"Assurance &#038; transports"}]},{"@type":"WebSite","@id":"https:\/\/www.hlf.ma\/fr\/#website","url":"https:\/\/www.hlf.ma\/fr\/","name":"DS | HAMZI LAW FIRM","description":"Unis pour construire","potentialAction":[{"@type":"SearchAction","target":{"@type":"EntryPoint","urlTemplate":"https:\/\/www.hlf.ma\/fr\/?s={search_term_string}"},"query-input":"required name=search_term_string"}],"inLanguage":"fr-FR"}]}},"_links":{"self":[{"href":"https:\/\/www.hlf.ma\/fr\/wp-json\/wp\/v2\/pages\/1136"}],"collection":[{"href":"https:\/\/www.hlf.ma\/fr\/wp-json\/wp\/v2\/pages"}],"about":[{"href":"https:\/\/www.hlf.ma\/fr\/wp-json\/wp\/v2\/types\/page"}],"author":[{"embeddable":true,"href":"https:\/\/www.hlf.ma\/fr\/wp-json\/wp\/v2\/users\/2"}],"replies":[{"embeddable":true,"href":"https:\/\/www.hlf.ma\/fr\/wp-json\/wp\/v2\/comments?post=1136"}],"version-history":[{"count":5,"href":"https:\/\/www.hlf.ma\/fr\/wp-json\/wp\/v2\/pages\/1136\/revisions"}],"predecessor-version":[{"id":1860,"href":"https:\/\/www.hlf.ma\/fr\/wp-json\/wp\/v2\/pages\/1136\/revisions\/1860"}],"up":[{"embeddable":true,"href":"https:\/\/www.hlf.ma\/fr\/wp-json\/wp\/v2\/pages\/1032"}],"wp:attachment":[{"href":"https:\/\/www.hlf.ma\/fr\/wp-json\/wp\/v2\/media?parent=1136"}],"curies":[{"name":"wp","href":"https:\/\/api.w.org\/{rel}","templated":true}]}}