{"id":1142,"date":"2020-12-21T12:47:29","date_gmt":"2020-12-21T12:47:29","guid":{"rendered":"https:\/\/www.hlf.ma\/nos-expertises\/ppp-financement-de-projets\/"},"modified":"2022-04-12T09:53:39","modified_gmt":"2022-04-12T09:53:39","slug":"ppp-financement-de-projets","status":"publish","type":"page","link":"https:\/\/www.hlf.ma\/fr\/nos-expertises\/ppp-financement-de-projets\/","title":{"rendered":"PPP &#038; Financement de projets"},"content":{"rendered":"<p>[vc_row css_animation=&#8221;&#8221; row_type=&#8221;row&#8221; use_row_as_full_screen_section=&#8221;no&#8221; type=&#8221;full_width&#8221; angled_section=&#8221;no&#8221; text_align=&#8221;left&#8221; background_image_as_pattern=&#8221;without_pattern&#8221;][vc_column][vc_column_text]<\/p>\n<div class=\"g12-xs g9-xl\">\n<p>A la faveur du d\u00e9veloppement consid\u00e9rable qu\u2019ont connu les partenariats public-priv\u00e9 au Maroc, au cours des dix derni\u00e8res ann\u00e9es, DS-HLF est intervenu sur les principaux projets, de grande envergure, initi\u00e9s par le Royaume du Maroc, tant dans le domaine des infrastructures (ports, gares routi\u00e8res, chemins de fer, projets de d\u00e9veloppement urbain, h\u00f4pitaux\u2026) et de l\u2019industrie touristique, que dans celui des \u00e9nergies renouvelables (centrales solaires et \u00e9oliennes), et de l\u2019exploration mini\u00e8re.<\/p>\n<p>&nbsp;<\/p>\n<p>Assistant nos clients, groupes industriels de l\u2019industrie \u00e9nerg\u00e9tique, entreprises de construction publiques ou priv\u00e9es, soci\u00e9t\u00e9s d\u2019exploitation mini\u00e8re, soci\u00e9t\u00e9s de promotion touristique et h\u00f4teli\u00e8re, fonds d&#8217;investissement, fondations et institutions financi\u00e8res, les avocats de notre Cabinet, disposant de comp\u00e9tences multiples dans les domaines du Droit Public, des Soci\u00e9t\u00e9s, Fiscal, Financier et Contractuel, ma\u00eetrisent toutes les \u00e9tapes du d\u00e9veloppement d\u2019un projet, de la phase d\u2019\u00e9tude de faisabilit\u00e9 \u00e0 la phase op\u00e9rationnelle.<\/p>\n<p>&nbsp;<\/p>\n<p>Ils interviennent \u00e0 toutes les phases du projet, pendant le processus d\u2019appel d\u2019offres, de structuration fiscale et contractuelle, d\u2019\u00e9laboration et de n\u00e9gociation des contrats, de construction, de financement et d\u2019op\u00e9rationnalisation :<\/p>\n<\/div>\n<p>[\/vc_column_text][vc_column_text el_class=&#8221;second-title&#8221;]<\/p>\n<div class=\"g12-xs g9-xl\">\n<h2>Audit du Projet : due diligence juridique et fiscale et \u00e9laboration d\u2019analyse de risques<\/h2>\n<\/div>\n<p>[\/vc_column_text][vc_column_text el_class=&#8221;second-title&#8221;]<\/p>\n<div class=\"g12-xs g9-xl\">\n<h2>Structuration contractuelle des Partenariats Publics-Priv\u00e9s :<\/h2>\n<\/div>\n<p>[\/vc_column_text][vc_column_text el_class=&#8221;logo-list&#8221;]<\/p>\n<ul>\n<li>Constitution de consortiums ou cr\u00e9ation de joint-ventures ;<\/li>\n<li>Revue des Statuts de SPV et Pactes d\u2019Actionnaires ;<\/li>\n<li>Assistance \u00e0 la n\u00e9gociation, \u00e0 la r\u00e9daction, et\/ ou \u00e0 la ren\u00e9gociation d\u2019accords de PPP (contrats EPC et EPCM, contrats de gestion d\u00e9l\u00e9gu\u00e9e, concession, contrats de r\u00e9gie int\u00e9ress\u00e9e);<\/li>\n<li>Mise en place des contrats de sous-traitance.<\/li>\n<\/ul>\n<p>[\/vc_column_text][vc_column_text el_class=&#8221;second-title&#8221;]<\/p>\n<div class=\"g12-xs g9-xl\">\n<h2>Financement et refinancement de projet :<\/h2>\n<\/div>\n<p>[\/vc_column_text][vc_column_text el_class=&#8221;logo-list&#8221;]<\/p>\n<ul>\n<li>Structuration et n\u00e9gociation de la documentation de financement (accords inter cr\u00e9anciers, accords directs) et des s\u00fbret\u00e9s (s\u00fbret\u00e9s personnelles ou r\u00e9elles).<\/li>\n<\/ul>\n<p>[\/vc_column_text][vc_column_text el_class=&#8221;second-title&#8221;]<\/p>\n<div class=\"g12-xs g9-xl\">\n<h2>Conseil en droit de l\u2019environnement et de l\u2019urbanisme<\/h2>\n<\/div>\n<p>[\/vc_column_text][vc_column_text el_class=&#8221;second-title&#8221;]<\/p>\n<div class=\"g12-xs g9-xl\">\n<h2>Conseil pr\u00e9contentieux et r\u00e9solution des litiges relatifs \u00e0 l\u2019ex\u00e9cution du projet, devant les juridictions de l\u2019ordre judiciaire ou les juridictions arbitrales<\/h2>\n<\/div>\n<p>[\/vc_column_text][vc_empty_space height=&#8221;45px&#8221;][\/vc_column][\/vc_row]<\/p>\n","protected":false},"excerpt":{"rendered":"<p>[vc_row css_animation=&#8221;&#8221; row_type=&#8221;row&#8221; use_row_as_full_screen_section=&#8221;no&#8221; type=&#8221;full_width&#8221; angled_section=&#8221;no&#8221; text_align=&#8221;left&#8221; background_image_as_pattern=&#8221;without_pattern&#8221;][vc_column][vc_column_text] A la faveur du d\u00e9veloppement consid\u00e9rable qu\u2019ont connu les partenariats public-priv\u00e9 au Maroc, au cours des dix derni\u00e8res ann\u00e9es, DS-HLF est intervenu sur les principaux projets, de grande envergure, initi\u00e9s par le Royaume du Maroc, tant dans&#8230;<\/p>\n","protected":false},"author":2,"featured_media":0,"parent":1032,"menu_order":0,"comment_status":"closed","ping_status":"closed","template":"","meta":{"inline_featured_image":false},"yoast_head":"<!-- This site is optimized with the Yoast SEO plugin v20.5 - https:\/\/yoast.com\/wordpress\/plugins\/seo\/ -->\n<title>PPP &amp; Financement de projets - DS | HAMZI LAW FIRM<\/title>\n<meta name=\"robots\" content=\"index, follow, max-snippet:-1, max-image-preview:large, max-video-preview:-1\" \/>\n<link rel=\"canonical\" href=\"https:\/\/www.hlf.ma\/fr\/nos-expertises\/ppp-financement-de-projets\/\" \/>\n<meta property=\"og:locale\" content=\"fr_FR\" \/>\n<meta property=\"og:type\" content=\"article\" \/>\n<meta property=\"og:title\" content=\"PPP &amp; Financement de projets - DS | HAMZI LAW FIRM\" \/>\n<meta property=\"og:description\" content=\"[vc_row css_animation=&#8221;&#8221; row_type=&#8221;row&#8221; use_row_as_full_screen_section=&#8221;no&#8221; type=&#8221;full_width&#8221; angled_section=&#8221;no&#8221; text_align=&#8221;left&#8221; background_image_as_pattern=&#8221;without_pattern&#8221;][vc_column][vc_column_text] A la faveur du d\u00e9veloppement consid\u00e9rable qu\u2019ont connu les partenariats public-priv\u00e9 au Maroc, au cours des dix derni\u00e8res ann\u00e9es, DS-HLF est intervenu sur les principaux projets, de grande envergure, initi\u00e9s par le Royaume du Maroc, tant dans...\" \/>\n<meta property=\"og:url\" content=\"https:\/\/www.hlf.ma\/fr\/nos-expertises\/ppp-financement-de-projets\/\" \/>\n<meta property=\"og:site_name\" content=\"DS | HAMZI LAW FIRM\" \/>\n<meta property=\"article:modified_time\" content=\"2022-04-12T09:53:39+00:00\" \/>\n<meta name=\"twitter:card\" content=\"summary_large_image\" \/>\n<meta name=\"twitter:label1\" content=\"Est. reading time\" \/>\n\t<meta name=\"twitter:data1\" content=\"2 minutes\" \/>\n<script type=\"application\/ld+json\" class=\"yoast-schema-graph\">{\"@context\":\"https:\/\/schema.org\",\"@graph\":[{\"@type\":\"WebPage\",\"@id\":\"https:\/\/www.hlf.ma\/fr\/nos-expertises\/ppp-financement-de-projets\/\",\"url\":\"https:\/\/www.hlf.ma\/fr\/nos-expertises\/ppp-financement-de-projets\/\",\"name\":\"PPP & Financement de projets - DS | HAMZI LAW FIRM\",\"isPartOf\":{\"@id\":\"https:\/\/www.hlf.ma\/fr\/#website\"},\"datePublished\":\"2020-12-21T12:47:29+00:00\",\"dateModified\":\"2022-04-12T09:53:39+00:00\",\"breadcrumb\":{\"@id\":\"https:\/\/www.hlf.ma\/fr\/nos-expertises\/ppp-financement-de-projets\/#breadcrumb\"},\"inLanguage\":\"fr-FR\",\"potentialAction\":[{\"@type\":\"ReadAction\",\"target\":[\"https:\/\/www.hlf.ma\/fr\/nos-expertises\/ppp-financement-de-projets\/\"]}]},{\"@type\":\"BreadcrumbList\",\"@id\":\"https:\/\/www.hlf.ma\/fr\/nos-expertises\/ppp-financement-de-projets\/#breadcrumb\",\"itemListElement\":[{\"@type\":\"ListItem\",\"position\":1,\"name\":\"Home\",\"item\":\"https:\/\/www.hlf.ma\/fr\/\"},{\"@type\":\"ListItem\",\"position\":2,\"name\":\"Nos expertises\",\"item\":\"https:\/\/www.hlf.ma\/fr\/nos-expertises\/\"},{\"@type\":\"ListItem\",\"position\":3,\"name\":\"PPP &#038; Financement de projets\"}]},{\"@type\":\"WebSite\",\"@id\":\"https:\/\/www.hlf.ma\/fr\/#website\",\"url\":\"https:\/\/www.hlf.ma\/fr\/\",\"name\":\"DS | HAMZI LAW FIRM\",\"description\":\"Unis pour construire\",\"potentialAction\":[{\"@type\":\"SearchAction\",\"target\":{\"@type\":\"EntryPoint\",\"urlTemplate\":\"https:\/\/www.hlf.ma\/fr\/?s={search_term_string}\"},\"query-input\":\"required name=search_term_string\"}],\"inLanguage\":\"fr-FR\"}]}<\/script>\n<!-- \/ Yoast SEO plugin. -->","yoast_head_json":{"title":"PPP & Financement de projets - DS | HAMZI LAW FIRM","robots":{"index":"index","follow":"follow","max-snippet":"max-snippet:-1","max-image-preview":"max-image-preview:large","max-video-preview":"max-video-preview:-1"},"canonical":"https:\/\/www.hlf.ma\/fr\/nos-expertises\/ppp-financement-de-projets\/","og_locale":"fr_FR","og_type":"article","og_title":"PPP & Financement de projets - DS | HAMZI LAW FIRM","og_description":"[vc_row css_animation=&#8221;&#8221; row_type=&#8221;row&#8221; use_row_as_full_screen_section=&#8221;no&#8221; type=&#8221;full_width&#8221; angled_section=&#8221;no&#8221; text_align=&#8221;left&#8221; background_image_as_pattern=&#8221;without_pattern&#8221;][vc_column][vc_column_text] A la faveur du d\u00e9veloppement consid\u00e9rable qu\u2019ont connu les partenariats public-priv\u00e9 au Maroc, au cours des dix derni\u00e8res ann\u00e9es, DS-HLF est intervenu sur les principaux projets, de grande envergure, initi\u00e9s par le Royaume du Maroc, tant dans...","og_url":"https:\/\/www.hlf.ma\/fr\/nos-expertises\/ppp-financement-de-projets\/","og_site_name":"DS | HAMZI LAW FIRM","article_modified_time":"2022-04-12T09:53:39+00:00","twitter_card":"summary_large_image","twitter_misc":{"Est. reading time":"2 minutes"},"schema":{"@context":"https:\/\/schema.org","@graph":[{"@type":"WebPage","@id":"https:\/\/www.hlf.ma\/fr\/nos-expertises\/ppp-financement-de-projets\/","url":"https:\/\/www.hlf.ma\/fr\/nos-expertises\/ppp-financement-de-projets\/","name":"PPP & Financement de projets - DS | HAMZI LAW FIRM","isPartOf":{"@id":"https:\/\/www.hlf.ma\/fr\/#website"},"datePublished":"2020-12-21T12:47:29+00:00","dateModified":"2022-04-12T09:53:39+00:00","breadcrumb":{"@id":"https:\/\/www.hlf.ma\/fr\/nos-expertises\/ppp-financement-de-projets\/#breadcrumb"},"inLanguage":"fr-FR","potentialAction":[{"@type":"ReadAction","target":["https:\/\/www.hlf.ma\/fr\/nos-expertises\/ppp-financement-de-projets\/"]}]},{"@type":"BreadcrumbList","@id":"https:\/\/www.hlf.ma\/fr\/nos-expertises\/ppp-financement-de-projets\/#breadcrumb","itemListElement":[{"@type":"ListItem","position":1,"name":"Home","item":"https:\/\/www.hlf.ma\/fr\/"},{"@type":"ListItem","position":2,"name":"Nos expertises","item":"https:\/\/www.hlf.ma\/fr\/nos-expertises\/"},{"@type":"ListItem","position":3,"name":"PPP &#038; Financement de projets"}]},{"@type":"WebSite","@id":"https:\/\/www.hlf.ma\/fr\/#website","url":"https:\/\/www.hlf.ma\/fr\/","name":"DS | HAMZI LAW FIRM","description":"Unis pour construire","potentialAction":[{"@type":"SearchAction","target":{"@type":"EntryPoint","urlTemplate":"https:\/\/www.hlf.ma\/fr\/?s={search_term_string}"},"query-input":"required name=search_term_string"}],"inLanguage":"fr-FR"}]}},"_links":{"self":[{"href":"https:\/\/www.hlf.ma\/fr\/wp-json\/wp\/v2\/pages\/1142"}],"collection":[{"href":"https:\/\/www.hlf.ma\/fr\/wp-json\/wp\/v2\/pages"}],"about":[{"href":"https:\/\/www.hlf.ma\/fr\/wp-json\/wp\/v2\/types\/page"}],"author":[{"embeddable":true,"href":"https:\/\/www.hlf.ma\/fr\/wp-json\/wp\/v2\/users\/2"}],"replies":[{"embeddable":true,"href":"https:\/\/www.hlf.ma\/fr\/wp-json\/wp\/v2\/comments?post=1142"}],"version-history":[{"count":5,"href":"https:\/\/www.hlf.ma\/fr\/wp-json\/wp\/v2\/pages\/1142\/revisions"}],"predecessor-version":[{"id":1856,"href":"https:\/\/www.hlf.ma\/fr\/wp-json\/wp\/v2\/pages\/1142\/revisions\/1856"}],"up":[{"embeddable":true,"href":"https:\/\/www.hlf.ma\/fr\/wp-json\/wp\/v2\/pages\/1032"}],"wp:attachment":[{"href":"https:\/\/www.hlf.ma\/fr\/wp-json\/wp\/v2\/media?parent=1142"}],"curies":[{"name":"wp","href":"https:\/\/api.w.org\/{rel}","templated":true}]}}