{"id":1145,"date":"2020-12-21T12:49:25","date_gmt":"2020-12-21T12:49:25","guid":{"rendered":"https:\/\/www.hlf.ma\/nos-expertises\/droit-de-limmobilier-et-de-lurbanisme\/"},"modified":"2021-05-09T09:53:55","modified_gmt":"2021-05-09T09:53:55","slug":"industrie-du-tourisme-de-l-hotellerie","status":"publish","type":"page","link":"https:\/\/www.hlf.ma\/fr\/nos-expertises\/industrie-du-tourisme-de-l-hotellerie\/","title":{"rendered":"Industrie du Tourisme &#038; de l\u2019H\u00f4tellerie"},"content":{"rendered":"<p>[vc_row css_animation=&#8221;&#8221; row_type=&#8221;row&#8221; use_row_as_full_screen_section=&#8221;no&#8221; type=&#8221;full_width&#8221; angled_section=&#8221;no&#8221; text_align=&#8221;left&#8221; background_image_as_pattern=&#8221;without_pattern&#8221;][vc_column][vc_column_text el_class=&#8221;logo-list&#8221;]Conseil de groupes h\u00f4teliers internationaux d\u2019envergure, depuis plus de vingt ans, HLF a d\u00e9velopp\u00e9 une maitrise reconnue dans le domaine du tourisme et de l\u2019h\u00f4tellerie. Le cabinet assiste propri\u00e9taires, exploitants et promoteurs a toutes les \u00e9tapes du d\u00e9veloppement de leurs projets.<\/p>\n<p>&nbsp;<\/p>\n<p>Nos interventions couvrent un large \u00e9ventail d\u2019activit\u00e9s li\u00e9es \u00e0 l\u2019h\u00f4tellerie et au tourisme, dont celles de l\u2019h\u00f4tellerie de luxe et d\u2019affaires, des r\u00e9sidences h\u00f4teli\u00e8res, de l\u2019h\u00f4tellerie de plein air, des parcs d\u2019attractions et des complexes de loisirs.<\/p>\n<p>&nbsp;<\/p>\n<p>Nous fournissons \u00e9galement une assistance juridique en day-to-day sur tous sujets lies a la gestion quotidienne des unit\u00e9s h\u00f4teli\u00e8res exploit\u00e9es par nos clients.<\/p>\n<p>&nbsp;<\/p>\n<p>Nos clients nous sollicitent sur des questions et op\u00e9rations aussi vari\u00e9es que :<\/p>\n<p>&nbsp;<\/p>\n<ul>\n<li>La cr\u00e9ation et le fonctionnement de soci\u00e9t\u00e9s d\u2019exploitation h\u00f4teli\u00e8re et touristique ;<\/li>\n<li>Les acquisitions (lettres d\u2019intention, conventions d\u2019achat et de vente, conventions de transfert de droits de gestion h\u00f4teli\u00e8re) ;<\/li>\n<li>Les conventions de management h\u00f4telier ;<\/li>\n<li>La mise en place de franchises h\u00f4teli\u00e8res et de licences de marques ainsi que de contrats de pre-ouverture et de contrats d\u2019allotement ;<\/li>\n<li>Les contrats de construction et de promotion h\u00f4teli\u00e8re ;<\/li>\n<li>Les probl\u00e9matiques de droit du travail sp\u00e9cifiques aux domaines de l\u2019h\u00f4tellerie et du tourisme ;<\/li>\n<li>Les contrats de sous-traitance ;<\/li>\n<li>Les contrats d\u2019affiliation \u00e0 des chaines h\u00f4teli\u00e8res ;<\/li>\n<li>Les conventions de prestations de services (architectes, consultants, agences de voyage, \u2026.) ;<\/li>\n<li>La structuration d\u2019\u00e9tablissements h\u00f4teliers ou de loisirs a usage mixte ( h\u00f4tellerie et r\u00e9sidentiel) ;<\/li>\n<li>De mani\u00e8re g\u00e9n\u00e9rale, l\u2019assistance et le conseil sur tous les aspects lies \u00e0 la propri\u00e9t\u00e9, \u00e0 la construction et \u00e0 l\u2019exploitation d\u2019ensembles h\u00f4teliers ou de loisirs.<\/li>\n<\/ul>\n<p>[\/vc_column_text][vc_empty_space height=&#8221;45px&#8221;][\/vc_column][\/vc_row]<\/p>\n","protected":false},"excerpt":{"rendered":"<p>[vc_row css_animation=&#8221;&#8221; row_type=&#8221;row&#8221; use_row_as_full_screen_section=&#8221;no&#8221; type=&#8221;full_width&#8221; angled_section=&#8221;no&#8221; text_align=&#8221;left&#8221; background_image_as_pattern=&#8221;without_pattern&#8221;][vc_column][vc_column_text el_class=&#8221;logo-list&#8221;]Conseil de groupes h\u00f4teliers internationaux d\u2019envergure, depuis plus de vingt ans, HLF a d\u00e9velopp\u00e9 une maitrise reconnue dans le domaine du tourisme et de l\u2019h\u00f4tellerie. Le cabinet assiste propri\u00e9taires, exploitants et promoteurs a toutes les \u00e9tapes du&#8230;<\/p>\n","protected":false},"author":2,"featured_media":0,"parent":1032,"menu_order":0,"comment_status":"closed","ping_status":"closed","template":"","meta":{"inline_featured_image":false},"yoast_head":"<!-- This site is optimized with the Yoast SEO plugin v20.5 - https:\/\/yoast.com\/wordpress\/plugins\/seo\/ -->\n<title>Industrie du Tourisme &amp; de l\u2019H\u00f4tellerie - DS | HAMZI LAW FIRM<\/title>\n<meta name=\"robots\" content=\"index, follow, max-snippet:-1, max-image-preview:large, max-video-preview:-1\" \/>\n<link rel=\"canonical\" href=\"https:\/\/www.hlf.ma\/fr\/nos-expertises\/industrie-du-tourisme-de-l-hotellerie\/\" \/>\n<meta property=\"og:locale\" content=\"fr_FR\" \/>\n<meta property=\"og:type\" content=\"article\" \/>\n<meta property=\"og:title\" content=\"Industrie du Tourisme &amp; de l\u2019H\u00f4tellerie - DS | HAMZI LAW FIRM\" \/>\n<meta property=\"og:description\" content=\"[vc_row css_animation=&#8221;&#8221; row_type=&#8221;row&#8221; use_row_as_full_screen_section=&#8221;no&#8221; type=&#8221;full_width&#8221; angled_section=&#8221;no&#8221; text_align=&#8221;left&#8221; background_image_as_pattern=&#8221;without_pattern&#8221;][vc_column][vc_column_text el_class=&#8221;logo-list&#8221;]Conseil de groupes h\u00f4teliers internationaux d\u2019envergure, depuis plus de vingt ans, HLF a d\u00e9velopp\u00e9 une maitrise reconnue dans le domaine du tourisme et de l\u2019h\u00f4tellerie. Le cabinet assiste propri\u00e9taires, exploitants et promoteurs a toutes les \u00e9tapes du...\" \/>\n<meta property=\"og:url\" content=\"https:\/\/www.hlf.ma\/fr\/nos-expertises\/industrie-du-tourisme-de-l-hotellerie\/\" \/>\n<meta property=\"og:site_name\" content=\"DS | HAMZI LAW FIRM\" \/>\n<meta property=\"article:modified_time\" content=\"2021-05-09T09:53:55+00:00\" \/>\n<meta name=\"twitter:card\" content=\"summary_large_image\" \/>\n<meta name=\"twitter:label1\" content=\"Est. reading time\" \/>\n\t<meta name=\"twitter:data1\" content=\"2 minutes\" \/>\n<script type=\"application\/ld+json\" class=\"yoast-schema-graph\">{\"@context\":\"https:\/\/schema.org\",\"@graph\":[{\"@type\":\"WebPage\",\"@id\":\"https:\/\/www.hlf.ma\/fr\/nos-expertises\/industrie-du-tourisme-de-l-hotellerie\/\",\"url\":\"https:\/\/www.hlf.ma\/fr\/nos-expertises\/industrie-du-tourisme-de-l-hotellerie\/\",\"name\":\"Industrie du Tourisme & de l\u2019H\u00f4tellerie - DS | HAMZI LAW FIRM\",\"isPartOf\":{\"@id\":\"https:\/\/www.hlf.ma\/fr\/#website\"},\"datePublished\":\"2020-12-21T12:49:25+00:00\",\"dateModified\":\"2021-05-09T09:53:55+00:00\",\"breadcrumb\":{\"@id\":\"https:\/\/www.hlf.ma\/fr\/nos-expertises\/industrie-du-tourisme-de-l-hotellerie\/#breadcrumb\"},\"inLanguage\":\"fr-FR\",\"potentialAction\":[{\"@type\":\"ReadAction\",\"target\":[\"https:\/\/www.hlf.ma\/fr\/nos-expertises\/industrie-du-tourisme-de-l-hotellerie\/\"]}]},{\"@type\":\"BreadcrumbList\",\"@id\":\"https:\/\/www.hlf.ma\/fr\/nos-expertises\/industrie-du-tourisme-de-l-hotellerie\/#breadcrumb\",\"itemListElement\":[{\"@type\":\"ListItem\",\"position\":1,\"name\":\"Home\",\"item\":\"https:\/\/www.hlf.ma\/fr\/\"},{\"@type\":\"ListItem\",\"position\":2,\"name\":\"Nos expertises\",\"item\":\"https:\/\/www.hlf.ma\/fr\/nos-expertises\/\"},{\"@type\":\"ListItem\",\"position\":3,\"name\":\"Industrie du Tourisme &#038; de l\u2019H\u00f4tellerie\"}]},{\"@type\":\"WebSite\",\"@id\":\"https:\/\/www.hlf.ma\/fr\/#website\",\"url\":\"https:\/\/www.hlf.ma\/fr\/\",\"name\":\"DS | HAMZI LAW FIRM\",\"description\":\"Unis pour construire\",\"potentialAction\":[{\"@type\":\"SearchAction\",\"target\":{\"@type\":\"EntryPoint\",\"urlTemplate\":\"https:\/\/www.hlf.ma\/fr\/?s={search_term_string}\"},\"query-input\":\"required name=search_term_string\"}],\"inLanguage\":\"fr-FR\"}]}<\/script>\n<!-- \/ Yoast SEO plugin. -->","yoast_head_json":{"title":"Industrie du Tourisme & de l\u2019H\u00f4tellerie - DS | HAMZI LAW FIRM","robots":{"index":"index","follow":"follow","max-snippet":"max-snippet:-1","max-image-preview":"max-image-preview:large","max-video-preview":"max-video-preview:-1"},"canonical":"https:\/\/www.hlf.ma\/fr\/nos-expertises\/industrie-du-tourisme-de-l-hotellerie\/","og_locale":"fr_FR","og_type":"article","og_title":"Industrie du Tourisme & de l\u2019H\u00f4tellerie - DS | HAMZI LAW FIRM","og_description":"[vc_row css_animation=&#8221;&#8221; row_type=&#8221;row&#8221; use_row_as_full_screen_section=&#8221;no&#8221; type=&#8221;full_width&#8221; angled_section=&#8221;no&#8221; text_align=&#8221;left&#8221; background_image_as_pattern=&#8221;without_pattern&#8221;][vc_column][vc_column_text el_class=&#8221;logo-list&#8221;]Conseil de groupes h\u00f4teliers internationaux d\u2019envergure, depuis plus de vingt ans, HLF a d\u00e9velopp\u00e9 une maitrise reconnue dans le domaine du tourisme et de l\u2019h\u00f4tellerie. Le cabinet assiste propri\u00e9taires, exploitants et promoteurs a toutes les \u00e9tapes du...","og_url":"https:\/\/www.hlf.ma\/fr\/nos-expertises\/industrie-du-tourisme-de-l-hotellerie\/","og_site_name":"DS | HAMZI LAW FIRM","article_modified_time":"2021-05-09T09:53:55+00:00","twitter_card":"summary_large_image","twitter_misc":{"Est. reading time":"2 minutes"},"schema":{"@context":"https:\/\/schema.org","@graph":[{"@type":"WebPage","@id":"https:\/\/www.hlf.ma\/fr\/nos-expertises\/industrie-du-tourisme-de-l-hotellerie\/","url":"https:\/\/www.hlf.ma\/fr\/nos-expertises\/industrie-du-tourisme-de-l-hotellerie\/","name":"Industrie du Tourisme & de l\u2019H\u00f4tellerie - DS | HAMZI LAW FIRM","isPartOf":{"@id":"https:\/\/www.hlf.ma\/fr\/#website"},"datePublished":"2020-12-21T12:49:25+00:00","dateModified":"2021-05-09T09:53:55+00:00","breadcrumb":{"@id":"https:\/\/www.hlf.ma\/fr\/nos-expertises\/industrie-du-tourisme-de-l-hotellerie\/#breadcrumb"},"inLanguage":"fr-FR","potentialAction":[{"@type":"ReadAction","target":["https:\/\/www.hlf.ma\/fr\/nos-expertises\/industrie-du-tourisme-de-l-hotellerie\/"]}]},{"@type":"BreadcrumbList","@id":"https:\/\/www.hlf.ma\/fr\/nos-expertises\/industrie-du-tourisme-de-l-hotellerie\/#breadcrumb","itemListElement":[{"@type":"ListItem","position":1,"name":"Home","item":"https:\/\/www.hlf.ma\/fr\/"},{"@type":"ListItem","position":2,"name":"Nos expertises","item":"https:\/\/www.hlf.ma\/fr\/nos-expertises\/"},{"@type":"ListItem","position":3,"name":"Industrie du Tourisme &#038; de l\u2019H\u00f4tellerie"}]},{"@type":"WebSite","@id":"https:\/\/www.hlf.ma\/fr\/#website","url":"https:\/\/www.hlf.ma\/fr\/","name":"DS | HAMZI LAW FIRM","description":"Unis pour construire","potentialAction":[{"@type":"SearchAction","target":{"@type":"EntryPoint","urlTemplate":"https:\/\/www.hlf.ma\/fr\/?s={search_term_string}"},"query-input":"required name=search_term_string"}],"inLanguage":"fr-FR"}]}},"_links":{"self":[{"href":"https:\/\/www.hlf.ma\/fr\/wp-json\/wp\/v2\/pages\/1145"}],"collection":[{"href":"https:\/\/www.hlf.ma\/fr\/wp-json\/wp\/v2\/pages"}],"about":[{"href":"https:\/\/www.hlf.ma\/fr\/wp-json\/wp\/v2\/types\/page"}],"author":[{"embeddable":true,"href":"https:\/\/www.hlf.ma\/fr\/wp-json\/wp\/v2\/users\/2"}],"replies":[{"embeddable":true,"href":"https:\/\/www.hlf.ma\/fr\/wp-json\/wp\/v2\/comments?post=1145"}],"version-history":[{"count":5,"href":"https:\/\/www.hlf.ma\/fr\/wp-json\/wp\/v2\/pages\/1145\/revisions"}],"predecessor-version":[{"id":1644,"href":"https:\/\/www.hlf.ma\/fr\/wp-json\/wp\/v2\/pages\/1145\/revisions\/1644"}],"up":[{"embeddable":true,"href":"https:\/\/www.hlf.ma\/fr\/wp-json\/wp\/v2\/pages\/1032"}],"wp:attachment":[{"href":"https:\/\/www.hlf.ma\/fr\/wp-json\/wp\/v2\/media?parent=1145"}],"curies":[{"name":"wp","href":"https:\/\/api.w.org\/{rel}","templated":true}]}}